

{"id":89545,"date":"2024-07-26T16:18:17","date_gmt":"2024-07-26T16:18:17","guid":{"rendered":"https:\/\/new.aavesa.com\/produs\/ferfi-baranybor-kabat-321\/"},"modified":"2025-11-17T06:24:16","modified_gmt":"2025-11-17T06:24:16","slug":"ferfi-baranybor-kabat-321","status":"publish","type":"product","link":"https:\/\/aavesa.com\/hu\/product\/ferfi-baranybor-kabat-321\/","title":{"rendered":"F\u00e9rfi b\u00e1r\u00e1nyb\u0151r kab\u00e1t 321"},"content":{"rendered":"<p>F\u00e9rfi hossz\u00fa kab\u00e1t b\u00e1r\u00e1nysz\u0151rm\u00e9b\u0151l.<br \/>\nK\u00edv\u00fclr\u0151l b\u00e1r\u00e1ny nappab\u0151rb\u0151l k\u00e9sz\u00fclt, k\u00f6nnyen karbantarthat\u00f3, nedvess\u00e9g- \u00e9s szennyez\u0151d\u00e9s\u00e1ll\u00f3, bel\u00fclr\u0151l pedig ny\u00edrt b\u00e1r\u00e1ny merin\u00f3 sz\u0151rme, melynek vastags\u00e1ga 8 mm a legjobb k\u00e9nyelem \u00e9rdek\u00e9ben. A gall\u00e9r merin\u00f3b\u00e1r\u00e1ny sz\u0151rm\u00e9b\u0151l k\u00e9sz\u00fclt, szeg\u00e9lyezett. A kab\u00e1t kialak\u00edt\u00e1s\u00e1nak fontos r\u00e9szletei az egyszer\u0171 vonalak \u00e9s \u00f6lt\u00e9sek, amelyek sokoldal\u00fav\u00e1 teszik a modellt, valamint a zsebeken tal\u00e1lhat\u00f3 v\u00e1logatott gombok.<br \/>\nA b\u00e1r\u00e1nyb\u0151r kab\u00e1t z\u00e1r\u00f3rendszere \u00f6t gombbal k\u00e9sz\u00fcl, \u00e9s k\u00e9t sz\u00ednben, vil\u00e1gosbarn\u00e1ban vagy feket\u00e9ben kaphat\u00f3.<\/p>\n","protected":false},"excerpt":{"rendered":"<p>F\u00e9rfi hossz\u00fa kab\u00e1t b\u00e1r\u00e1nysz\u0151rm\u00e9b\u0151l. K\u00edv\u00fclr\u0151l b\u00e1r\u00e1ny nappab\u0151rb\u0151l k\u00e9sz\u00fclt, k\u00f6nnyen karbantarthat\u00f3, nedvess\u00e9g- \u00e9s szennyez\u0151d\u00e9s\u00e1ll\u00f3, bel\u00fclr\u0151l pedig ny\u00edrt b\u00e1r\u00e1ny merin\u00f3 sz\u0151rme, melynek vastags\u00e1ga 8 mm a legjobb k\u00e9nyelem \u00e9rdek\u00e9ben. A gall\u00e9r merin\u00f3b\u00e1r\u00e1ny sz\u0151rm\u00e9b\u0151l k\u00e9sz\u00fclt, szeg\u00e9lyezett. A kab\u00e1t kialak\u00edt\u00e1s\u00e1nak fontos r\u00e9szletei az egyszer\u0171 vonalak \u00e9s \u00f6lt\u00e9sek, amelyek sokoldal\u00fav\u00e1 teszik a modellt, valamint a zsebeken tal\u00e1lhat\u00f3 v\u00e1logatott gombok. A [&hellip;]<\/p>\n","protected":false},"featured_media":80250,"comment_status":"open","ping_status":"closed","template":"","meta":{"_acf_changed":false,"om_disable_all_campaigns":false,"inline_featured_image":false,"_monsterinsights_skip_tracking":false,"_monsterinsights_sitenote_active":false,"_monsterinsights_sitenote_note":"","_monsterinsights_sitenote_category":0},"product_brand":[],"product_cat":[778,725,777],"product_tag":[],"class_list":{"0":"post-89545","1":"product","2":"type-product","3":"status-publish","4":"has-post-thumbnail","6":"product_cat-baranybor-kabatok-hu","7":"product_cat-ferfiak","8":"product_cat-shearling-kabatok-ferfiaknak-ferfiak","10":"first","11":"outofstock","12":"taxable","13":"shipping-taxable","14":"product-type-variable","15":"has-default-attributes","16":"wvs-archive-product-wrapper"},"acf":{"categorie_feed":""},"aioseo_notices":[],"_links":{"self":[{"href":"https:\/\/aavesa.com\/hu\/wp-json\/wp\/v2\/product\/89545","targetHints":{"allow":["GET"]}}],"collection":[{"href":"https:\/\/aavesa.com\/hu\/wp-json\/wp\/v2\/product"}],"about":[{"href":"https:\/\/aavesa.com\/hu\/wp-json\/wp\/v2\/types\/product"}],"replies":[{"embeddable":true,"href":"https:\/\/aavesa.com\/hu\/wp-json\/wp\/v2\/comments?post=89545"}],"wp:featuredmedia":[{"embeddable":true,"href":"https:\/\/aavesa.com\/hu\/wp-json\/wp\/v2\/media\/80250"}],"wp:attachment":[{"href":"https:\/\/aavesa.com\/hu\/wp-json\/wp\/v2\/media?parent=89545"}],"wp:term":[{"taxonomy":"product_brand","embeddable":true,"href":"https:\/\/aavesa.com\/hu\/wp-json\/wp\/v2\/product_brand?post=89545"},{"taxonomy":"product_cat","embeddable":true,"href":"https:\/\/aavesa.com\/hu\/wp-json\/wp\/v2\/product_cat?post=89545"},{"taxonomy":"product_tag","embeddable":true,"href":"https:\/\/aavesa.com\/hu\/wp-json\/wp\/v2\/product_tag?post=89545"}],"curies":[{"name":"wp","href":"https:\/\/api.w.org\/{rel}","templated":true}]}}