

{"id":89548,"date":"2024-07-26T16:18:17","date_gmt":"2024-07-26T16:18:17","guid":{"rendered":"https:\/\/new.aavesa.com\/produs\/ferfi-nyirokabat-322\/"},"modified":"2025-11-17T06:24:15","modified_gmt":"2025-11-17T06:24:15","slug":"ferfi-nyirokabat-322","status":"publish","type":"product","link":"https:\/\/aavesa.com\/hu\/product\/ferfi-nyirokabat-322\/","title":{"rendered":"F\u00e9rfi ny\u00edr\u00f3kab\u00e1t 322"},"content":{"rendered":"<p>F\u00e9rfiak sz\u00e1m\u00e1ra tervezett, term\u00e9szetes sz\u0151rm\u00e9b\u0151l k\u00e9sz\u00fclt, k\u00f6zepes hossz\u00fas\u00e1g\u00fa kab\u00e1t. A k\u00fcls\u0151 r\u00e9sz juhb\u0151r-nappab\u0151rb\u0151l k\u00e9sz\u00fclt, amely ellen\u00e1ll a nedvess\u00e9gnek \u00e9s a szennyez\u0151d\u00e9seknek, a bels\u0151 r\u00e9sz pedig 8 mm vastags\u00e1g\u00fa ny\u00edrt b\u00e1r\u00e1ny merin\u00f3b\u00f3l k\u00e9sz\u00fclt a legjobb k\u00e9nyelem \u00e9rdek\u00e9ben. A gall\u00e9r term\u00e9szetes b\u00e1r\u00e1nysz\u0151rb\u0151l k\u00e9sz\u00fclt, 8 mm vastags\u00e1g\u00fara ny\u00edrva. A kab\u00e1t egyszer\u0171 vonalakkal, alkalmi kialak\u00edt\u00e1ssal, zsebekkel rendelkezik, \u00e9s 3 dupl\u00e1zott mellkasi gombbal z\u00e1r\u00f3dik.<br \/>\nA term\u00e9szetes b\u00e1r\u00e1nyb\u0151r kab\u00e1t sz\u00fcrke sz\u00ednben rendelhet\u0151, k\u00f6nnyen illeszkedik a ruhat\u00e1r\u00e1ba b\u00e1rmilyen esem\u00e9nyre, vagy csak mindennapi haszn\u00e1latra.<\/p>\n","protected":false},"excerpt":{"rendered":"<p>F\u00e9rfiak sz\u00e1m\u00e1ra tervezett, term\u00e9szetes sz\u0151rm\u00e9b\u0151l k\u00e9sz\u00fclt, k\u00f6zepes hossz\u00fas\u00e1g\u00fa kab\u00e1t. A k\u00fcls\u0151 r\u00e9sz juhb\u0151r-nappab\u0151rb\u0151l k\u00e9sz\u00fclt, amely ellen\u00e1ll a nedvess\u00e9gnek \u00e9s a szennyez\u0151d\u00e9seknek, a bels\u0151 r\u00e9sz pedig 8 mm vastags\u00e1g\u00fa ny\u00edrt b\u00e1r\u00e1ny merin\u00f3b\u00f3l k\u00e9sz\u00fclt a legjobb k\u00e9nyelem \u00e9rdek\u00e9ben. A gall\u00e9r term\u00e9szetes b\u00e1r\u00e1nysz\u0151rb\u0151l k\u00e9sz\u00fclt, 8 mm vastags\u00e1g\u00fara ny\u00edrva. A kab\u00e1t egyszer\u0171 vonalakkal, alkalmi kialak\u00edt\u00e1ssal, zsebekkel rendelkezik, \u00e9s 3 [&hellip;]<\/p>\n","protected":false},"featured_media":80260,"comment_status":"open","ping_status":"closed","template":"","meta":{"_acf_changed":false,"om_disable_all_campaigns":false,"inline_featured_image":false,"_monsterinsights_skip_tracking":false,"_monsterinsights_sitenote_active":false,"_monsterinsights_sitenote_note":"","_monsterinsights_sitenote_category":0},"product_brand":[],"product_cat":[778,725,777],"product_tag":[],"class_list":{"0":"post-89548","1":"product","2":"type-product","3":"status-publish","4":"has-post-thumbnail","6":"product_cat-baranybor-kabatok-hu","7":"product_cat-ferfiak","8":"product_cat-shearling-kabatok-ferfiaknak-ferfiak","10":"first","11":"outofstock","12":"taxable","13":"shipping-taxable","14":"product-type-variable","15":"has-default-attributes","16":"wvs-archive-product-wrapper"},"acf":{"categorie_feed":""},"aioseo_notices":[],"_links":{"self":[{"href":"https:\/\/aavesa.com\/hu\/wp-json\/wp\/v2\/product\/89548","targetHints":{"allow":["GET"]}}],"collection":[{"href":"https:\/\/aavesa.com\/hu\/wp-json\/wp\/v2\/product"}],"about":[{"href":"https:\/\/aavesa.com\/hu\/wp-json\/wp\/v2\/types\/product"}],"replies":[{"embeddable":true,"href":"https:\/\/aavesa.com\/hu\/wp-json\/wp\/v2\/comments?post=89548"}],"wp:featuredmedia":[{"embeddable":true,"href":"https:\/\/aavesa.com\/hu\/wp-json\/wp\/v2\/media\/80260"}],"wp:attachment":[{"href":"https:\/\/aavesa.com\/hu\/wp-json\/wp\/v2\/media?parent=89548"}],"wp:term":[{"taxonomy":"product_brand","embeddable":true,"href":"https:\/\/aavesa.com\/hu\/wp-json\/wp\/v2\/product_brand?post=89548"},{"taxonomy":"product_cat","embeddable":true,"href":"https:\/\/aavesa.com\/hu\/wp-json\/wp\/v2\/product_cat?post=89548"},{"taxonomy":"product_tag","embeddable":true,"href":"https:\/\/aavesa.com\/hu\/wp-json\/wp\/v2\/product_tag?post=89548"}],"curies":[{"name":"wp","href":"https:\/\/api.w.org\/{rel}","templated":true}]}}