

{"id":89553,"date":"2024-07-26T16:18:17","date_gmt":"2024-07-26T16:18:17","guid":{"rendered":"https:\/\/new.aavesa.com\/produs\/ferfi-baranybor-kabat-324\/"},"modified":"2026-04-10T15:08:52","modified_gmt":"2026-04-10T17:08:52","slug":"ferfi-baranybor-kabat-324","status":"publish","type":"product","link":"https:\/\/aavesa.com\/hu\/product\/ferfi-baranybor-kabat-324\/","title":{"rendered":"F\u00e9rfi b\u00e1r\u00e1nyb\u0151r kab\u00e1t 324"},"content":{"rendered":"<p>F\u00e9rfi r\u00f6vid kab\u00e1t, term\u00e9szetes b\u00e1r\u00e1nyb\u0151rb\u0151l.<br \/>\nA k\u00fcls\u0151 kab\u00e1t b\u00e1r\u00e1ny nappab\u0151rb\u0151l k\u00e9sz\u00fclt, k\u00f6nnyen tiszt\u00edthat\u00f3, tart\u00f3s, nedvess\u00e9g- \u00e9s szennyez\u0151d\u00e9s\u00e1ll\u00f3, a bels\u0151 r\u00e9sz pedig 8 mm vastags\u00e1g\u00fa b\u00e1r\u00e1nyb\u0151r merin\u00f3b\u00f3l k\u00e9sz\u00fclt, egy\u00fcttesen biztos\u00edtj\u00e1k a k\u00e9nyelmet \u00e9s a tart\u00f3ss\u00e1got. A kab\u00e1t egyszer\u0171 vonalakkal \u00e9s egyedi varr\u00e1ssal rendelkezik, alkalmi modell, amelyet b\u00e1rmilyen esem\u00e9nyen vagy napi haszn\u00e1latra haszn\u00e1lhat. Ez a modell magas gall\u00e9rral \u00e9s cipz\u00e1rral z\u00e1r\u00f3d\u00f3 zsebekkel rendelkezik.<br \/>\nA kab\u00e1t cipz\u00e1rral z\u00e1r\u00f3dik, a rendelhet\u0151 sz\u00ednek pedig sz\u00fcrke vagy barna.<\/p>\n","protected":false},"excerpt":{"rendered":"<p>F\u00e9rfi r\u00f6vid kab\u00e1t, term\u00e9szetes b\u00e1r\u00e1nyb\u0151rb\u0151l. A k\u00fcls\u0151 kab\u00e1t b\u00e1r\u00e1ny nappab\u0151rb\u0151l k\u00e9sz\u00fclt, k\u00f6nnyen tiszt\u00edthat\u00f3, tart\u00f3s, nedvess\u00e9g- \u00e9s szennyez\u0151d\u00e9s\u00e1ll\u00f3, a bels\u0151 r\u00e9sz pedig 8 mm vastags\u00e1g\u00fa b\u00e1r\u00e1nyb\u0151r merin\u00f3b\u00f3l k\u00e9sz\u00fclt, egy\u00fcttesen biztos\u00edtj\u00e1k a k\u00e9nyelmet \u00e9s a tart\u00f3ss\u00e1got. A kab\u00e1t egyszer\u0171 vonalakkal \u00e9s egyedi varr\u00e1ssal rendelkezik, alkalmi modell, amelyet b\u00e1rmilyen esem\u00e9nyen vagy napi haszn\u00e1latra haszn\u00e1lhat. Ez a modell magas [&hellip;]<\/p>\n","protected":false},"featured_media":80272,"comment_status":"open","ping_status":"closed","template":"","meta":{"_acf_changed":false,"om_disable_all_campaigns":false,"inline_featured_image":false,"_monsterinsights_skip_tracking":false,"_monsterinsights_sitenote_active":false,"_monsterinsights_sitenote_note":"","_monsterinsights_sitenote_category":0},"product_brand":[],"product_cat":[780,952,725,772],"product_tag":[],"class_list":{"0":"post-89553","1":"product","2":"type-product","3":"status-publish","4":"has-post-thumbnail","6":"product_cat-baranybor-kabatok-hu-2","7":"product_cat-ferfi-es-noi-pehelypaplan-dzsekik-a-luxus-es-a-melegseg-vegso-kevereke","8":"product_cat-ferfiak","9":"product_cat-shearling-kabatok-ferfiaknak","11":"first","12":"outofstock","13":"taxable","14":"shipping-taxable","15":"product-type-variable","16":"has-default-attributes","17":"wvs-archive-product-wrapper"},"acf":{"categorie_feed":""},"aioseo_notices":[],"_links":{"self":[{"href":"https:\/\/aavesa.com\/hu\/wp-json\/wp\/v2\/product\/89553","targetHints":{"allow":["GET"]}}],"collection":[{"href":"https:\/\/aavesa.com\/hu\/wp-json\/wp\/v2\/product"}],"about":[{"href":"https:\/\/aavesa.com\/hu\/wp-json\/wp\/v2\/types\/product"}],"replies":[{"embeddable":true,"href":"https:\/\/aavesa.com\/hu\/wp-json\/wp\/v2\/comments?post=89553"}],"wp:featuredmedia":[{"embeddable":true,"href":"https:\/\/aavesa.com\/hu\/wp-json\/wp\/v2\/media\/80272"}],"wp:attachment":[{"href":"https:\/\/aavesa.com\/hu\/wp-json\/wp\/v2\/media?parent=89553"}],"wp:term":[{"taxonomy":"product_brand","embeddable":true,"href":"https:\/\/aavesa.com\/hu\/wp-json\/wp\/v2\/product_brand?post=89553"},{"taxonomy":"product_cat","embeddable":true,"href":"https:\/\/aavesa.com\/hu\/wp-json\/wp\/v2\/product_cat?post=89553"},{"taxonomy":"product_tag","embeddable":true,"href":"https:\/\/aavesa.com\/hu\/wp-json\/wp\/v2\/product_tag?post=89553"}],"curies":[{"name":"wp","href":"https:\/\/api.w.org\/{rel}","templated":true}]}}