

{"id":89561,"date":"2024-07-26T16:18:17","date_gmt":"2024-07-26T16:18:17","guid":{"rendered":"https:\/\/new.aavesa.com\/produs\/noi-szorme-melleny-412-p\/"},"modified":"2025-11-17T06:24:09","modified_gmt":"2025-11-17T06:24:09","slug":"noi-szorme-melleny-412-p","status":"publish","type":"product","link":"https:\/\/aavesa.com\/hu\/product\/noi-szorme-melleny-412-p\/","title":{"rendered":"N\u0151i sz\u0151rme mell\u00e9ny 412 P"},"content":{"rendered":"<p>B\u0151rb\u0151l \u00e9s b\u00e1r\u00e1ny merin\u00f3b\u00f3l k\u00e9sz\u00fclt mell\u00e9ny az A &amp; A n\u0151i kollekci\u00f3b\u00f3l.<br \/>\nA mell\u00e9ny r\u00e9szleteit a &#8222;Peter Pan&#8221; st\u00edlus\u00fa gall\u00e9r \u00e9s a gall\u00e9rhoz v\u00e1lasztott anyag, a b\u00e1r\u00e1nysz\u0151rme, v\u00e1gatlan, n\u0151i \u00e9s modern konstrukci\u00f3 adja. A varr\u00e1ssal k\u00e9sz\u00fclt r\u00e9szletek csod\u00e1latos sziluettet alkotnak, \u00e9s v\u00e9kony der\u00e9kvonalat k\u00f6lcs\u00f6n\u00f6znek. K\u00fcls\u0151 r\u00e9sze nappab\u0151rb\u0151l k\u00e9sz\u00fclt, amely ellen\u00e1ll a nedvess\u00e9gnek \u00e9s a szennyez\u0151d\u00e9seknek, bels\u0151 r\u00e9sze pedig 8 mm vastags\u00e1g\u00fa b\u00e1r\u00e1nyb\u0151r merin\u00f3b\u0151rrel van szeg\u00e9lyezve, amely j\u00f3 szigetel\u00e9st biztos\u00edt a hideg h\u0151m\u00e9rs\u00e9klet ellen.<br \/>\nA mell\u00e9ny n\u00e9gy kapcsokkal z\u00e1r\u00f3dik, \u00e9s a k\u00f6vetkez\u0151 sz\u00ednekben v\u00e1s\u00e1rolhat\u00f3 meg: vil\u00e1gosbarna vagy fekete.<\/p>\n","protected":false},"excerpt":{"rendered":"<p>B\u0151rb\u0151l \u00e9s b\u00e1r\u00e1ny merin\u00f3b\u00f3l k\u00e9sz\u00fclt mell\u00e9ny az A &amp; A n\u0151i kollekci\u00f3b\u00f3l. A mell\u00e9ny r\u00e9szleteit a &#8222;Peter Pan&#8221; st\u00edlus\u00fa gall\u00e9r \u00e9s a gall\u00e9rhoz v\u00e1lasztott anyag, a b\u00e1r\u00e1nysz\u0151rme, v\u00e1gatlan, n\u0151i \u00e9s modern konstrukci\u00f3 adja. A varr\u00e1ssal k\u00e9sz\u00fclt r\u00e9szletek csod\u00e1latos sziluettet alkotnak, \u00e9s v\u00e9kony der\u00e9kvonalat k\u00f6lcs\u00f6n\u00f6znek. K\u00fcls\u0151 r\u00e9sze nappab\u0151rb\u0151l k\u00e9sz\u00fclt, amely ellen\u00e1ll a nedvess\u00e9gnek \u00e9s a szennyez\u0151d\u00e9seknek, [&hellip;]<\/p>\n","protected":false},"featured_media":80306,"comment_status":"open","ping_status":"closed","template":"","meta":{"_acf_changed":false,"om_disable_all_campaigns":false,"inline_featured_image":false,"_monsterinsights_skip_tracking":false,"_monsterinsights_sitenote_active":false,"_monsterinsights_sitenote_note":"","_monsterinsights_sitenote_category":0},"product_brand":[],"product_cat":[793],"product_tag":[],"class_list":{"0":"post-89561","1":"product","2":"type-product","3":"status-publish","4":"has-post-thumbnail","6":"product_cat-shearling-mellenyek-es-bundas-mellenyek-noknek","8":"first","9":"outofstock","10":"taxable","11":"shipping-taxable","12":"product-type-variable","13":"has-default-attributes","14":"wvs-archive-product-wrapper"},"acf":{"categorie_feed":""},"aioseo_notices":[],"_links":{"self":[{"href":"https:\/\/aavesa.com\/hu\/wp-json\/wp\/v2\/product\/89561","targetHints":{"allow":["GET"]}}],"collection":[{"href":"https:\/\/aavesa.com\/hu\/wp-json\/wp\/v2\/product"}],"about":[{"href":"https:\/\/aavesa.com\/hu\/wp-json\/wp\/v2\/types\/product"}],"replies":[{"embeddable":true,"href":"https:\/\/aavesa.com\/hu\/wp-json\/wp\/v2\/comments?post=89561"}],"wp:featuredmedia":[{"embeddable":true,"href":"https:\/\/aavesa.com\/hu\/wp-json\/wp\/v2\/media\/80306"}],"wp:attachment":[{"href":"https:\/\/aavesa.com\/hu\/wp-json\/wp\/v2\/media?parent=89561"}],"wp:term":[{"taxonomy":"product_brand","embeddable":true,"href":"https:\/\/aavesa.com\/hu\/wp-json\/wp\/v2\/product_brand?post=89561"},{"taxonomy":"product_cat","embeddable":true,"href":"https:\/\/aavesa.com\/hu\/wp-json\/wp\/v2\/product_cat?post=89561"},{"taxonomy":"product_tag","embeddable":true,"href":"https:\/\/aavesa.com\/hu\/wp-json\/wp\/v2\/product_tag?post=89561"}],"curies":[{"name":"wp","href":"https:\/\/api.w.org\/{rel}","templated":true}]}}