

{"id":89566,"date":"2024-07-26T16:18:17","date_gmt":"2024-07-26T16:18:17","guid":{"rendered":"https:\/\/new.aavesa.com\/produs\/noi-szorme-melleny-414-p\/"},"modified":"2026-04-05T17:54:47","modified_gmt":"2026-04-05T19:54:47","slug":"noi-szorme-melleny-414-p","status":"publish","type":"product","link":"https:\/\/aavesa.com\/hu\/product\/noi-szorme-melleny-414-p\/","title":{"rendered":"N\u0151i sz\u0151rme mell\u00e9ny vP"},"content":{"rendered":"<p>N\u0151i mell\u00e9ny, term\u00e9szetes b\u00e1r\u00e1nyb\u0151r felhaszn\u00e1l\u00e1s\u00e1val.<br \/>\nA k\u00fclseje b\u00e1r\u00e1ny-nappab\u0151rb\u0151l, a belseje pedig sz\u0151rme b\u00e1r\u00e1ny merin\u00f3b\u00f3l k\u00e9sz\u00fclt. Ez a ruhadarab egyszer\u0171 \u00e9s n\u0151ies szab\u00e1ssal rendelkezik, \u00e9s egy sz\u00e9p r\u00e9szletet ad a b\u0151s\u00e9ges gall\u00e9r sz\u00e9les hajt\u00f3k\u00e1val, b\u00e1r\u00e1nysz\u0151rb\u0151l k\u00e9sz\u00fclt, v\u00e1gatlan, a r\u00e9szlet t\u00f6k\u00e9letes v\u00e1laszt\u00e1ss\u00e1 teszi ezt a kab\u00e1tot, hogy kit\u0171nj\u00f6n a t\u00f6megb\u0151l. A <a href=\"https:\/\/aavesa.com\/hu\/nok\/shearling-mellenyek-es-bundas-mellenyek-noknek\/\">n\u0151i sz\u0151rmemell\u00e9ny<\/a> mindk\u00e9t oldalon, a mell\u00e9ny k\u00f6zep\u00e9n varrt h\u00faz\u00f3zsin\u00f3rral z\u00e1r\u00f3dik,ez egy eleg\u00e1ns \u00e9s praktikus r\u00e9szlet.<br \/>\nA term\u00e9szetes sz\u0151rm\u00e9b\u0151l k\u00e9sz\u00fclt modellhez el\u00e9rhet\u0151 sz\u00ednek: b\u00e9zs, sz\u00fcrke, barna, s\u00f6t\u00e9tsz\u00fcrke \u00e9s fekete. <\/p>\n","protected":false},"excerpt":{"rendered":"<p>N\u0151i mell\u00e9ny, term\u00e9szetes b\u00e1r\u00e1nyb\u0151r felhaszn\u00e1l\u00e1s\u00e1val. A k\u00fclseje b\u00e1r\u00e1ny-nappab\u0151rb\u0151l, a belseje pedig sz\u0151rme b\u00e1r\u00e1ny merin\u00f3b\u00f3l k\u00e9sz\u00fclt. Ez a ruhadarab egyszer\u0171 \u00e9s n\u0151ies szab\u00e1ssal rendelkezik, \u00e9s egy sz\u00e9p r\u00e9szletet ad a b\u0151s\u00e9ges gall\u00e9r sz\u00e9les hajt\u00f3k\u00e1val, b\u00e1r\u00e1nysz\u0151rb\u0151l k\u00e9sz\u00fclt, v\u00e1gatlan, a r\u00e9szlet t\u00f6k\u00e9letes v\u00e1laszt\u00e1ss\u00e1 teszi ezt a kab\u00e1tot, hogy kit\u0171nj\u00f6n a t\u00f6megb\u0151l. A n\u0151i sz\u0151rmemell\u00e9ny mindk\u00e9t oldalon, a mell\u00e9ny [&hellip;]<\/p>\n","protected":false},"featured_media":80330,"comment_status":"open","ping_status":"closed","template":"","meta":{"_acf_changed":false,"om_disable_all_campaigns":false,"inline_featured_image":false,"_monsterinsights_skip_tracking":false,"_monsterinsights_sitenote_active":false,"_monsterinsights_sitenote_note":"","_monsterinsights_sitenote_category":0},"product_brand":[],"product_cat":[793],"product_tag":[],"class_list":{"0":"post-89566","1":"product","2":"type-product","3":"status-publish","4":"has-post-thumbnail","6":"product_cat-shearling-mellenyek-es-bundas-mellenyek-noknek","8":"first","9":"instock","10":"taxable","11":"shipping-taxable","12":"purchasable","13":"product-type-variable","14":"has-default-attributes","15":"wvs-archive-product-wrapper"},"acf":{"categorie_feed":""},"aioseo_notices":[],"_links":{"self":[{"href":"https:\/\/aavesa.com\/hu\/wp-json\/wp\/v2\/product\/89566","targetHints":{"allow":["GET"]}}],"collection":[{"href":"https:\/\/aavesa.com\/hu\/wp-json\/wp\/v2\/product"}],"about":[{"href":"https:\/\/aavesa.com\/hu\/wp-json\/wp\/v2\/types\/product"}],"replies":[{"embeddable":true,"href":"https:\/\/aavesa.com\/hu\/wp-json\/wp\/v2\/comments?post=89566"}],"wp:featuredmedia":[{"embeddable":true,"href":"https:\/\/aavesa.com\/hu\/wp-json\/wp\/v2\/media\/80330"}],"wp:attachment":[{"href":"https:\/\/aavesa.com\/hu\/wp-json\/wp\/v2\/media?parent=89566"}],"wp:term":[{"taxonomy":"product_brand","embeddable":true,"href":"https:\/\/aavesa.com\/hu\/wp-json\/wp\/v2\/product_brand?post=89566"},{"taxonomy":"product_cat","embeddable":true,"href":"https:\/\/aavesa.com\/hu\/wp-json\/wp\/v2\/product_cat?post=89566"},{"taxonomy":"product_tag","embeddable":true,"href":"https:\/\/aavesa.com\/hu\/wp-json\/wp\/v2\/product_tag?post=89566"}],"curies":[{"name":"wp","href":"https:\/\/api.w.org\/{rel}","templated":true}]}}