

{"id":89572,"date":"2024-07-26T16:18:17","date_gmt":"2024-07-26T16:18:17","guid":{"rendered":"https:\/\/new.aavesa.com\/produs\/noi-szorme-melleny-417\/"},"modified":"2025-11-17T06:24:05","modified_gmt":"2025-11-17T06:24:05","slug":"noi-szorme-melleny-417","status":"publish","type":"product","link":"https:\/\/aavesa.com\/hu\/product\/noi-szorme-melleny-417\/","title":{"rendered":"N\u0151i sz\u0151rme mell\u00e9ny 417"},"content":{"rendered":"<p><a href=\"https:\/\/aavesa.com\/hu\/nok\/shearling-mellenyek-es-bundas-mellenyek-noknek\/\">N\u0151i mell\u00e9ny<\/a> merin\u00f3b\u00e1r\u00e1ny sz\u0151rm\u00e9b\u0151l k\u00e9sz\u00fclt v\u00e1gatlan, egy olyan modell, amely n\u0151ies \u00f6lt\u00f6zk\u00f6d\u00e9st inspir\u00e1l tart\u00e1ssal.<br \/>\nA n\u0151i sz\u0151rmemell\u00e9ny k\u00fclseje a legmagasabb min\u0151s\u00e9g\u0171 b\u00e1r\u00e1nyb\u0151rb\u0151l k\u00e9sz\u00fclt, gondosan varrott, a sz\u0151rme v\u00e1gatlan, az egyedi \u00e9s k\u00fcl\u00f6nleges kialak\u00edt\u00e1s \u00e9rdek\u00e9ben. A mell\u00e9ny belseje b\u00e1r\u00e1nyb\u0151rb\u0151l k\u00e9sz\u00fclt, amely k\u00e9nyelmet biztos\u00edt, az alacsonyabb h\u0151m\u00e9rs\u00e9klet\u0171 napokra. A z\u00e1r\u00f3rendszer k\u00e9t f\u00e9mkapocs \u00e9s egy b\u00e1r\u00e1ny nappab\u0151rb\u0151l k\u00e9sz\u00fclt, sz\u00ednben hozz\u00e1 ill\u0151, gondosan a der\u00e9kban elhelyezett p\u00e1nt seg\u00edts\u00e9g\u00e9vel k\u00e9sz\u00fcl.<br \/>\nA k\u00f6vetkez\u0151 sz\u00ednek b\u00e1rmelyik\u00e9vel kieg\u00e9sz\u00edtheti \u00f6lt\u00f6z\u00e9k\u00e9t: b\u00e9zs, barna \u00e9s fekete.  <\/p>\n","protected":false},"excerpt":{"rendered":"<p>N\u0151i mell\u00e9ny merin\u00f3b\u00e1r\u00e1ny sz\u0151rm\u00e9b\u0151l k\u00e9sz\u00fclt v\u00e1gatlan, egy olyan modell, amely n\u0151ies \u00f6lt\u00f6zk\u00f6d\u00e9st inspir\u00e1l tart\u00e1ssal. A n\u0151i sz\u0151rmemell\u00e9ny k\u00fclseje a legmagasabb min\u0151s\u00e9g\u0171 b\u00e1r\u00e1nyb\u0151rb\u0151l k\u00e9sz\u00fclt, gondosan varrott, a sz\u0151rme v\u00e1gatlan, az egyedi \u00e9s k\u00fcl\u00f6nleges kialak\u00edt\u00e1s \u00e9rdek\u00e9ben. A mell\u00e9ny belseje b\u00e1r\u00e1nyb\u0151rb\u0151l k\u00e9sz\u00fclt, amely k\u00e9nyelmet biztos\u00edt, az alacsonyabb h\u0151m\u00e9rs\u00e9klet\u0171 napokra. A z\u00e1r\u00f3rendszer k\u00e9t f\u00e9mkapocs \u00e9s egy b\u00e1r\u00e1ny nappab\u0151rb\u0151l k\u00e9sz\u00fclt, [&hellip;]<\/p>\n","protected":false},"featured_media":80357,"comment_status":"open","ping_status":"closed","template":"","meta":{"_acf_changed":false,"om_disable_all_campaigns":false,"inline_featured_image":false,"_monsterinsights_skip_tracking":false,"_monsterinsights_sitenote_active":false,"_monsterinsights_sitenote_note":"","_monsterinsights_sitenote_category":0},"product_brand":[],"product_cat":[793],"product_tag":[],"class_list":{"0":"post-89572","1":"product","2":"type-product","3":"status-publish","4":"has-post-thumbnail","6":"product_cat-shearling-mellenyek-es-bundas-mellenyek-noknek","8":"first","9":"instock","10":"taxable","11":"shipping-taxable","12":"purchasable","13":"product-type-variable","14":"has-default-attributes","15":"wvs-archive-product-wrapper"},"acf":{"categorie_feed":""},"aioseo_notices":[],"_links":{"self":[{"href":"https:\/\/aavesa.com\/hu\/wp-json\/wp\/v2\/product\/89572","targetHints":{"allow":["GET"]}}],"collection":[{"href":"https:\/\/aavesa.com\/hu\/wp-json\/wp\/v2\/product"}],"about":[{"href":"https:\/\/aavesa.com\/hu\/wp-json\/wp\/v2\/types\/product"}],"replies":[{"embeddable":true,"href":"https:\/\/aavesa.com\/hu\/wp-json\/wp\/v2\/comments?post=89572"}],"wp:featuredmedia":[{"embeddable":true,"href":"https:\/\/aavesa.com\/hu\/wp-json\/wp\/v2\/media\/80357"}],"wp:attachment":[{"href":"https:\/\/aavesa.com\/hu\/wp-json\/wp\/v2\/media?parent=89572"}],"wp:term":[{"taxonomy":"product_brand","embeddable":true,"href":"https:\/\/aavesa.com\/hu\/wp-json\/wp\/v2\/product_brand?post=89572"},{"taxonomy":"product_cat","embeddable":true,"href":"https:\/\/aavesa.com\/hu\/wp-json\/wp\/v2\/product_cat?post=89572"},{"taxonomy":"product_tag","embeddable":true,"href":"https:\/\/aavesa.com\/hu\/wp-json\/wp\/v2\/product_tag?post=89572"}],"curies":[{"name":"wp","href":"https:\/\/api.w.org\/{rel}","templated":true}]}}