

{"id":89576,"date":"2024-07-26T16:18:17","date_gmt":"2024-07-26T16:18:17","guid":{"rendered":"https:\/\/new.aavesa.com\/produs\/noi-szorme-melleny-423\/"},"modified":"2025-11-17T06:24:08","modified_gmt":"2025-11-17T06:24:08","slug":"noi-szorme-melleny-423","status":"publish","type":"product","link":"https:\/\/aavesa.com\/hu\/product\/noi-szorme-melleny-423\/","title":{"rendered":"N\u0151i sz\u0151rme mell\u00e9ny 423"},"content":{"rendered":"<p>Sz\u0151rmemell\u00e9ny n\u0151knek, egyszer\u0171 szab\u00e1ssal \u00e9s t\u00f6k\u00e9letes varr\u00e1smin\u0151s\u00e9ggel, megfelel\u0151 eleg\u00e1ns alkalmi \u00f6lt\u00f6z\u00e9k.<br \/>\nA kab\u00e1t k\u00fclseje b\u00e1r\u00e1ny nappa b\u0151rb\u0151l k\u00e9sz\u00fclt, amelynek f\u0151 tulajdons\u00e1gai a nedvess\u00e9ggel \u00e9s a szennyez\u0151d\u00e9ssel szembeni ellen\u00e1ll\u00e1s. Bel\u00fcl van lof a b\u00e1r\u00e1nyb\u0151r van b\u00e1r\u00e1ny merin\u00f3, v\u00e1gott vastags\u00e1ga 8 mm. A kab\u00e1tot egy p\u00e1nt \u00e9s egy, a gall\u00e9r k\u00f6zel\u00e9ben elhelyezett gomb z\u00e1rja. Ez a h\u00edr biztosan kieg\u00e9sz\u00edti a ruh\u00e1t, laza szab\u00e1s\u00fa \u00e9s n\u0151ies, k\u00f6nnyen illeszked\u0151.<br \/>\nEz a mell\u00e9ny sz\u00e1mos sz\u00ednben rendelhet\u0151.<\/p>\n","protected":false},"excerpt":{"rendered":"<p>Sz\u0151rmemell\u00e9ny n\u0151knek, egyszer\u0171 szab\u00e1ssal \u00e9s t\u00f6k\u00e9letes varr\u00e1smin\u0151s\u00e9ggel, megfelel\u0151 eleg\u00e1ns alkalmi \u00f6lt\u00f6z\u00e9k. A kab\u00e1t k\u00fclseje b\u00e1r\u00e1ny nappa b\u0151rb\u0151l k\u00e9sz\u00fclt, amelynek f\u0151 tulajdons\u00e1gai a nedvess\u00e9ggel \u00e9s a szennyez\u0151d\u00e9ssel szembeni ellen\u00e1ll\u00e1s. Bel\u00fcl van lof a b\u00e1r\u00e1nyb\u0151r van b\u00e1r\u00e1ny merin\u00f3, v\u00e1gott vastags\u00e1ga 8 mm. A kab\u00e1tot egy p\u00e1nt \u00e9s egy, a gall\u00e9r k\u00f6zel\u00e9ben elhelyezett gomb z\u00e1rja. Ez a h\u00edr [&hellip;]<\/p>\n","protected":false},"featured_media":80372,"comment_status":"open","ping_status":"closed","template":"","meta":{"_acf_changed":false,"om_disable_all_campaigns":false,"inline_featured_image":false,"_monsterinsights_skip_tracking":false,"_monsterinsights_sitenote_active":false,"_monsterinsights_sitenote_note":"","_monsterinsights_sitenote_category":0},"product_brand":[],"product_cat":[793],"product_tag":[],"class_list":{"0":"post-89576","1":"product","2":"type-product","3":"status-publish","4":"has-post-thumbnail","6":"product_cat-shearling-mellenyek-es-bundas-mellenyek-noknek","8":"first","9":"outofstock","10":"taxable","11":"shipping-taxable","12":"product-type-variable","13":"has-default-attributes","14":"wvs-archive-product-wrapper"},"acf":{"categorie_feed":""},"aioseo_notices":[],"_links":{"self":[{"href":"https:\/\/aavesa.com\/hu\/wp-json\/wp\/v2\/product\/89576","targetHints":{"allow":["GET"]}}],"collection":[{"href":"https:\/\/aavesa.com\/hu\/wp-json\/wp\/v2\/product"}],"about":[{"href":"https:\/\/aavesa.com\/hu\/wp-json\/wp\/v2\/types\/product"}],"replies":[{"embeddable":true,"href":"https:\/\/aavesa.com\/hu\/wp-json\/wp\/v2\/comments?post=89576"}],"wp:featuredmedia":[{"embeddable":true,"href":"https:\/\/aavesa.com\/hu\/wp-json\/wp\/v2\/media\/80372"}],"wp:attachment":[{"href":"https:\/\/aavesa.com\/hu\/wp-json\/wp\/v2\/media?parent=89576"}],"wp:term":[{"taxonomy":"product_brand","embeddable":true,"href":"https:\/\/aavesa.com\/hu\/wp-json\/wp\/v2\/product_brand?post=89576"},{"taxonomy":"product_cat","embeddable":true,"href":"https:\/\/aavesa.com\/hu\/wp-json\/wp\/v2\/product_cat?post=89576"},{"taxonomy":"product_tag","embeddable":true,"href":"https:\/\/aavesa.com\/hu\/wp-json\/wp\/v2\/product_tag?post=89576"}],"curies":[{"name":"wp","href":"https:\/\/api.w.org\/{rel}","templated":true}]}}