

{"id":89581,"date":"2024-07-26T16:18:17","date_gmt":"2024-07-26T16:18:17","guid":{"rendered":"https:\/\/new.aavesa.com\/produs\/noi-szorme-melleny-428\/"},"modified":"2025-11-17T06:24:07","modified_gmt":"2025-11-17T06:24:07","slug":"noi-szorme-melleny-428","status":"publish","type":"product","link":"https:\/\/aavesa.com\/hu\/product\/noi-szorme-melleny-428\/","title":{"rendered":"N\u0151i sz\u0151rme mell\u00e9ny 428"},"content":{"rendered":"<p>N\u0151i mell\u00e9ny merin\u00f3 juhb\u00f3l.<br \/>\nA k\u00fclseje b\u00e1r\u00e1ny nappa b\u0151rb\u0151l k\u00e9sz\u00fclt, nedvess\u00e9g- \u00e9s szennyez\u0151d\u00e9s\u00e1ll\u00f3, a legjobb min\u0151s\u00e9g\u0171. A b\u00e1r\u00e1nyb\u0151r belseje 8 mm vastags\u00e1g\u00fa merin\u00f3 gyapj\u00fab\u00f3l k\u00e9sz\u00fclt, \u00edgy a gall\u00e9r is. A mell\u00e9ny egyszer\u0171 kialak\u00edt\u00e1s\u00fa \u00e9s kiv\u00e9teles varr\u00e1s\u00fa, a hideg napokra alkalmas hossz\u00fas\u00e1g\u00fa. Ez a ruhadarab nem hi\u00e1nyozhat a szekr\u00e9ny\u00e9b\u0151l, ebben a sz\u00ednben rendelhet\u0151: barna, egy olyan sz\u00edn, amely term\u00e9szetesnek hat, k\u00f6nnyen illeszkedik b\u00e1rmilyen \u00f6lt\u00f6z\u00e9khez.<br \/>\nV\u00e1s\u00e1rolja meg ezt a mell\u00e9nyt a k\u00e9nyelmes \u00f6lt\u00f6zk\u00f6d\u00e9shez, mindig divatos.<\/p>\n","protected":false},"excerpt":{"rendered":"<p>N\u0151i mell\u00e9ny merin\u00f3 juhb\u00f3l. A k\u00fclseje b\u00e1r\u00e1ny nappa b\u0151rb\u0151l k\u00e9sz\u00fclt, nedvess\u00e9g- \u00e9s szennyez\u0151d\u00e9s\u00e1ll\u00f3, a legjobb min\u0151s\u00e9g\u0171. A b\u00e1r\u00e1nyb\u0151r belseje 8 mm vastags\u00e1g\u00fa merin\u00f3 gyapj\u00fab\u00f3l k\u00e9sz\u00fclt, \u00edgy a gall\u00e9r is. A mell\u00e9ny egyszer\u0171 kialak\u00edt\u00e1s\u00fa \u00e9s kiv\u00e9teles varr\u00e1s\u00fa, a hideg napokra alkalmas hossz\u00fas\u00e1g\u00fa. Ez a ruhadarab nem hi\u00e1nyozhat a szekr\u00e9ny\u00e9b\u0151l, ebben a sz\u00ednben rendelhet\u0151: barna, egy olyan [&hellip;]<\/p>\n","protected":false},"featured_media":80401,"comment_status":"open","ping_status":"closed","template":"","meta":{"_acf_changed":false,"om_disable_all_campaigns":false,"inline_featured_image":false,"_monsterinsights_skip_tracking":false,"_monsterinsights_sitenote_active":false,"_monsterinsights_sitenote_note":"","_monsterinsights_sitenote_category":0},"product_brand":[],"product_cat":[793],"product_tag":[],"class_list":{"0":"post-89581","1":"product","2":"type-product","3":"status-publish","4":"has-post-thumbnail","6":"product_cat-shearling-mellenyek-es-bundas-mellenyek-noknek","8":"first","9":"outofstock","10":"taxable","11":"shipping-taxable","12":"product-type-variable","13":"has-default-attributes","14":"wvs-archive-product-wrapper"},"acf":{"categorie_feed":""},"aioseo_notices":[],"_links":{"self":[{"href":"https:\/\/aavesa.com\/hu\/wp-json\/wp\/v2\/product\/89581","targetHints":{"allow":["GET"]}}],"collection":[{"href":"https:\/\/aavesa.com\/hu\/wp-json\/wp\/v2\/product"}],"about":[{"href":"https:\/\/aavesa.com\/hu\/wp-json\/wp\/v2\/types\/product"}],"replies":[{"embeddable":true,"href":"https:\/\/aavesa.com\/hu\/wp-json\/wp\/v2\/comments?post=89581"}],"wp:featuredmedia":[{"embeddable":true,"href":"https:\/\/aavesa.com\/hu\/wp-json\/wp\/v2\/media\/80401"}],"wp:attachment":[{"href":"https:\/\/aavesa.com\/hu\/wp-json\/wp\/v2\/media?parent=89581"}],"wp:term":[{"taxonomy":"product_brand","embeddable":true,"href":"https:\/\/aavesa.com\/hu\/wp-json\/wp\/v2\/product_brand?post=89581"},{"taxonomy":"product_cat","embeddable":true,"href":"https:\/\/aavesa.com\/hu\/wp-json\/wp\/v2\/product_cat?post=89581"},{"taxonomy":"product_tag","embeddable":true,"href":"https:\/\/aavesa.com\/hu\/wp-json\/wp\/v2\/product_tag?post=89581"}],"curies":[{"name":"wp","href":"https:\/\/api.w.org\/{rel}","templated":true}]}}