

{"id":89585,"date":"2024-07-26T16:18:17","date_gmt":"2024-07-26T16:18:17","guid":{"rendered":"https:\/\/new.aavesa.com\/produs\/noi-szormegaller-601\/"},"modified":"2025-11-17T06:24:06","modified_gmt":"2025-11-17T06:24:06","slug":"noi-szormegaller-601","status":"publish","type":"product","link":"https:\/\/aavesa.com\/hu\/product\/noi-szormegaller-601\/","title":{"rendered":"N\u0151i sz\u0151rmegall\u00e9r 601"},"content":{"rendered":"<p>Ez a kieg\u00e9sz\u00edt\u0151 mos\u00f3medve sz\u0151rm\u00e9b\u0151l k\u00e9sz\u00fclt, egyedi sz\u00edn\u00e1rnyalatokkal, term\u00e9szetes sz\u00edn\u00e1tmenettel, a t\u00f6k\u00e9letes \u00f6lt\u00f6z\u00e9khez. Ny\u0171g\u00f6zze le a k\u00f6rnyezet\u00e9t ezzel a mos\u00f3medve sz\u0151rme gall\u00e9rral, amelyhez egy eleg\u00e1ns anyagb\u00f3l k\u00e9sz\u00fclt p\u00e1nt is csatlakoztathat\u00f3 a n\u0151iess\u00e9g fokoz\u00e1sa \u00e9rdek\u00e9ben. Ez a kieg\u00e9sz\u00edt\u0151 k\u00fcl\u00f6nb\u00f6z\u0151 alkalmakra haszn\u00e1lhat\u00f3, bele\u00e9rtve a k\u00f6telez\u0151 &#8222;csokornyakkend\u0151s&#8221; alkalmakat is.  <\/p>\n","protected":false},"excerpt":{"rendered":"<p>Ez a kieg\u00e9sz\u00edt\u0151 mos\u00f3medve sz\u0151rm\u00e9b\u0151l k\u00e9sz\u00fclt, egyedi sz\u00edn\u00e1rnyalatokkal, term\u00e9szetes sz\u00edn\u00e1tmenettel, a t\u00f6k\u00e9letes \u00f6lt\u00f6z\u00e9khez. Ny\u0171g\u00f6zze le a k\u00f6rnyezet\u00e9t ezzel a mos\u00f3medve sz\u0151rme gall\u00e9rral, amelyhez egy eleg\u00e1ns anyagb\u00f3l k\u00e9sz\u00fclt p\u00e1nt is csatlakoztathat\u00f3 a n\u0151iess\u00e9g fokoz\u00e1sa \u00e9rdek\u00e9ben. Ez a kieg\u00e9sz\u00edt\u0151 k\u00fcl\u00f6nb\u00f6z\u0151 alkalmakra haszn\u00e1lhat\u00f3, bele\u00e9rtve a k\u00f6telez\u0151 &#8222;csokornyakkend\u0151s&#8221; alkalmakat is.<\/p>\n","protected":false},"featured_media":80413,"comment_status":"open","ping_status":"closed","template":"","meta":{"_acf_changed":false,"om_disable_all_campaigns":false,"inline_featured_image":false,"_monsterinsights_skip_tracking":false,"_monsterinsights_sitenote_active":false,"_monsterinsights_sitenote_note":"","_monsterinsights_sitenote_category":0},"product_brand":[],"product_cat":[795,796],"product_tag":[],"class_list":{"0":"post-89585","1":"product","2":"type-product","3":"status-publish","4":"has-post-thumbnail","6":"product_cat-kiegeszitok","7":"product_cat-szormegallerok","9":"first","10":"outofstock","11":"taxable","12":"shipping-taxable","13":"purchasable","14":"product-type-simple"},"acf":{"categorie_feed":""},"aioseo_notices":[],"_links":{"self":[{"href":"https:\/\/aavesa.com\/hu\/wp-json\/wp\/v2\/product\/89585","targetHints":{"allow":["GET"]}}],"collection":[{"href":"https:\/\/aavesa.com\/hu\/wp-json\/wp\/v2\/product"}],"about":[{"href":"https:\/\/aavesa.com\/hu\/wp-json\/wp\/v2\/types\/product"}],"replies":[{"embeddable":true,"href":"https:\/\/aavesa.com\/hu\/wp-json\/wp\/v2\/comments?post=89585"}],"wp:featuredmedia":[{"embeddable":true,"href":"https:\/\/aavesa.com\/hu\/wp-json\/wp\/v2\/media\/80413"}],"wp:attachment":[{"href":"https:\/\/aavesa.com\/hu\/wp-json\/wp\/v2\/media?parent=89585"}],"wp:term":[{"taxonomy":"product_brand","embeddable":true,"href":"https:\/\/aavesa.com\/hu\/wp-json\/wp\/v2\/product_brand?post=89585"},{"taxonomy":"product_cat","embeddable":true,"href":"https:\/\/aavesa.com\/hu\/wp-json\/wp\/v2\/product_cat?post=89585"},{"taxonomy":"product_tag","embeddable":true,"href":"https:\/\/aavesa.com\/hu\/wp-json\/wp\/v2\/product_tag?post=89585"}],"curies":[{"name":"wp","href":"https:\/\/api.w.org\/{rel}","templated":true}]}}