

{"id":89588,"date":"2024-07-26T16:18:18","date_gmt":"2024-07-26T16:18:18","guid":{"rendered":"https:\/\/new.aavesa.com\/produs\/noi-szorme-melleny-418\/"},"modified":"2025-11-17T06:23:57","modified_gmt":"2025-11-17T06:23:57","slug":"noi-szorme-melleny-418","status":"publish","type":"product","link":"https:\/\/aavesa.com\/hu\/product\/noi-szorme-melleny-418\/","title":{"rendered":"N\u0151i sz\u0151rme mell\u00e9ny 418"},"content":{"rendered":"<p>N\u0151i tervez\u00e9s\u0171 mell\u00e9ny merin\u00f3 b\u00e1r\u00e1nysz\u0151rm\u00e9b\u0151l.<br \/>\nA k\u00fclseje v\u00e1gatlan b\u00e1r\u00e1nysz\u0151rm\u00e9b\u0151l k\u00e9sz\u00fclt, a gall\u00e9r \u00e9s a b\u00e1r\u00e1ny nappab\u0151r, amely v\u00e9d a szennyez\u0151d\u00e9sekt\u0151l \u00e9s a nedvess\u00e9gt\u0151l. Bel\u00fcl 8 mm vastags\u00e1g\u00fara v\u00e1gott merin\u00f3b\u00e1r\u00e1ny sz\u0151rme a legjobb k\u00e9nyelem \u00e9rdek\u00e9ben. Ez a mell\u00e9ny egyszer\u0171 \u00e9s modern szab\u00e1s\u00fa, k\u00f6nny\u0171 kieg\u00e9sz\u00edt\u0151je a mindennapi \u00f6lt\u00f6zk\u00f6d\u00e9snek. A mell\u00e9ny h\u00e1rom v\u00e1logatott gombbal z\u00e1r\u00f3dik. Ez a sz\u0151rmemell\u00e9ny a k\u00f6vetkez\u0151 sz\u00ednekben v\u00e1s\u00e1rolhat\u00f3 meg: b\u00e9zs, barna \u00e9s fekete. V\u00e1lassza ki a szem\u00e9lyes st\u00edlus\u00e1nak legink\u00e1bb megfelel\u0151t.<\/p>\n","protected":false},"excerpt":{"rendered":"<p>N\u0151i tervez\u00e9s\u0171 mell\u00e9ny merin\u00f3 b\u00e1r\u00e1nysz\u0151rm\u00e9b\u0151l. A k\u00fclseje v\u00e1gatlan b\u00e1r\u00e1nysz\u0151rm\u00e9b\u0151l k\u00e9sz\u00fclt, a gall\u00e9r \u00e9s a b\u00e1r\u00e1ny nappab\u0151r, amely v\u00e9d a szennyez\u0151d\u00e9sekt\u0151l \u00e9s a nedvess\u00e9gt\u0151l. Bel\u00fcl 8 mm vastags\u00e1g\u00fara v\u00e1gott merin\u00f3b\u00e1r\u00e1ny sz\u0151rme a legjobb k\u00e9nyelem \u00e9rdek\u00e9ben. Ez a mell\u00e9ny egyszer\u0171 \u00e9s modern szab\u00e1s\u00fa, k\u00f6nny\u0171 kieg\u00e9sz\u00edt\u0151je a mindennapi \u00f6lt\u00f6zk\u00f6d\u00e9snek. A mell\u00e9ny h\u00e1rom v\u00e1logatott gombbal z\u00e1r\u00f3dik. Ez a sz\u0151rmemell\u00e9ny [&hellip;]<\/p>\n","protected":false},"featured_media":80423,"comment_status":"open","ping_status":"closed","template":"","meta":{"_acf_changed":false,"om_disable_all_campaigns":false,"inline_featured_image":false,"_monsterinsights_skip_tracking":false,"_monsterinsights_sitenote_active":false,"_monsterinsights_sitenote_note":"","_monsterinsights_sitenote_category":0},"product_brand":[],"product_cat":[793],"product_tag":[],"class_list":{"0":"post-89588","1":"product","2":"type-product","3":"status-publish","4":"has-post-thumbnail","6":"product_cat-shearling-mellenyek-es-bundas-mellenyek-noknek","8":"first","9":"outofstock","10":"taxable","11":"shipping-taxable","12":"product-type-variable","13":"has-default-attributes","14":"wvs-archive-product-wrapper"},"acf":{"categorie_feed":""},"aioseo_notices":[],"_links":{"self":[{"href":"https:\/\/aavesa.com\/hu\/wp-json\/wp\/v2\/product\/89588","targetHints":{"allow":["GET"]}}],"collection":[{"href":"https:\/\/aavesa.com\/hu\/wp-json\/wp\/v2\/product"}],"about":[{"href":"https:\/\/aavesa.com\/hu\/wp-json\/wp\/v2\/types\/product"}],"replies":[{"embeddable":true,"href":"https:\/\/aavesa.com\/hu\/wp-json\/wp\/v2\/comments?post=89588"}],"wp:featuredmedia":[{"embeddable":true,"href":"https:\/\/aavesa.com\/hu\/wp-json\/wp\/v2\/media\/80423"}],"wp:attachment":[{"href":"https:\/\/aavesa.com\/hu\/wp-json\/wp\/v2\/media?parent=89588"}],"wp:term":[{"taxonomy":"product_brand","embeddable":true,"href":"https:\/\/aavesa.com\/hu\/wp-json\/wp\/v2\/product_brand?post=89588"},{"taxonomy":"product_cat","embeddable":true,"href":"https:\/\/aavesa.com\/hu\/wp-json\/wp\/v2\/product_cat?post=89588"},{"taxonomy":"product_tag","embeddable":true,"href":"https:\/\/aavesa.com\/hu\/wp-json\/wp\/v2\/product_tag?post=89588"}],"curies":[{"name":"wp","href":"https:\/\/api.w.org\/{rel}","templated":true}]}}