

{"id":89593,"date":"2024-07-26T16:18:18","date_gmt":"2024-07-26T16:18:18","guid":{"rendered":"https:\/\/new.aavesa.com\/produs\/noi-szormegaller-603\/"},"modified":"2026-04-05T17:51:05","modified_gmt":"2026-04-05T19:51:05","slug":"noi-szormegaller-603","status":"publish","type":"product","link":"https:\/\/aavesa.com\/hu\/product\/noi-szormegaller-603\/","title":{"rendered":"N\u0151i sz\u0151rmegall\u00e9r 603"},"content":{"rendered":"<p>Ezzel a sarki r\u00f3ka sz\u0151rm\u00e9b\u0151l k\u00e9sz\u00fclt gall\u00e9rral mindig leny\u0171g\u00f6z\u0151 ruh\u00e1t viselhet. \u00c1ltal\u00e1ban a sz\u0151rme luxusanyagnak sz\u00e1m\u00edt \u00e9s sz\u00e1m\u00edtott, olyan anyagnak, amely j\u00f3 \u00e9rtelemben kiemelkedik. Ez a kieg\u00e9sz\u00edt\u0151 k\u00f6nnyen haszn\u00e1lhat\u00f3 \u00e9s eleg\u00e1ns st\u00edlushoz ill\u0151, n\u0151ies \u00e9s kifinomult k\u00fcls\u0151t k\u00f6lcs\u00f6n\u00f6z. Ennek a <a href=\"https:\/\/aavesa.com\/hu\/nok\/szormegallerok\/\">n\u0151i sz\u0151rme gall\u00e9rnak<\/a> a belseje puha anyaggal van b\u00e9lelve, poli\u00e9szter anyaggal. Ez a nyak\u00f6rv egyedi sz\u00edn\u00e1rnyalatban, barn\u00e1ban rendelhet\u0151, k\u00f6nnyen illeszthet\u0151 kieg\u00e9sz\u00edt\u0151.    <\/p>\n","protected":false},"excerpt":{"rendered":"<p>Ezzel a sarki r\u00f3ka sz\u0151rm\u00e9b\u0151l k\u00e9sz\u00fclt gall\u00e9rral mindig leny\u0171g\u00f6z\u0151 ruh\u00e1t viselhet. \u00c1ltal\u00e1ban a sz\u0151rme luxusanyagnak sz\u00e1m\u00edt \u00e9s sz\u00e1m\u00edtott, olyan anyagnak, amely j\u00f3 \u00e9rtelemben kiemelkedik. Ez a kieg\u00e9sz\u00edt\u0151 k\u00f6nnyen haszn\u00e1lhat\u00f3 \u00e9s eleg\u00e1ns st\u00edlushoz ill\u0151, n\u0151ies \u00e9s kifinomult k\u00fcls\u0151t k\u00f6lcs\u00f6n\u00f6z. Ennek a n\u0151i sz\u0151rme gall\u00e9rnak a belseje puha anyaggal van b\u00e9lelve, poli\u00e9szter anyaggal. Ez a nyak\u00f6rv egyedi [&hellip;]<\/p>\n","protected":false},"featured_media":80443,"comment_status":"open","ping_status":"closed","template":"","meta":{"_acf_changed":false,"om_disable_all_campaigns":false,"inline_featured_image":false,"_monsterinsights_skip_tracking":false,"_monsterinsights_sitenote_active":false,"_monsterinsights_sitenote_note":"","_monsterinsights_sitenote_category":0},"product_brand":[],"product_cat":[795,796],"product_tag":[],"class_list":{"0":"post-89593","1":"product","2":"type-product","3":"status-publish","4":"has-post-thumbnail","6":"product_cat-kiegeszitok","7":"product_cat-szormegallerok","9":"first","10":"instock","11":"taxable","12":"shipping-taxable","13":"purchasable","14":"product-type-variable","15":"has-default-attributes","16":"wvs-archive-product-wrapper"},"acf":{"categorie_feed":""},"aioseo_notices":[],"_links":{"self":[{"href":"https:\/\/aavesa.com\/hu\/wp-json\/wp\/v2\/product\/89593","targetHints":{"allow":["GET"]}}],"collection":[{"href":"https:\/\/aavesa.com\/hu\/wp-json\/wp\/v2\/product"}],"about":[{"href":"https:\/\/aavesa.com\/hu\/wp-json\/wp\/v2\/types\/product"}],"replies":[{"embeddable":true,"href":"https:\/\/aavesa.com\/hu\/wp-json\/wp\/v2\/comments?post=89593"}],"wp:featuredmedia":[{"embeddable":true,"href":"https:\/\/aavesa.com\/hu\/wp-json\/wp\/v2\/media\/80443"}],"wp:attachment":[{"href":"https:\/\/aavesa.com\/hu\/wp-json\/wp\/v2\/media?parent=89593"}],"wp:term":[{"taxonomy":"product_brand","embeddable":true,"href":"https:\/\/aavesa.com\/hu\/wp-json\/wp\/v2\/product_brand?post=89593"},{"taxonomy":"product_cat","embeddable":true,"href":"https:\/\/aavesa.com\/hu\/wp-json\/wp\/v2\/product_cat?post=89593"},{"taxonomy":"product_tag","embeddable":true,"href":"https:\/\/aavesa.com\/hu\/wp-json\/wp\/v2\/product_tag?post=89593"}],"curies":[{"name":"wp","href":"https:\/\/api.w.org\/{rel}","templated":true}]}}