

{"id":89594,"date":"2024-07-26T16:18:18","date_gmt":"2024-07-26T16:18:18","guid":{"rendered":"https:\/\/new.aavesa.com\/produs\/noi-szormegaller-604\/"},"modified":"2026-04-05T17:53:10","modified_gmt":"2026-04-05T19:53:10","slug":"noi-szormegaller-604","status":"publish","type":"product","link":"https:\/\/aavesa.com\/hu\/product\/noi-szormegaller-604\/","title":{"rendered":"N\u0151i sz\u0151rmegall\u00e9r 604"},"content":{"rendered":"<p>Nyak\u00f6rv term\u00e9szetes mos\u00f3medvebund\u00e1b\u00f3l, egyedi sz\u00edn\u00e1rnyalatokkal. Ez a <a href=\"https:\/\/aavesa.com\/hu\/nok\/szormegallerok\/\">n\u0151i sz\u0151rme gall\u00e9r<\/a> minden n\u0151 ruhat\u00e1r\u00e1ban k\u00f6telez\u0151 darab, hiszen egyfajta &#8222;statement&#8221; kieg\u00e9sz\u00edt\u0151, amely a n\u0151iess\u00e9get, a magabiztoss\u00e1got \u00e9s az eleganci\u00e1t inspir\u00e1lja. V\u00e1lassza ezt az eleg\u00e1ns kieg\u00e9sz\u00edt\u0151t, amely term\u00e9szetes anyagb\u00f3l, mos\u00f3medve sz\u0151rm\u00e9b\u0151l k\u00e9sz\u00fclt, gazdag t\u00e9rfogat\u00fa, egyedi sz\u00edn\u00e1rnyalatokkal, hogy minden alkalommal kit\u0171nj\u00f6n.<\/p>\n","protected":false},"excerpt":{"rendered":"<p>Nyak\u00f6rv term\u00e9szetes mos\u00f3medvebund\u00e1b\u00f3l, egyedi sz\u00edn\u00e1rnyalatokkal. Ez a n\u0151i sz\u0151rme gall\u00e9r minden n\u0151 ruhat\u00e1r\u00e1ban k\u00f6telez\u0151 darab, hiszen egyfajta &#8222;statement&#8221; kieg\u00e9sz\u00edt\u0151, amely a n\u0151iess\u00e9get, a magabiztoss\u00e1got \u00e9s az eleganci\u00e1t inspir\u00e1lja. V\u00e1lassza ezt az eleg\u00e1ns kieg\u00e9sz\u00edt\u0151t, amely term\u00e9szetes anyagb\u00f3l, mos\u00f3medve sz\u0151rm\u00e9b\u0151l k\u00e9sz\u00fclt, gazdag t\u00e9rfogat\u00fa, egyedi sz\u00edn\u00e1rnyalatokkal, hogy minden alkalommal kit\u0171nj\u00f6n.<\/p>\n","protected":false},"featured_media":80445,"comment_status":"open","ping_status":"closed","template":"","meta":{"_acf_changed":false,"om_disable_all_campaigns":false,"inline_featured_image":false,"_monsterinsights_skip_tracking":false,"_monsterinsights_sitenote_active":false,"_monsterinsights_sitenote_note":"","_monsterinsights_sitenote_category":0},"product_brand":[],"product_cat":[795,796],"product_tag":[],"class_list":{"0":"post-89594","1":"product","2":"type-product","3":"status-publish","4":"has-post-thumbnail","6":"product_cat-kiegeszitok","7":"product_cat-szormegallerok","9":"first","10":"instock","11":"taxable","12":"shipping-taxable","13":"purchasable","14":"product-type-variable","15":"has-default-attributes","16":"wvs-archive-product-wrapper"},"acf":{"categorie_feed":""},"aioseo_notices":[],"_links":{"self":[{"href":"https:\/\/aavesa.com\/hu\/wp-json\/wp\/v2\/product\/89594","targetHints":{"allow":["GET"]}}],"collection":[{"href":"https:\/\/aavesa.com\/hu\/wp-json\/wp\/v2\/product"}],"about":[{"href":"https:\/\/aavesa.com\/hu\/wp-json\/wp\/v2\/types\/product"}],"replies":[{"embeddable":true,"href":"https:\/\/aavesa.com\/hu\/wp-json\/wp\/v2\/comments?post=89594"}],"wp:featuredmedia":[{"embeddable":true,"href":"https:\/\/aavesa.com\/hu\/wp-json\/wp\/v2\/media\/80445"}],"wp:attachment":[{"href":"https:\/\/aavesa.com\/hu\/wp-json\/wp\/v2\/media?parent=89594"}],"wp:term":[{"taxonomy":"product_brand","embeddable":true,"href":"https:\/\/aavesa.com\/hu\/wp-json\/wp\/v2\/product_brand?post=89594"},{"taxonomy":"product_cat","embeddable":true,"href":"https:\/\/aavesa.com\/hu\/wp-json\/wp\/v2\/product_cat?post=89594"},{"taxonomy":"product_tag","embeddable":true,"href":"https:\/\/aavesa.com\/hu\/wp-json\/wp\/v2\/product_tag?post=89594"}],"curies":[{"name":"wp","href":"https:\/\/api.w.org\/{rel}","templated":true}]}}