

{"id":89599,"date":"2024-07-26T16:18:38","date_gmt":"2024-07-26T16:18:38","guid":{"rendered":"https:\/\/new.aavesa.com\/produs\/noi-nyirokabat-204-m\/"},"modified":"2026-04-10T15:04:33","modified_gmt":"2026-04-10T17:04:33","slug":"noi-nyirokabat-204-m","status":"publish","type":"product","link":"https:\/\/aavesa.com\/hu\/product\/noi-nyirokabat-204-m\/","title":{"rendered":"N\u0151i ny\u00edr\u00f3kab\u00e1t 204 M"},"content":{"rendered":"<p>Ez a <a rel=\"nofollow\" href=\"https:\/\/aavesa.com\/hu\/nok\/noi-shearling-kabatok\/\">n\u0151i ny\u00edrbund\u00e1s kab\u00e1t<\/a> a nap b\u00e1rmely szak\u00e1ban viselhet\u0151 alkalmi kialak\u00edt\u00e1s\u00e1nak k\u00f6sz\u00f6nhet\u0151en. A shearling kab\u00e1t b\u00e1r\u00e1ny nappa b\u0151rb\u0151l k\u00e9sz\u00fclt, lakkozott k\u00fcls\u0151vel, amely extra v\u00e9delmet ny\u00fajt a sz\u00e9l \u00e9s a nedvess\u00e9g ellen kifel\u00e9.  A bels\u0151 b\u0151r 8 mm vastags\u00e1g\u00fara v\u00e1gott merin\u00f3b\u00e1r\u00e1ny sz\u0151rm\u00e9b\u0151l k\u00e9sz\u00fclt. Ez a ruhadarab sz\u00e9les gall\u00e9rral rendelkezik, amely h\u00e1tul kapucniv\u00e1 alakul, \u00e9s b\u00e1r\u00e1nyb\u0151rb\u0151l k\u00e9sz\u00fclt, ak\u00e1rcsak a kab\u00e1tja mandzsett\u00e1i. A z\u00e1r\u00f3rendszer \u00f6t v\u00e1logatott gombb\u00f3l \u00e9s csatos nappab\u0151r \u00f6vb\u0151l \u00e1ll.<br \/>\nA b\u00e1r\u00e1nyb\u0151r kab\u00e1t h\u00e1rom sz\u00ednben kaphat\u00f3: fekete, barna vagy vil\u00e1gosbarna. <\/p>\n","protected":false},"excerpt":{"rendered":"<p>Ez a n\u0151i ny\u00edrbund\u00e1s kab\u00e1t a nap b\u00e1rmely szak\u00e1ban viselhet\u0151 alkalmi kialak\u00edt\u00e1s\u00e1nak k\u00f6sz\u00f6nhet\u0151en. A shearling kab\u00e1t b\u00e1r\u00e1ny nappa b\u0151rb\u0151l k\u00e9sz\u00fclt, lakkozott k\u00fcls\u0151vel, amely extra v\u00e9delmet ny\u00fajt a sz\u00e9l \u00e9s a nedvess\u00e9g ellen kifel\u00e9. A bels\u0151 b\u0151r 8 mm vastags\u00e1g\u00fara v\u00e1gott merin\u00f3b\u00e1r\u00e1ny sz\u0151rm\u00e9b\u0151l k\u00e9sz\u00fclt. Ez a ruhadarab sz\u00e9les gall\u00e9rral rendelkezik, amely h\u00e1tul kapucniv\u00e1 alakul, \u00e9s b\u00e1r\u00e1nyb\u0151rb\u0151l [&hellip;]<\/p>\n","protected":false},"featured_media":80461,"comment_status":"open","ping_status":"closed","template":"","meta":{"_acf_changed":false,"om_disable_all_campaigns":false,"inline_featured_image":false,"_monsterinsights_skip_tracking":false,"_monsterinsights_sitenote_active":false,"_monsterinsights_sitenote_note":"","_monsterinsights_sitenote_category":0},"product_brand":[],"product_cat":[784,952,773],"product_tag":[],"class_list":{"0":"post-89599","1":"product","2":"type-product","3":"status-publish","4":"has-post-thumbnail","6":"product_cat-baranybor","7":"product_cat-ferfi-es-noi-pehelypaplan-dzsekik-a-luxus-es-a-melegseg-vegso-kevereke","8":"product_cat-noi-shearling-dzsekik","10":"first","11":"instock","12":"taxable","13":"shipping-taxable","14":"purchasable","15":"product-type-variable","16":"has-default-attributes","17":"wvs-archive-product-wrapper"},"acf":{"categorie_feed":""},"aioseo_notices":[],"_links":{"self":[{"href":"https:\/\/aavesa.com\/hu\/wp-json\/wp\/v2\/product\/89599","targetHints":{"allow":["GET"]}}],"collection":[{"href":"https:\/\/aavesa.com\/hu\/wp-json\/wp\/v2\/product"}],"about":[{"href":"https:\/\/aavesa.com\/hu\/wp-json\/wp\/v2\/types\/product"}],"replies":[{"embeddable":true,"href":"https:\/\/aavesa.com\/hu\/wp-json\/wp\/v2\/comments?post=89599"}],"wp:featuredmedia":[{"embeddable":true,"href":"https:\/\/aavesa.com\/hu\/wp-json\/wp\/v2\/media\/80461"}],"wp:attachment":[{"href":"https:\/\/aavesa.com\/hu\/wp-json\/wp\/v2\/media?parent=89599"}],"wp:term":[{"taxonomy":"product_brand","embeddable":true,"href":"https:\/\/aavesa.com\/hu\/wp-json\/wp\/v2\/product_brand?post=89599"},{"taxonomy":"product_cat","embeddable":true,"href":"https:\/\/aavesa.com\/hu\/wp-json\/wp\/v2\/product_cat?post=89599"},{"taxonomy":"product_tag","embeddable":true,"href":"https:\/\/aavesa.com\/hu\/wp-json\/wp\/v2\/product_tag?post=89599"}],"curies":[{"name":"wp","href":"https:\/\/api.w.org\/{rel}","templated":true}]}}