

{"id":89603,"date":"2024-07-26T16:18:38","date_gmt":"2024-07-26T16:18:38","guid":{"rendered":"https:\/\/new.aavesa.com\/produs\/ferfi-premes-sapka-501\/"},"modified":"2025-11-17T06:23:57","modified_gmt":"2025-11-17T06:23:57","slug":"ferfi-premes-sapka-501","status":"publish","type":"product","link":"https:\/\/aavesa.com\/hu\/product\/ferfi-premes-sapka-501\/","title":{"rendered":"F\u00e9rfi pr\u00e9mes sapka 501"},"content":{"rendered":"<p>Term\u00e9szetes b\u00e1r\u00e1nysz\u0151rme sapka f\u00e9rfiaknak. A sapka belseje b\u00e1r\u00e1ny nappab\u0151rb\u0151l k\u00e9sz\u00fclt, tart\u00f3s, ellen\u00e1ll\u00f3, mik\u00f6zben v\u00e9delmet ny\u00fajt a hideg id\u0151j\u00e1r\u00e1s ellen izzad\u00e1s n\u00e9lk\u00fcl. Bel\u00fcl ez a kieg\u00e9sz\u00edt\u0151 merin\u00f3 b\u00e1r\u00e1nysz\u0151rm\u00e9b\u0151l k\u00e9sz\u00fclt, 8 mm vastags\u00e1g\u00fara ny\u00edrva. Ez a b\u00e1r\u00e1nysz\u0151rme sapka sokoldal\u00faan haszn\u00e1lhat\u00f3, viselhet\u0151 az \u00e1ll alatt, a nyak alatt vagy a fej tetej\u00e9re er\u0151s\u00edtve a f\u00fclv\u00e9d\u0151vel. Egy sz\u00ednben, barna sz\u00ednben rendelhet\u0151, k\u00f6nnyen \u00f6sszeilleszthet\u0151, vagy aj\u00e1nd\u00e9kba is felaj\u00e1nlhat\u00f3. A term\u00e9k t\u00f6bb m\u00e9retben is kaphat\u00f3.     <\/p>\n","protected":false},"excerpt":{"rendered":"<p>Term\u00e9szetes b\u00e1r\u00e1nysz\u0151rme sapka f\u00e9rfiaknak. A sapka belseje b\u00e1r\u00e1ny nappab\u0151rb\u0151l k\u00e9sz\u00fclt, tart\u00f3s, ellen\u00e1ll\u00f3, mik\u00f6zben v\u00e9delmet ny\u00fajt a hideg id\u0151j\u00e1r\u00e1s ellen izzad\u00e1s n\u00e9lk\u00fcl. Bel\u00fcl ez a kieg\u00e9sz\u00edt\u0151 merin\u00f3 b\u00e1r\u00e1nysz\u0151rm\u00e9b\u0151l k\u00e9sz\u00fclt, 8 mm vastags\u00e1g\u00fara ny\u00edrva. Ez a b\u00e1r\u00e1nysz\u0151rme sapka sokoldal\u00faan haszn\u00e1lhat\u00f3, viselhet\u0151 az \u00e1ll alatt, a nyak alatt vagy a fej tetej\u00e9re er\u0151s\u00edtve a f\u00fclv\u00e9d\u0151vel. Egy sz\u00ednben, barna [&hellip;]<\/p>\n","protected":false},"featured_media":80481,"comment_status":"open","ping_status":"closed","template":"","meta":{"_acf_changed":false,"om_disable_all_campaigns":false,"inline_featured_image":false,"_monsterinsights_skip_tracking":false,"_monsterinsights_sitenote_active":false,"_monsterinsights_sitenote_note":"","_monsterinsights_sitenote_category":0},"product_brand":[],"product_cat":[725,736,737],"product_tag":[],"class_list":{"0":"post-89603","1":"product","2":"type-product","3":"status-publish","4":"has-post-thumbnail","6":"product_cat-ferfiak","7":"product_cat-shearling-kalapok-bundas-kalapok-ferfiaknak","8":"product_cat-teli-sapkak","10":"first","11":"outofstock","12":"taxable","13":"shipping-taxable","14":"product-type-variable","15":"has-default-attributes","16":"wvs-archive-product-wrapper"},"acf":{"categorie_feed":""},"aioseo_notices":[],"_links":{"self":[{"href":"https:\/\/aavesa.com\/hu\/wp-json\/wp\/v2\/product\/89603","targetHints":{"allow":["GET"]}}],"collection":[{"href":"https:\/\/aavesa.com\/hu\/wp-json\/wp\/v2\/product"}],"about":[{"href":"https:\/\/aavesa.com\/hu\/wp-json\/wp\/v2\/types\/product"}],"replies":[{"embeddable":true,"href":"https:\/\/aavesa.com\/hu\/wp-json\/wp\/v2\/comments?post=89603"}],"wp:featuredmedia":[{"embeddable":true,"href":"https:\/\/aavesa.com\/hu\/wp-json\/wp\/v2\/media\/80481"}],"wp:attachment":[{"href":"https:\/\/aavesa.com\/hu\/wp-json\/wp\/v2\/media?parent=89603"}],"wp:term":[{"taxonomy":"product_brand","embeddable":true,"href":"https:\/\/aavesa.com\/hu\/wp-json\/wp\/v2\/product_brand?post=89603"},{"taxonomy":"product_cat","embeddable":true,"href":"https:\/\/aavesa.com\/hu\/wp-json\/wp\/v2\/product_cat?post=89603"},{"taxonomy":"product_tag","embeddable":true,"href":"https:\/\/aavesa.com\/hu\/wp-json\/wp\/v2\/product_tag?post=89603"}],"curies":[{"name":"wp","href":"https:\/\/api.w.org\/{rel}","templated":true}]}}