

{"id":89610,"date":"2024-07-26T16:18:38","date_gmt":"2024-07-26T16:18:38","guid":{"rendered":"https:\/\/new.aavesa.com\/produs\/ferfi-szorme-sapka-508\/"},"modified":"2025-11-17T06:23:55","modified_gmt":"2025-11-17T06:23:55","slug":"ferfi-szorme-sapka-508","status":"publish","type":"product","link":"https:\/\/aavesa.com\/hu\/product\/ferfi-szorme-sapka-508\/","title":{"rendered":"F\u00e9rfi sz\u0151rme sapka 508"},"content":{"rendered":"<p><a rel=\"nofollow\" href=\"https:\/\/aavesa.com\/hu\/ferfiak\/shearling-kalapok-bundas-kalapok-ferfiaknak\/\">Term\u00e9szetes sz\u0151rme kalap f\u00e9rfiaknak<\/a>. Ez a sapka nem hi\u00e1nyozhat a ruhat\u00e1r\u00e1b\u00f3l, t\u00f6k\u00e9letes az alacsony h\u0151m\u00e9rs\u00e9klet\u0171 id\u0151szakokra, biztos\u00edtva a sz\u00fcks\u00e9ges v\u00e9delmet. A f\u00e9rfi sz\u0151rm\u00e9s sapka k\u00fclseje b\u00e1r\u00e1ny nappa b\u0151rb\u0151l k\u00e9sz\u00fclt, olyan b\u0151rb\u0151l, amely hagyja l\u00e9legezni a b\u0151rt an\u00e9lk\u00fcl, hogy t\u00falmelegedne, \u00e9s a mos\u00f3medve term\u00e9szetes sz\u0151re fenntartja a sz\u00fcks\u00e9ges h\u0151m\u00e9rs\u00e9kletet. Legyen k\u00e9nyelmes \u00e9s trendi ezzel a mos\u00f3medvebund\u00e1val ell\u00e1tott b\u00e1r\u00e1nynappab\u0151r sapk\u00e1val. <\/p>\n","protected":false},"excerpt":{"rendered":"<p>Term\u00e9szetes sz\u0151rme kalap f\u00e9rfiaknak. Ez a sapka nem hi\u00e1nyozhat a ruhat\u00e1r\u00e1b\u00f3l, t\u00f6k\u00e9letes az alacsony h\u0151m\u00e9rs\u00e9klet\u0171 id\u0151szakokra, biztos\u00edtva a sz\u00fcks\u00e9ges v\u00e9delmet. A f\u00e9rfi sz\u0151rm\u00e9s sapka k\u00fclseje b\u00e1r\u00e1ny nappa b\u0151rb\u0151l k\u00e9sz\u00fclt, olyan b\u0151rb\u0151l, amely hagyja l\u00e9legezni a b\u0151rt an\u00e9lk\u00fcl, hogy t\u00falmelegedne, \u00e9s a mos\u00f3medve term\u00e9szetes sz\u0151re fenntartja a sz\u00fcks\u00e9ges h\u0151m\u00e9rs\u00e9kletet. Legyen k\u00e9nyelmes \u00e9s trendi ezzel a mos\u00f3medvebund\u00e1val [&hellip;]<\/p>\n","protected":false},"featured_media":80507,"comment_status":"open","ping_status":"closed","template":"","meta":{"_acf_changed":false,"om_disable_all_campaigns":false,"inline_featured_image":false,"_monsterinsights_skip_tracking":false,"_monsterinsights_sitenote_active":false,"_monsterinsights_sitenote_note":"","_monsterinsights_sitenote_category":0},"product_brand":[],"product_cat":[725,736,737],"product_tag":[],"class_list":{"0":"post-89610","1":"product","2":"type-product","3":"status-publish","4":"has-post-thumbnail","6":"product_cat-ferfiak","7":"product_cat-shearling-kalapok-bundas-kalapok-ferfiaknak","8":"product_cat-teli-sapkak","10":"first","11":"instock","12":"taxable","13":"shipping-taxable","14":"purchasable","15":"product-type-variable","16":"has-default-attributes","17":"wvs-archive-product-wrapper"},"acf":{"categorie_feed":""},"aioseo_notices":[],"_links":{"self":[{"href":"https:\/\/aavesa.com\/hu\/wp-json\/wp\/v2\/product\/89610","targetHints":{"allow":["GET"]}}],"collection":[{"href":"https:\/\/aavesa.com\/hu\/wp-json\/wp\/v2\/product"}],"about":[{"href":"https:\/\/aavesa.com\/hu\/wp-json\/wp\/v2\/types\/product"}],"replies":[{"embeddable":true,"href":"https:\/\/aavesa.com\/hu\/wp-json\/wp\/v2\/comments?post=89610"}],"wp:featuredmedia":[{"embeddable":true,"href":"https:\/\/aavesa.com\/hu\/wp-json\/wp\/v2\/media\/80507"}],"wp:attachment":[{"href":"https:\/\/aavesa.com\/hu\/wp-json\/wp\/v2\/media?parent=89610"}],"wp:term":[{"taxonomy":"product_brand","embeddable":true,"href":"https:\/\/aavesa.com\/hu\/wp-json\/wp\/v2\/product_brand?post=89610"},{"taxonomy":"product_cat","embeddable":true,"href":"https:\/\/aavesa.com\/hu\/wp-json\/wp\/v2\/product_cat?post=89610"},{"taxonomy":"product_tag","embeddable":true,"href":"https:\/\/aavesa.com\/hu\/wp-json\/wp\/v2\/product_tag?post=89610"}],"curies":[{"name":"wp","href":"https:\/\/api.w.org\/{rel}","templated":true}]}}