

{"id":89616,"date":"2024-07-26T16:18:38","date_gmt":"2024-07-26T16:18:38","guid":{"rendered":"https:\/\/new.aavesa.com\/produs\/baranybor-kesztyu-707\/"},"modified":"2025-11-17T06:23:51","modified_gmt":"2025-11-17T06:23:51","slug":"baranybor-kesztyu-707","status":"publish","type":"product","link":"https:\/\/aavesa.com\/hu\/product\/baranybor-kesztyu-707\/","title":{"rendered":"B\u00e1r\u00e1nyb\u0151r keszty\u0171 707"},"content":{"rendered":"<p>Egyedi k\u00e9zzel k\u00e9sz\u00edtett keszty\u0171modell, b\u00e1r\u00e1nysz\u0151rb\u0151l k\u00e9sz\u00fclt term\u00e9k, gondosan v\u00e1logatva, \u00edgy tart\u00f3s \u00e9s eleg\u00e1ns kieg\u00e9sz\u00edt\u0151je lesz. A keszty\u0171 k\u00fclseje nappab\u0151rb\u0151l k\u00e9sz\u00fclt, amely ellen\u00e1ll a nedvess\u00e9gnek, a belseje pedig b\u00e1r\u00e1nyb\u0151r, szeg\u00e9lyezve, amely k\u00e9nyelmet biztos\u00edt. A b\u00e1r\u00e1nysz\u0151rme keszty\u0171 ezen mint\u00e1ja elt\u00e9r\u0151 kialak\u00edt\u00e1s\u00fa, t\u00f6k\u00e9letes azok sz\u00e1m\u00e1ra, akik szeretn\u00e9k, hogy az ujjaik szabadok legyenek. Ezek a k\u00e9zzel varrott keszty\u0171k k\u00e9t sz\u00ednben, b\u00e9zs \u00e9s taupe sz\u00ednben v\u00e1s\u00e1rolhat\u00f3k meg. V\u00e1lassza ezt a keszty\u0171modellt. amely k\u00e9nyelmet ny\u00fajt, hagyja a b\u0151rt l\u00e9legezni izzad\u00e1s n\u00e9lk\u00fcl.     <\/p>\n","protected":false},"excerpt":{"rendered":"<p>Egyedi k\u00e9zzel k\u00e9sz\u00edtett keszty\u0171modell, b\u00e1r\u00e1nysz\u0151rb\u0151l k\u00e9sz\u00fclt term\u00e9k, gondosan v\u00e1logatva, \u00edgy tart\u00f3s \u00e9s eleg\u00e1ns kieg\u00e9sz\u00edt\u0151je lesz. A keszty\u0171 k\u00fclseje nappab\u0151rb\u0151l k\u00e9sz\u00fclt, amely ellen\u00e1ll a nedvess\u00e9gnek, a belseje pedig b\u00e1r\u00e1nyb\u0151r, szeg\u00e9lyezve, amely k\u00e9nyelmet biztos\u00edt. A b\u00e1r\u00e1nysz\u0151rme keszty\u0171 ezen mint\u00e1ja elt\u00e9r\u0151 kialak\u00edt\u00e1s\u00fa, t\u00f6k\u00e9letes azok sz\u00e1m\u00e1ra, akik szeretn\u00e9k, hogy az ujjaik szabadok legyenek. Ezek a k\u00e9zzel varrott keszty\u0171k k\u00e9t [&hellip;]<\/p>\n","protected":false},"featured_media":80531,"comment_status":"open","ping_status":"closed","template":"","meta":{"_acf_changed":false,"om_disable_all_campaigns":false,"inline_featured_image":false,"_monsterinsights_skip_tracking":false,"_monsterinsights_sitenote_active":false,"_monsterinsights_sitenote_note":"","_monsterinsights_sitenote_category":0},"product_brand":[],"product_cat":[742,802,795],"product_tag":[],"class_list":{"0":"post-89616","1":"product","2":"type-product","3":"status-publish","4":"has-post-thumbnail","6":"product_cat-bor-kesztyu","7":"product_cat-bundas-kesztyuk-shearling-kesztyuk-noknek","8":"product_cat-kiegeszitok","10":"first","11":"outofstock","12":"taxable","13":"shipping-taxable","14":"product-type-variable","15":"has-default-attributes","16":"wvs-archive-product-wrapper"},"acf":{"categorie_feed":""},"aioseo_notices":[],"_links":{"self":[{"href":"https:\/\/aavesa.com\/hu\/wp-json\/wp\/v2\/product\/89616","targetHints":{"allow":["GET"]}}],"collection":[{"href":"https:\/\/aavesa.com\/hu\/wp-json\/wp\/v2\/product"}],"about":[{"href":"https:\/\/aavesa.com\/hu\/wp-json\/wp\/v2\/types\/product"}],"replies":[{"embeddable":true,"href":"https:\/\/aavesa.com\/hu\/wp-json\/wp\/v2\/comments?post=89616"}],"wp:featuredmedia":[{"embeddable":true,"href":"https:\/\/aavesa.com\/hu\/wp-json\/wp\/v2\/media\/80531"}],"wp:attachment":[{"href":"https:\/\/aavesa.com\/hu\/wp-json\/wp\/v2\/media?parent=89616"}],"wp:term":[{"taxonomy":"product_brand","embeddable":true,"href":"https:\/\/aavesa.com\/hu\/wp-json\/wp\/v2\/product_brand?post=89616"},{"taxonomy":"product_cat","embeddable":true,"href":"https:\/\/aavesa.com\/hu\/wp-json\/wp\/v2\/product_cat?post=89616"},{"taxonomy":"product_tag","embeddable":true,"href":"https:\/\/aavesa.com\/hu\/wp-json\/wp\/v2\/product_tag?post=89616"}],"curies":[{"name":"wp","href":"https:\/\/api.w.org\/{rel}","templated":true}]}}