

{"id":89629,"date":"2024-07-26T16:19:03","date_gmt":"2024-07-26T16:19:03","guid":{"rendered":"https:\/\/new.aavesa.com\/produs\/noi-nyirokabat-250-p\/"},"modified":"2026-04-10T15:04:42","modified_gmt":"2026-04-10T17:04:42","slug":"noi-nyirokabat-250-p","status":"publish","type":"product","link":"https:\/\/aavesa.com\/hu\/product\/noi-nyirokabat-250-p\/","title":{"rendered":"N\u0151i ny\u00edr\u00f3kab\u00e1t 250 P"},"content":{"rendered":"<p><a rel=\"nofollow\" href=\"https:\/\/aavesa.com\/hu\/nok\/noi-shearling-dzsekik\/\">R\u00f6vid ny\u00edrbund\u00e1s kab\u00e1t<\/a>, alkalmi megjelen\u00e9ssel, n\u0151knek. Ez a n\u0151i shearling kab\u00e1t t\u00f6k\u00e9letes alkalmi viselethez, \u00e9s mivel a kab\u00e1t egyedi kialak\u00edt\u00e1s\u00e1n\u00e1l gondosan megalkotott varr\u00e1sok r\u00e9szletei biztosan kiemelik \u00d6nt a t\u00f6megb\u0151l. K\u00fcls\u0151 r\u00e9sze b\u00e1r\u00e1ny nappa b\u0151rb\u0151l k\u00e9sz\u00fclt, amely ellen\u00e1ll a nedvess\u00e9gnek \u00e9s a szennyez\u0151d\u00e9seknek. A b\u00e1r\u00e1ny-nappab\u0151r belseje term\u00e9szetes b\u00e1r\u00e1nysz\u0151rb\u0151l k\u00e9sz\u00fclt, 8 mm vastags\u00e1g\u00fara ny\u00edrva, ami j\u00f3 k\u00e9nyelmet biztos\u00edt a hideg id\u0151ben. A gall\u00e9r b\u00e1r\u00e1nysz\u0151rm\u00e9b\u0151l k\u00e9sz\u00fclt, v\u00e1gatlanul, ahogy a kab\u00e1t elej\u00e9nek sz\u00e9l\u00e9n folytat\u00f3dott.<br \/>\nEz a merin\u00f3bunda kab\u00e1t f\u00e9mkapcsok seg\u00edts\u00e9g\u00e9vel z\u00e1r\u00f3dik.    A kab\u00e1t t\u00f6bbf\u00e9le sz\u00ednben kaphat\u00f3.<\/p>\n","protected":false},"excerpt":{"rendered":"<p>R\u00f6vid ny\u00edrbund\u00e1s kab\u00e1t, alkalmi megjelen\u00e9ssel, n\u0151knek. Ez a n\u0151i shearling kab\u00e1t t\u00f6k\u00e9letes alkalmi viselethez, \u00e9s mivel a kab\u00e1t egyedi kialak\u00edt\u00e1s\u00e1n\u00e1l gondosan megalkotott varr\u00e1sok r\u00e9szletei biztosan kiemelik \u00d6nt a t\u00f6megb\u0151l. K\u00fcls\u0151 r\u00e9sze b\u00e1r\u00e1ny nappa b\u0151rb\u0151l k\u00e9sz\u00fclt, amely ellen\u00e1ll a nedvess\u00e9gnek \u00e9s a szennyez\u0151d\u00e9seknek. A b\u00e1r\u00e1ny-nappab\u0151r belseje term\u00e9szetes b\u00e1r\u00e1nysz\u0151rb\u0151l k\u00e9sz\u00fclt, 8 mm vastags\u00e1g\u00fara ny\u00edrva, ami j\u00f3 k\u00e9nyelmet [&hellip;]<\/p>\n","protected":false},"featured_media":80782,"comment_status":"open","ping_status":"closed","template":"","meta":{"_acf_changed":false,"om_disable_all_campaigns":false,"inline_featured_image":false,"_monsterinsights_skip_tracking":false,"_monsterinsights_sitenote_active":false,"_monsterinsights_sitenote_note":"","_monsterinsights_sitenote_category":0},"product_brand":[],"product_cat":[952,773,741],"product_tag":[],"class_list":{"0":"post-89629","1":"product","2":"type-product","3":"status-publish","4":"has-post-thumbnail","6":"product_cat-ferfi-es-noi-pehelypaplan-dzsekik-a-luxus-es-a-melegseg-vegso-kevereke","7":"product_cat-noi-shearling-dzsekik","8":"product_cat-nok","10":"first","11":"instock","12":"taxable","13":"shipping-taxable","14":"purchasable","15":"product-type-variable","16":"has-default-attributes","17":"wvs-archive-product-wrapper"},"acf":{"categorie_feed":""},"aioseo_notices":[],"_links":{"self":[{"href":"https:\/\/aavesa.com\/hu\/wp-json\/wp\/v2\/product\/89629","targetHints":{"allow":["GET"]}}],"collection":[{"href":"https:\/\/aavesa.com\/hu\/wp-json\/wp\/v2\/product"}],"about":[{"href":"https:\/\/aavesa.com\/hu\/wp-json\/wp\/v2\/types\/product"}],"replies":[{"embeddable":true,"href":"https:\/\/aavesa.com\/hu\/wp-json\/wp\/v2\/comments?post=89629"}],"wp:featuredmedia":[{"embeddable":true,"href":"https:\/\/aavesa.com\/hu\/wp-json\/wp\/v2\/media\/80782"}],"wp:attachment":[{"href":"https:\/\/aavesa.com\/hu\/wp-json\/wp\/v2\/media?parent=89629"}],"wp:term":[{"taxonomy":"product_brand","embeddable":true,"href":"https:\/\/aavesa.com\/hu\/wp-json\/wp\/v2\/product_brand?post=89629"},{"taxonomy":"product_cat","embeddable":true,"href":"https:\/\/aavesa.com\/hu\/wp-json\/wp\/v2\/product_cat?post=89629"},{"taxonomy":"product_tag","embeddable":true,"href":"https:\/\/aavesa.com\/hu\/wp-json\/wp\/v2\/product_tag?post=89629"}],"curies":[{"name":"wp","href":"https:\/\/api.w.org\/{rel}","templated":true}]}}