

{"id":89633,"date":"2024-07-26T16:19:03","date_gmt":"2024-07-26T16:19:03","guid":{"rendered":"https:\/\/new.aavesa.com\/produs\/noi-nyirokabat-rokapremmel-250-vp\/"},"modified":"2026-04-10T15:04:10","modified_gmt":"2026-04-10T17:04:10","slug":"noi-nyirokabat-rokapremmel-250-vp","status":"publish","type":"product","link":"https:\/\/aavesa.com\/hu\/product\/noi-nyirokabat-rokapremmel-250-vp\/","title":{"rendered":"N\u0151i ny\u00edr\u00f3kab\u00e1t r\u00f3kapr\u00e9mmel 250 VP"},"content":{"rendered":"<p>Ez a<a href=\"https:\/\/aavesa.com\/hu\/nok\/noi-shearling-dzsekik\/\"> sz\u0151rm\u00e9s, ny\u00edrbund\u00e1s kab\u00e1t<\/a> a modern, dinamikus n\u0151t meghat\u00e1roz\u00f3 alkalmi st\u00edlus r\u00e9sze. Ennek a r\u00f3kabund\u00e1val ell\u00e1tott n\u0151i shearling kab\u00e1tnak a k\u00fclseje b\u00e1r\u00e1ny nappa b\u0151rb\u0151l k\u00e9sz\u00fclt, a belsej\u00e9ben tal\u00e1lhat\u00f3 term\u00e9szetes merin\u00f3 sz\u0151rme pedig 8 mm vastags\u00e1gban van szeg\u00e9lyezve, \u00edgy t\u00f6k\u00e9letes megjelen\u00e9ssel v\u00e9delmet ny\u00fajt a hideg ellen. A kab\u00e1t gall\u00e9rja, amely a ruhadarab z\u00e1r\u00f3\u00e9l\u00e9nek hossz\u00e1ban h\u00faz\u00f3dik, pol\u00e1r r\u00f3kasz\u0151rm\u00e9b\u0151l, vagy mos\u00f3medve sz\u0151rm\u00e9b\u0151l k\u00e9sz\u00fclhet. Ez a sz\u0151rmekab\u00e1t f\u00e9mkapcsokkal ell\u00e1tott, k\u00f6nnyen haszn\u00e1lhat\u00f3 z\u00e1r\u00f3d\u00e1ssal rendelkezik. B\u00e1r\u00e1nybunda kab\u00e1t modern kialak\u00edt\u00e1ssal, a varr\u00e1sok egyedi r\u00e9szleteivel, t\u00f6bb sz\u00ednben kaphat\u00f3.    <\/p>\n","protected":false},"excerpt":{"rendered":"<p>Ez a sz\u0151rm\u00e9s, ny\u00edrbund\u00e1s kab\u00e1t a modern, dinamikus n\u0151t meghat\u00e1roz\u00f3 alkalmi st\u00edlus r\u00e9sze. Ennek a r\u00f3kabund\u00e1val ell\u00e1tott n\u0151i shearling kab\u00e1tnak a k\u00fclseje b\u00e1r\u00e1ny nappa b\u0151rb\u0151l k\u00e9sz\u00fclt, a belsej\u00e9ben tal\u00e1lhat\u00f3 term\u00e9szetes merin\u00f3 sz\u0151rme pedig 8 mm vastags\u00e1gban van szeg\u00e9lyezve, \u00edgy t\u00f6k\u00e9letes megjelen\u00e9ssel v\u00e9delmet ny\u00fajt a hideg ellen. A kab\u00e1t gall\u00e9rja, amely a ruhadarab z\u00e1r\u00f3\u00e9l\u00e9nek hossz\u00e1ban h\u00faz\u00f3dik, [&hellip;]<\/p>\n","protected":false},"featured_media":80808,"comment_status":"open","ping_status":"closed","template":"","meta":{"_acf_changed":false,"om_disable_all_campaigns":false,"inline_featured_image":false,"_monsterinsights_skip_tracking":false,"_monsterinsights_sitenote_active":false,"_monsterinsights_sitenote_note":"","_monsterinsights_sitenote_category":0},"product_brand":[],"product_cat":[766,952,773,765],"product_tag":[],"class_list":{"0":"post-89633","1":"product","2":"type-product","3":"status-publish","4":"has-post-thumbnail","6":"product_cat-bundas-kabatok-es-bundas-dzsekik-noknek","7":"product_cat-ferfi-es-noi-pehelypaplan-dzsekik-a-luxus-es-a-melegseg-vegso-kevereke","8":"product_cat-noi-shearling-dzsekik","9":"product_cat-roka-szorme","11":"first","12":"instock","13":"taxable","14":"shipping-taxable","15":"purchasable","16":"product-type-variable","17":"has-default-attributes","18":"wvs-archive-product-wrapper"},"acf":{"categorie_feed":""},"aioseo_notices":[],"_links":{"self":[{"href":"https:\/\/aavesa.com\/hu\/wp-json\/wp\/v2\/product\/89633","targetHints":{"allow":["GET"]}}],"collection":[{"href":"https:\/\/aavesa.com\/hu\/wp-json\/wp\/v2\/product"}],"about":[{"href":"https:\/\/aavesa.com\/hu\/wp-json\/wp\/v2\/types\/product"}],"replies":[{"embeddable":true,"href":"https:\/\/aavesa.com\/hu\/wp-json\/wp\/v2\/comments?post=89633"}],"wp:featuredmedia":[{"embeddable":true,"href":"https:\/\/aavesa.com\/hu\/wp-json\/wp\/v2\/media\/80808"}],"wp:attachment":[{"href":"https:\/\/aavesa.com\/hu\/wp-json\/wp\/v2\/media?parent=89633"}],"wp:term":[{"taxonomy":"product_brand","embeddable":true,"href":"https:\/\/aavesa.com\/hu\/wp-json\/wp\/v2\/product_brand?post=89633"},{"taxonomy":"product_cat","embeddable":true,"href":"https:\/\/aavesa.com\/hu\/wp-json\/wp\/v2\/product_cat?post=89633"},{"taxonomy":"product_tag","embeddable":true,"href":"https:\/\/aavesa.com\/hu\/wp-json\/wp\/v2\/product_tag?post=89633"}],"curies":[{"name":"wp","href":"https:\/\/api.w.org\/{rel}","templated":true}]}}