

{"id":89638,"date":"2024-07-26T16:19:03","date_gmt":"2024-07-26T16:19:03","guid":{"rendered":"https:\/\/new.aavesa.com\/produs\/noi-baranybor-kabat-252\/"},"modified":"2026-04-10T15:04:37","modified_gmt":"2026-04-10T17:04:37","slug":"noi-baranybor-kabat-252","status":"publish","type":"product","link":"https:\/\/aavesa.com\/hu\/product\/noi-baranybor-kabat-252\/","title":{"rendered":"N\u0151i b\u00e1r\u00e1nyb\u0151r kab\u00e1t 252"},"content":{"rendered":"<p>N\u0151i birkab\u0151r kab\u00e1t, babababa st\u00edlusban.<br \/>\nEz a ruhadarab nagyon n\u0151ies. A mellkason tal\u00e1lhat\u00f3 dupla gombos r\u00e9szletek, a gombos mandzsett\u00e1k, a varr\u00e1s \u00e9s a kab\u00e1t szab\u00e1sa a nap b\u00e1rmely szak\u00e1ban alkalmass\u00e1 teszi a kab\u00e1tot. A dzseki k\u00edv\u00fcl nedvess\u00e9gnek \u00e9s szennyez\u0151d\u00e9snek ellen\u00e1ll\u00f3 b\u00e1r\u00e1ny nappa b\u0151rb\u0151l k\u00e9sz\u00fclt, belseje ny\u00edrt b\u00e1r\u00e1nyb\u0151r, 8 mm vastags\u00e1gig. A gall\u00e9r b\u00e1r\u00e1nysz\u0151rm\u00e9b\u0151l k\u00e9sz\u00fclt, szeg\u00e9lyezve.<br \/>\nEz a b\u00e1r\u00e1nysz\u0151rme kab\u00e1t k\u00e9t sz\u00ednben kaphat\u00f3, amelyek k\u00f6nnyen illeszkednek b\u00e1rmilyen \u00f6lt\u00f6z\u00e9khez, fekete vagy sz\u00fcrke.<\/p>\n","protected":false},"excerpt":{"rendered":"<p>N\u0151i birkab\u0151r kab\u00e1t, babababa st\u00edlusban. Ez a ruhadarab nagyon n\u0151ies. A mellkason tal\u00e1lhat\u00f3 dupla gombos r\u00e9szletek, a gombos mandzsett\u00e1k, a varr\u00e1s \u00e9s a kab\u00e1t szab\u00e1sa a nap b\u00e1rmely szak\u00e1ban alkalmass\u00e1 teszi a kab\u00e1tot. A dzseki k\u00edv\u00fcl nedvess\u00e9gnek \u00e9s szennyez\u0151d\u00e9snek ellen\u00e1ll\u00f3 b\u00e1r\u00e1ny nappa b\u0151rb\u0151l k\u00e9sz\u00fclt, belseje ny\u00edrt b\u00e1r\u00e1nyb\u0151r, 8 mm vastags\u00e1gig. A gall\u00e9r b\u00e1r\u00e1nysz\u0151rm\u00e9b\u0151l k\u00e9sz\u00fclt, szeg\u00e9lyezve. [&hellip;]<\/p>\n","protected":false},"featured_media":80830,"comment_status":"open","ping_status":"closed","template":"","meta":{"_acf_changed":false,"om_disable_all_campaigns":false,"inline_featured_image":false,"_monsterinsights_skip_tracking":false,"_monsterinsights_sitenote_active":false,"_monsterinsights_sitenote_note":"","_monsterinsights_sitenote_category":0},"product_brand":[],"product_cat":[952,773],"product_tag":[],"class_list":{"0":"post-89638","1":"product","2":"type-product","3":"status-publish","4":"has-post-thumbnail","6":"product_cat-ferfi-es-noi-pehelypaplan-dzsekik-a-luxus-es-a-melegseg-vegso-kevereke","7":"product_cat-noi-shearling-dzsekik","9":"first","10":"outofstock","11":"taxable","12":"shipping-taxable","13":"product-type-variable","14":"has-default-attributes","15":"wvs-archive-product-wrapper"},"acf":{"categorie_feed":""},"aioseo_notices":[],"_links":{"self":[{"href":"https:\/\/aavesa.com\/hu\/wp-json\/wp\/v2\/product\/89638","targetHints":{"allow":["GET"]}}],"collection":[{"href":"https:\/\/aavesa.com\/hu\/wp-json\/wp\/v2\/product"}],"about":[{"href":"https:\/\/aavesa.com\/hu\/wp-json\/wp\/v2\/types\/product"}],"replies":[{"embeddable":true,"href":"https:\/\/aavesa.com\/hu\/wp-json\/wp\/v2\/comments?post=89638"}],"wp:featuredmedia":[{"embeddable":true,"href":"https:\/\/aavesa.com\/hu\/wp-json\/wp\/v2\/media\/80830"}],"wp:attachment":[{"href":"https:\/\/aavesa.com\/hu\/wp-json\/wp\/v2\/media?parent=89638"}],"wp:term":[{"taxonomy":"product_brand","embeddable":true,"href":"https:\/\/aavesa.com\/hu\/wp-json\/wp\/v2\/product_brand?post=89638"},{"taxonomy":"product_cat","embeddable":true,"href":"https:\/\/aavesa.com\/hu\/wp-json\/wp\/v2\/product_cat?post=89638"},{"taxonomy":"product_tag","embeddable":true,"href":"https:\/\/aavesa.com\/hu\/wp-json\/wp\/v2\/product_tag?post=89638"}],"curies":[{"name":"wp","href":"https:\/\/api.w.org\/{rel}","templated":true}]}}