

{"id":89641,"date":"2024-07-26T16:19:03","date_gmt":"2024-07-26T16:19:03","guid":{"rendered":"https:\/\/new.aavesa.com\/produs\/noi-baranybor-kabat-253\/"},"modified":"2025-11-17T06:23:49","modified_gmt":"2025-11-17T06:23:49","slug":"noi-baranybor-kabat-253","status":"publish","type":"product","link":"https:\/\/aavesa.com\/hu\/product\/noi-baranybor-kabat-253\/","title":{"rendered":"N\u0151i b\u00e1r\u00e1nyb\u0151r kab\u00e1t 253"},"content":{"rendered":"<p>Ez a term\u00e9szetes b\u00e1r\u00e1nybunda biztosan nagyon j\u00f3 v\u00e9tel lesz. A kab\u00e1t modern diz\u00e1jnnal rendelkezik, nagyon sz\u00e9p \u00e9s a hagyom\u00e1nyost\u00f3l elt\u00e9r\u0151.<br \/>\nA kab\u00e1t k\u00fclseje nappa b\u00e1r\u00e1nyb\u0151rb\u0151l \u00e9s merin\u00f3b\u00e1r\u00e1ny sz\u0151rm\u00e9vel d\u00edsz\u00edtett. A kab\u00e1t belsej\u00e9ben 8 mm vastag, t\u00f6k\u00e9letes vastags\u00e1g\u00fa merin\u00f3 b\u00e1r\u00e1nysz\u0151rme tal\u00e1lhat\u00f3, a modern megjelen\u00e9s \u00e9s a t\u00f6k\u00e9letes k\u00e9nyelem \u00e9rdek\u00e9ben. A kab\u00e1t z\u00e1r\u00f3rendszere v\u00e1logatott gombokkal k\u00e9sz\u00fclt. K\u00e9nyelmes kab\u00e1tot kaphatsz, gy\u00f6ny\u00f6r\u0171 ujjakkal kialak\u00edtva, \u00e9s a nappab\u0151r \u00e9s a b\u00e1r\u00e1nyb\u0151r odafigyel\u00e9ssel varrott kombin\u00e1ci\u00f3ja miatt mindig t\u00f6k\u00e9letesen fogod \u00e9rezni magad.<br \/>\nEz a sz\u0151rmebunda t\u00f6bb sz\u00ednben is megv\u00e1s\u00e1rolhat\u00f3.<\/p>\n","protected":false},"excerpt":{"rendered":"<p>Ez a term\u00e9szetes b\u00e1r\u00e1nybunda biztosan nagyon j\u00f3 v\u00e9tel lesz. A kab\u00e1t modern diz\u00e1jnnal rendelkezik, nagyon sz\u00e9p \u00e9s a hagyom\u00e1nyost\u00f3l elt\u00e9r\u0151. A kab\u00e1t k\u00fclseje nappa b\u00e1r\u00e1nyb\u0151rb\u0151l \u00e9s merin\u00f3b\u00e1r\u00e1ny sz\u0151rm\u00e9vel d\u00edsz\u00edtett. A kab\u00e1t belsej\u00e9ben 8 mm vastag, t\u00f6k\u00e9letes vastags\u00e1g\u00fa merin\u00f3 b\u00e1r\u00e1nysz\u0151rme tal\u00e1lhat\u00f3, a modern megjelen\u00e9s \u00e9s a t\u00f6k\u00e9letes k\u00e9nyelem \u00e9rdek\u00e9ben. A kab\u00e1t z\u00e1r\u00f3rendszere v\u00e1logatott gombokkal k\u00e9sz\u00fclt. K\u00e9nyelmes [&hellip;]<\/p>\n","protected":false},"featured_media":80840,"comment_status":"open","ping_status":"closed","template":"","meta":{"_acf_changed":false,"om_disable_all_campaigns":false,"inline_featured_image":false,"_monsterinsights_skip_tracking":false,"_monsterinsights_sitenote_active":false,"_monsterinsights_sitenote_note":"","_monsterinsights_sitenote_category":0},"product_brand":[],"product_cat":[779],"product_tag":[],"class_list":{"0":"post-89641","1":"product","2":"type-product","3":"status-publish","4":"has-post-thumbnail","6":"product_cat-noi-shearling-kabatok","8":"first","9":"outofstock","10":"taxable","11":"shipping-taxable","12":"product-type-variable","13":"has-default-attributes","14":"wvs-archive-product-wrapper"},"acf":{"categorie_feed":""},"aioseo_notices":[],"_links":{"self":[{"href":"https:\/\/aavesa.com\/hu\/wp-json\/wp\/v2\/product\/89641","targetHints":{"allow":["GET"]}}],"collection":[{"href":"https:\/\/aavesa.com\/hu\/wp-json\/wp\/v2\/product"}],"about":[{"href":"https:\/\/aavesa.com\/hu\/wp-json\/wp\/v2\/types\/product"}],"replies":[{"embeddable":true,"href":"https:\/\/aavesa.com\/hu\/wp-json\/wp\/v2\/comments?post=89641"}],"wp:featuredmedia":[{"embeddable":true,"href":"https:\/\/aavesa.com\/hu\/wp-json\/wp\/v2\/media\/80840"}],"wp:attachment":[{"href":"https:\/\/aavesa.com\/hu\/wp-json\/wp\/v2\/media?parent=89641"}],"wp:term":[{"taxonomy":"product_brand","embeddable":true,"href":"https:\/\/aavesa.com\/hu\/wp-json\/wp\/v2\/product_brand?post=89641"},{"taxonomy":"product_cat","embeddable":true,"href":"https:\/\/aavesa.com\/hu\/wp-json\/wp\/v2\/product_cat?post=89641"},{"taxonomy":"product_tag","embeddable":true,"href":"https:\/\/aavesa.com\/hu\/wp-json\/wp\/v2\/product_tag?post=89641"}],"curies":[{"name":"wp","href":"https:\/\/api.w.org\/{rel}","templated":true}]}}