

{"id":89652,"date":"2024-07-26T16:19:03","date_gmt":"2024-07-26T16:19:03","guid":{"rendered":"https:\/\/new.aavesa.com\/produs\/shearling-kabat-256\/"},"modified":"2025-11-17T06:23:47","modified_gmt":"2025-11-17T06:23:47","slug":"shearling-kabat-256","status":"publish","type":"product","link":"https:\/\/aavesa.com\/hu\/product\/shearling-kabat-256\/","title":{"rendered":"Shearling kab\u00e1t 256"},"content":{"rendered":"<p>N\u0151k sz\u00e1m\u00e1ra tervezett, term\u00e9szetes merin\u00f3 juhb\u0151rb\u0151l k\u00e9sz\u00fclt shearling kab\u00e1t. A ny\u00edrbunda egyszer\u0171 \u00e9s modern kialak\u00edt\u00e1s\u00fa, alkalmi st\u00edlushoz alkalmas, ak\u00e1r eleg\u00e1ns is lehet. K\u00fcls\u0151 r\u00e9sze a szennyez\u0151d\u00e9seknek \u00e9s a nedvess\u00e9gnek ellen\u00e1ll\u00f3 b\u00e1r\u00e1ny-nappab\u0151rb\u0151l k\u00e9sz\u00fclt, m\u00edg a gall\u00e9r \u00e9s a mandzsett\u00e1k 8 mm vastags\u00e1g\u00fara ny\u00edrt merin\u00f3b\u00e1r\u00e1ny sz\u0151rm\u00e9b\u0151l k\u00e9sz\u00fcltek. A kab\u00e1t k\u00edv\u00fcl-bel\u00fcl k\u00e9nyelmet ny\u00fajt, alkalmas a hideg napokra, mivel k\u00e9zzel k\u00e9sz\u00fclt, 8 mm vastags\u00e1g\u00fara ny\u00edrt merin\u00f3b\u00e1r\u00e1ny sz\u0151rm\u00e9b\u0151l k\u00e9sz\u00fclt. A b\u00e1r\u00e1nyb\u0151r kab\u00e1t z\u00e1r\u00f3rendszere az alapgall\u00e9r jobb oldal\u00e1n tal\u00e1lhat\u00f3 gombbal vagy a k\u00f6z\u00e9pen l\u00e9v\u0151 ac\u00e9lb\u00fcty\u00f6kkel k\u00e9sz\u00fcl,\u00edgy k\u00e9t k\u00fcl\u00f6nb\u00f6z\u0151 megjelen\u00e9s \u00e9rhet\u0151 el, egy kab\u00e1tb\u00f3l.    <\/p>\n","protected":false},"excerpt":{"rendered":"<p>N\u0151k sz\u00e1m\u00e1ra tervezett, term\u00e9szetes merin\u00f3 juhb\u0151rb\u0151l k\u00e9sz\u00fclt shearling kab\u00e1t. A ny\u00edrbunda egyszer\u0171 \u00e9s modern kialak\u00edt\u00e1s\u00fa, alkalmi st\u00edlushoz alkalmas, ak\u00e1r eleg\u00e1ns is lehet. K\u00fcls\u0151 r\u00e9sze a szennyez\u0151d\u00e9seknek \u00e9s a nedvess\u00e9gnek ellen\u00e1ll\u00f3 b\u00e1r\u00e1ny-nappab\u0151rb\u0151l k\u00e9sz\u00fclt, m\u00edg a gall\u00e9r \u00e9s a mandzsett\u00e1k 8 mm vastags\u00e1g\u00fara ny\u00edrt merin\u00f3b\u00e1r\u00e1ny sz\u0151rm\u00e9b\u0151l k\u00e9sz\u00fcltek. A kab\u00e1t k\u00edv\u00fcl-bel\u00fcl k\u00e9nyelmet ny\u00fajt, alkalmas a hideg napokra, mivel [&hellip;]<\/p>\n","protected":false},"featured_media":80903,"comment_status":"open","ping_status":"closed","template":"","meta":{"_acf_changed":false,"om_disable_all_campaigns":false,"inline_featured_image":false,"_monsterinsights_skip_tracking":false,"_monsterinsights_sitenote_active":false,"_monsterinsights_sitenote_note":"","_monsterinsights_sitenote_category":0},"product_brand":[],"product_cat":[779],"product_tag":[],"class_list":{"0":"post-89652","1":"product","2":"type-product","3":"status-publish","4":"has-post-thumbnail","6":"product_cat-noi-shearling-kabatok","8":"first","9":"outofstock","10":"taxable","11":"shipping-taxable","12":"product-type-variable","13":"has-default-attributes","14":"wvs-archive-product-wrapper"},"acf":{"categorie_feed":""},"aioseo_notices":[],"_links":{"self":[{"href":"https:\/\/aavesa.com\/hu\/wp-json\/wp\/v2\/product\/89652","targetHints":{"allow":["GET"]}}],"collection":[{"href":"https:\/\/aavesa.com\/hu\/wp-json\/wp\/v2\/product"}],"about":[{"href":"https:\/\/aavesa.com\/hu\/wp-json\/wp\/v2\/types\/product"}],"replies":[{"embeddable":true,"href":"https:\/\/aavesa.com\/hu\/wp-json\/wp\/v2\/comments?post=89652"}],"wp:featuredmedia":[{"embeddable":true,"href":"https:\/\/aavesa.com\/hu\/wp-json\/wp\/v2\/media\/80903"}],"wp:attachment":[{"href":"https:\/\/aavesa.com\/hu\/wp-json\/wp\/v2\/media?parent=89652"}],"wp:term":[{"taxonomy":"product_brand","embeddable":true,"href":"https:\/\/aavesa.com\/hu\/wp-json\/wp\/v2\/product_brand?post=89652"},{"taxonomy":"product_cat","embeddable":true,"href":"https:\/\/aavesa.com\/hu\/wp-json\/wp\/v2\/product_cat?post=89652"},{"taxonomy":"product_tag","embeddable":true,"href":"https:\/\/aavesa.com\/hu\/wp-json\/wp\/v2\/product_tag?post=89652"}],"curies":[{"name":"wp","href":"https:\/\/api.w.org\/{rel}","templated":true}]}}