

{"id":89661,"date":"2024-07-26T16:19:11","date_gmt":"2024-07-26T16:19:11","guid":{"rendered":"https:\/\/new.aavesa.com\/produs\/shearling-kabat-332\/"},"modified":"2025-11-17T06:23:43","modified_gmt":"2025-11-17T06:23:43","slug":"shearling-kabat-332","status":"publish","type":"product","link":"https:\/\/aavesa.com\/hu\/product\/shearling-kabat-332\/","title":{"rendered":"Shearling kab\u00e1t 332"},"content":{"rendered":"<p>F\u00e9rfiaknak tervezett <a href=\"https:\/\/aavesa.com\/hu\/ferfiak\/shearling-kabatok-ferfiaknak-ferfiak\/\">hossz\u00fa, ny\u00edrbund\u00e1s kab\u00e1t<\/a>. Ez a kab\u00e1t k\u00edv\u00fclr\u0151l b\u00e1r\u00e1nyb\u0151rb\u0151l k\u00e9sz\u00fclt, a legjobb min\u0151s\u00e9g\u0171 term\u00e9k, amely ellen\u00e1ll a nedvess\u00e9gnek \u00e9s a szennyez\u0151d\u00e9snek. A b\u0151r belseje merin\u00f3 b\u00e1r\u00e1nysz\u0151rb\u0151l k\u00e9sz\u00fclt, 8 mm vastags\u00e1g\u00fara ny\u00edrva, hogy v\u00e9delmet biztos\u00edtson az alacsony h\u0151m\u00e9rs\u00e9klet ellen. A szab\u00e1snak \u00e9s a felhaszn\u00e1lt anyagoknak k\u00f6sz\u00f6nhet\u0151en ez a sz\u0151rmebunda hossz\u00fa \u00e9lettartam\u00fa. A ruhadarab gombokkal z\u00e1r\u00f3d\u00f3 zsebekkel, gombos mandzsett\u00e1kon \u00e9s v\u00e1llakon tal\u00e1lhat\u00f3 r\u00e9szletekkel, cipz\u00e1ras zsebekkel \u00e9s k\u00e9t mellzsebbel rendelkezik. A ny\u00edrbunda a gombokkal z\u00e1r\u00f3dik, amelyek megdupl\u00e1zottak.<br \/>\nA ny\u00edrbunda modern vonalakkal rendelkezik, \u00e9s s\u00f6t\u00e9tsz\u00fcrke sz\u00ednben rendelhet\u0151, amely sz\u00edn k\u00f6nnyen keverhet\u0151 b\u00e1rmivel a ruhat\u00e1r\u00e1b\u00f3l.     <\/p>\n","protected":false},"excerpt":{"rendered":"<p>F\u00e9rfiaknak tervezett hossz\u00fa, ny\u00edrbund\u00e1s kab\u00e1t. Ez a kab\u00e1t k\u00edv\u00fclr\u0151l b\u00e1r\u00e1nyb\u0151rb\u0151l k\u00e9sz\u00fclt, a legjobb min\u0151s\u00e9g\u0171 term\u00e9k, amely ellen\u00e1ll a nedvess\u00e9gnek \u00e9s a szennyez\u0151d\u00e9snek. A b\u0151r belseje merin\u00f3 b\u00e1r\u00e1nysz\u0151rb\u0151l k\u00e9sz\u00fclt, 8 mm vastags\u00e1g\u00fara ny\u00edrva, hogy v\u00e9delmet biztos\u00edtson az alacsony h\u0151m\u00e9rs\u00e9klet ellen. A szab\u00e1snak \u00e9s a felhaszn\u00e1lt anyagoknak k\u00f6sz\u00f6nhet\u0151en ez a sz\u0151rmebunda hossz\u00fa \u00e9lettartam\u00fa. A ruhadarab gombokkal z\u00e1r\u00f3d\u00f3 [&hellip;]<\/p>\n","protected":false},"featured_media":80948,"comment_status":"open","ping_status":"closed","template":"","meta":{"_acf_changed":false,"om_disable_all_campaigns":false,"inline_featured_image":false,"_monsterinsights_skip_tracking":false,"_monsterinsights_sitenote_active":false,"_monsterinsights_sitenote_note":"","_monsterinsights_sitenote_category":0},"product_brand":[],"product_cat":[778,725,777],"product_tag":[],"class_list":{"0":"post-89661","1":"product","2":"type-product","3":"status-publish","4":"has-post-thumbnail","6":"product_cat-baranybor-kabatok-hu","7":"product_cat-ferfiak","8":"product_cat-shearling-kabatok-ferfiaknak-ferfiak","10":"first","11":"instock","12":"taxable","13":"shipping-taxable","14":"purchasable","15":"product-type-variable","16":"has-default-attributes","17":"wvs-archive-product-wrapper"},"acf":{"categorie_feed":""},"aioseo_notices":[],"_links":{"self":[{"href":"https:\/\/aavesa.com\/hu\/wp-json\/wp\/v2\/product\/89661","targetHints":{"allow":["GET"]}}],"collection":[{"href":"https:\/\/aavesa.com\/hu\/wp-json\/wp\/v2\/product"}],"about":[{"href":"https:\/\/aavesa.com\/hu\/wp-json\/wp\/v2\/types\/product"}],"replies":[{"embeddable":true,"href":"https:\/\/aavesa.com\/hu\/wp-json\/wp\/v2\/comments?post=89661"}],"wp:featuredmedia":[{"embeddable":true,"href":"https:\/\/aavesa.com\/hu\/wp-json\/wp\/v2\/media\/80948"}],"wp:attachment":[{"href":"https:\/\/aavesa.com\/hu\/wp-json\/wp\/v2\/media?parent=89661"}],"wp:term":[{"taxonomy":"product_brand","embeddable":true,"href":"https:\/\/aavesa.com\/hu\/wp-json\/wp\/v2\/product_brand?post=89661"},{"taxonomy":"product_cat","embeddable":true,"href":"https:\/\/aavesa.com\/hu\/wp-json\/wp\/v2\/product_cat?post=89661"},{"taxonomy":"product_tag","embeddable":true,"href":"https:\/\/aavesa.com\/hu\/wp-json\/wp\/v2\/product_tag?post=89661"}],"curies":[{"name":"wp","href":"https:\/\/api.w.org\/{rel}","templated":true}]}}