

{"id":89663,"date":"2024-07-26T16:19:11","date_gmt":"2024-07-26T16:19:11","guid":{"rendered":"https:\/\/new.aavesa.com\/produs\/shearling-ferfi-dzseki-335\/"},"modified":"2026-04-10T15:08:24","modified_gmt":"2026-04-10T17:08:24","slug":"shearling-ferfi-dzseki-335","status":"publish","type":"product","link":"https:\/\/aavesa.com\/hu\/product\/shearling-ferfi-dzseki-335\/","title":{"rendered":"Shearling f\u00e9rfi dzseki 335"},"content":{"rendered":"<p>Kiv\u00e9teles min\u0151s\u00e9g\u0171 term\u00e9szetes sz\u0151rm\u00e9b\u0151l k\u00e9sz\u00fclt <a rel=\"nofollow\" href=\"https:\/\/aavesa.com\/hu\/ferfiak\/shearling-kabatok-ferfiaknak\/\">f\u00e9rfi shearling kab\u00e1t<\/a>. Ez a f\u00e9rfi shearling kab\u00e1t k\u00edv\u00fclr\u0151l b\u00e1r\u00e1nynappa b\u0151rb\u0151l k\u00e9sz\u00fclt, amely ellen\u00e1ll a szennyez\u0151d\u00e9snek \u00e9s a nedvess\u00e9gnek, bel\u00fclr\u0151l pedig b\u00e1r\u00e1nyb\u0151r merin\u00f3b\u0151rb\u0151l k\u00e9sz\u00fclt, amely pontosan 8 mm vastags\u00e1g\u00fara van v\u00e1gva a legjobb k\u00e9nyelem el\u00e9r\u00e9se \u00e9rdek\u00e9ben. A ruha egyszer\u0171 szab\u00e1s\u00fa, hozz\u00e1adott zsebekkel rendelkezik, \u00e9s a z\u00e1r\u00e1sa cipz\u00e1rral \u00e9s k\u00e9t, a gall\u00e9rban elhelyezett hurokkal k\u00e9sz\u00fclt a jobb v\u00e9delem \u00e9rdek\u00e9ben a h\u0171v\u00f6sebb napokon. A gall\u00e9r, a mandzsett\u00e1k \u00e9s az alja b\u00e1r\u00e1nysz\u0151rb\u0151l k\u00e9sz\u00fclt, ny\u00edrt. Ez a sz\u0151rmekab\u00e1t modell t\u00f6bb sz\u00ednben is rendelhet\u0151.    <\/p>\n","protected":false},"excerpt":{"rendered":"<p>Kiv\u00e9teles min\u0151s\u00e9g\u0171 term\u00e9szetes sz\u0151rm\u00e9b\u0151l k\u00e9sz\u00fclt f\u00e9rfi shearling kab\u00e1t. Ez a f\u00e9rfi shearling kab\u00e1t k\u00edv\u00fclr\u0151l b\u00e1r\u00e1nynappa b\u0151rb\u0151l k\u00e9sz\u00fclt, amely ellen\u00e1ll a szennyez\u0151d\u00e9snek \u00e9s a nedvess\u00e9gnek, bel\u00fclr\u0151l pedig b\u00e1r\u00e1nyb\u0151r merin\u00f3b\u0151rb\u0151l k\u00e9sz\u00fclt, amely pontosan 8 mm vastags\u00e1g\u00fara van v\u00e1gva a legjobb k\u00e9nyelem el\u00e9r\u00e9se \u00e9rdek\u00e9ben. A ruha egyszer\u0171 szab\u00e1s\u00fa, hozz\u00e1adott zsebekkel rendelkezik, \u00e9s a z\u00e1r\u00e1sa cipz\u00e1rral \u00e9s k\u00e9t, a [&hellip;]<\/p>\n","protected":false},"featured_media":80960,"comment_status":"open","ping_status":"closed","template":"","meta":{"_acf_changed":false,"om_disable_all_campaigns":false,"inline_featured_image":false,"_monsterinsights_skip_tracking":false,"_monsterinsights_sitenote_active":false,"_monsterinsights_sitenote_note":"","_monsterinsights_sitenote_category":0},"product_brand":[],"product_cat":[780,952,725,772],"product_tag":[],"class_list":{"0":"post-89663","1":"product","2":"type-product","3":"status-publish","4":"has-post-thumbnail","6":"product_cat-baranybor-kabatok-hu-2","7":"product_cat-ferfi-es-noi-pehelypaplan-dzsekik-a-luxus-es-a-melegseg-vegso-kevereke","8":"product_cat-ferfiak","9":"product_cat-shearling-kabatok-ferfiaknak","11":"first","12":"instock","13":"taxable","14":"shipping-taxable","15":"purchasable","16":"product-type-variable","17":"has-default-attributes","18":"wvs-archive-product-wrapper"},"acf":{"categorie_feed":""},"aioseo_notices":[],"_links":{"self":[{"href":"https:\/\/aavesa.com\/hu\/wp-json\/wp\/v2\/product\/89663","targetHints":{"allow":["GET"]}}],"collection":[{"href":"https:\/\/aavesa.com\/hu\/wp-json\/wp\/v2\/product"}],"about":[{"href":"https:\/\/aavesa.com\/hu\/wp-json\/wp\/v2\/types\/product"}],"replies":[{"embeddable":true,"href":"https:\/\/aavesa.com\/hu\/wp-json\/wp\/v2\/comments?post=89663"}],"wp:featuredmedia":[{"embeddable":true,"href":"https:\/\/aavesa.com\/hu\/wp-json\/wp\/v2\/media\/80960"}],"wp:attachment":[{"href":"https:\/\/aavesa.com\/hu\/wp-json\/wp\/v2\/media?parent=89663"}],"wp:term":[{"taxonomy":"product_brand","embeddable":true,"href":"https:\/\/aavesa.com\/hu\/wp-json\/wp\/v2\/product_brand?post=89663"},{"taxonomy":"product_cat","embeddable":true,"href":"https:\/\/aavesa.com\/hu\/wp-json\/wp\/v2\/product_cat?post=89663"},{"taxonomy":"product_tag","embeddable":true,"href":"https:\/\/aavesa.com\/hu\/wp-json\/wp\/v2\/product_tag?post=89663"}],"curies":[{"name":"wp","href":"https:\/\/api.w.org\/{rel}","templated":true}]}}