

{"id":89667,"date":"2024-07-26T16:19:11","date_gmt":"2024-07-26T16:19:11","guid":{"rendered":"https:\/\/new.aavesa.com\/produs\/noi-szorme-melleny-425\/"},"modified":"2025-11-17T06:23:41","modified_gmt":"2025-11-17T06:23:41","slug":"noi-szorme-melleny-425","status":"publish","type":"product","link":"https:\/\/aavesa.com\/hu\/product\/noi-szorme-melleny-425\/","title":{"rendered":"N\u0151i sz\u0151rme mell\u00e9ny 425"},"content":{"rendered":"<p><a href=\"https:\/\/aavesa.com\/hu\/nok\/shearling-mellenyek-es-bundas-mellenyek-noknek\/\">N\u0151k sz\u00e1m\u00e1ra tervezett term\u00e9szetes b\u00e1r\u00e1nyb\u0151r mell\u00e9ny<\/a>. Ez a modell a &#8222;r\u00f6vid&#8221; hossz\u00fas\u00e1g\u00fa csoportba tartozik, \u00e9s a der\u00e9kig zsebekkel rendelkezik.<x id=\"gid_1\"><\/x>K\u00edv\u00fclr\u0151l b\u00e1r\u00e1ny nappa b\u0151rb\u0151l k\u00e9sz\u00fclt, amely ellen\u00e1ll a nedvess\u00e9gnek \u00e9s a szennyez\u0151d\u00e9seknek, bel\u00fcl pedig 8 mm vastags\u00e1g\u00fara v\u00e1gott merin\u00f3 b\u00e1r\u00e1nysz\u0151rme tal\u00e1lhat\u00f3, a legjobb k\u00e9nyelem \u00e9rdek\u00e9ben. A gall\u00e9r v\u00e1gatlan sz\u0151rm\u00e9b\u0151l k\u00e9sz\u00fclt, gall\u00e9r, amely a mell\u00e9ny z\u00e1r\u00e1s\u00e1n \u00e9s a zsebeken is kiny\u00falik, egy aranyos \u00e9s n\u0151ies r\u00e9szlet.<x id=\"gid_2\"><\/x>A k\u00f6nny\u0171 ellen\u0151rz\u00e9shez rendelkez\u00e9sre \u00e1ll\u00f3 sz\u00ednek b\u00e1rmelyike alkalmas a mindennapi \u00f6lt\u00f6z\u00e9khez, ezek a sz\u00ednek: sz\u00fcrke, s\u00f6t\u00e9tsz\u00fcrke \u00e9s fekete. Ez a term\u00e9szetes b\u00e1r\u00e1nyb\u0151rb\u0151l k\u00e9sz\u00fclt n\u0151i sz\u0151rmemell\u00e9ny biztosan teljess\u00e9 teszi az eg\u00e9sz ruhat\u00e1rat.   <\/p>\n","protected":false},"excerpt":{"rendered":"<p>N\u0151k sz\u00e1m\u00e1ra tervezett term\u00e9szetes b\u00e1r\u00e1nyb\u0151r mell\u00e9ny. Ez a modell a &#8222;r\u00f6vid&#8221; hossz\u00fas\u00e1g\u00fa csoportba tartozik, \u00e9s a der\u00e9kig zsebekkel rendelkezik.K\u00edv\u00fclr\u0151l b\u00e1r\u00e1ny nappa b\u0151rb\u0151l k\u00e9sz\u00fclt, amely ellen\u00e1ll a nedvess\u00e9gnek \u00e9s a szennyez\u0151d\u00e9seknek, bel\u00fcl pedig 8 mm vastags\u00e1g\u00fara v\u00e1gott merin\u00f3 b\u00e1r\u00e1nysz\u0151rme tal\u00e1lhat\u00f3, a legjobb k\u00e9nyelem \u00e9rdek\u00e9ben. A gall\u00e9r v\u00e1gatlan sz\u0151rm\u00e9b\u0151l k\u00e9sz\u00fclt, gall\u00e9r, amely a mell\u00e9ny z\u00e1r\u00e1s\u00e1n \u00e9s a [&hellip;]<\/p>\n","protected":false},"featured_media":80974,"comment_status":"open","ping_status":"closed","template":"","meta":{"_acf_changed":false,"om_disable_all_campaigns":false,"inline_featured_image":false,"_monsterinsights_skip_tracking":false,"_monsterinsights_sitenote_active":false,"_monsterinsights_sitenote_note":"","_monsterinsights_sitenote_category":0},"product_brand":[],"product_cat":[793],"product_tag":[],"class_list":{"0":"post-89667","1":"product","2":"type-product","3":"status-publish","4":"has-post-thumbnail","6":"product_cat-shearling-mellenyek-es-bundas-mellenyek-noknek","8":"first","9":"instock","10":"taxable","11":"shipping-taxable","12":"purchasable","13":"product-type-variable","14":"has-default-attributes","15":"wvs-archive-product-wrapper"},"acf":{"categorie_feed":""},"aioseo_notices":[],"_links":{"self":[{"href":"https:\/\/aavesa.com\/hu\/wp-json\/wp\/v2\/product\/89667","targetHints":{"allow":["GET"]}}],"collection":[{"href":"https:\/\/aavesa.com\/hu\/wp-json\/wp\/v2\/product"}],"about":[{"href":"https:\/\/aavesa.com\/hu\/wp-json\/wp\/v2\/types\/product"}],"replies":[{"embeddable":true,"href":"https:\/\/aavesa.com\/hu\/wp-json\/wp\/v2\/comments?post=89667"}],"wp:featuredmedia":[{"embeddable":true,"href":"https:\/\/aavesa.com\/hu\/wp-json\/wp\/v2\/media\/80974"}],"wp:attachment":[{"href":"https:\/\/aavesa.com\/hu\/wp-json\/wp\/v2\/media?parent=89667"}],"wp:term":[{"taxonomy":"product_brand","embeddable":true,"href":"https:\/\/aavesa.com\/hu\/wp-json\/wp\/v2\/product_brand?post=89667"},{"taxonomy":"product_cat","embeddable":true,"href":"https:\/\/aavesa.com\/hu\/wp-json\/wp\/v2\/product_cat?post=89667"},{"taxonomy":"product_tag","embeddable":true,"href":"https:\/\/aavesa.com\/hu\/wp-json\/wp\/v2\/product_tag?post=89667"}],"curies":[{"name":"wp","href":"https:\/\/api.w.org\/{rel}","templated":true}]}}