

{"id":89680,"date":"2024-07-26T16:35:08","date_gmt":"2024-07-26T16:35:08","guid":{"rendered":"https:\/\/new.aavesa.com\/produs\/mink-szormebol-keszult-kabat-2063\/"},"modified":"2025-11-17T06:34:21","modified_gmt":"2025-11-17T06:34:21","slug":"mink-szormebol-keszult-kabat-2063","status":"publish","type":"product","link":"https:\/\/aavesa.com\/hu\/product\/mink-szormebol-keszult-kabat-2063\/","title":{"rendered":"Mink sz\u0151rm\u00e9b\u0151l k\u00e9sz\u00fclt kab\u00e1t 2063"},"content":{"rendered":"<p>Tapasztald meg a luxust \u00e9s az eleganci\u00e1t a fekete kab\u00e1tunkkal, amely nercbunda darabokb\u00f3l k\u00e9sz\u00fclt. K\u00f6nnyen z\u00e1r\u00f3d\u00f3 gombnyom\u00e1ssal \u00e9s k\u00e9t praktikus zsebbel ez a kab\u00e1t egyszerre funkcion\u00e1lis \u00e9s kifinomult. A magas gall\u00e9r tov\u00e1bbi v\u00e9delmet ny\u00fajt a hideg ellen, az alj\u00e1n tal\u00e1lhat\u00f3 \u00e1ll\u00edthat\u00f3 h\u00faz\u00f3zsin\u00f3rral pedig testre szabhatja az illeszked\u00e9st az optim\u00e1lis k\u00e9nyelem \u00e9rdek\u00e9ben. A nercsz\u0151rme-darabokat tartalmaz\u00f3 egyedi diz\u00e1jnnak k\u00f6sz\u00f6nhet\u0151en ez a kab\u00e1t eleganci\u00e1t \u00e9s st\u00edlust k\u00f6lcs\u00f6n\u00f6z b\u00e1rmelyik \u00f6lt\u00f6z\u00e9knek. A luxust \u00e9s a hasznoss\u00e1got \u00f6tv\u00f6zi, \u00edgy t\u00f6k\u00e9letes v\u00e1laszt\u00e1s, hogy \u00e9lvezze a hideg \u00e9vszakot. A<a rel=\"nofollow\" href=\"https:\/\/aavesa.com\/hu\/nok\/vidra-bundak-vidra-zsekik\/\"> nercsz\u0151rme darabokb\u00f3l k\u00e9sz\u00fclt sz\u0151rmekab\u00e1t<\/a> fekete \u00e9s barna sz\u00ednben kaphat\u00f3.      Modell\u00fcnk 175 cm magas, 36-os m\u00e9retet visel, a term\u00e9k hossza 59 cm.<\/p>\n","protected":false},"excerpt":{"rendered":"<p>Tapasztald meg a luxust \u00e9s az eleganci\u00e1t a fekete kab\u00e1tunkkal, amely nercbunda darabokb\u00f3l k\u00e9sz\u00fclt. K\u00f6nnyen z\u00e1r\u00f3d\u00f3 gombnyom\u00e1ssal \u00e9s k\u00e9t praktikus zsebbel ez a kab\u00e1t egyszerre funkcion\u00e1lis \u00e9s kifinomult. A magas gall\u00e9r tov\u00e1bbi v\u00e9delmet ny\u00fajt a hideg ellen, az alj\u00e1n tal\u00e1lhat\u00f3 \u00e1ll\u00edthat\u00f3 h\u00faz\u00f3zsin\u00f3rral pedig testre szabhatja az illeszked\u00e9st az optim\u00e1lis k\u00e9nyelem \u00e9rdek\u00e9ben. A nercsz\u0151rme-darabokat tartalmaz\u00f3 egyedi [&hellip;]<\/p>\n","protected":false},"featured_media":89681,"comment_status":"closed","ping_status":"closed","template":"","meta":{"_acf_changed":false,"om_disable_all_campaigns":false,"inline_featured_image":false,"_monsterinsights_skip_tracking":false,"_monsterinsights_sitenote_active":false,"_monsterinsights_sitenote_note":"","_monsterinsights_sitenote_category":0},"product_brand":[],"product_cat":[727,766,769,770],"product_tag":[],"class_list":{"0":"post-89680","1":"product","2":"type-product","3":"status-publish","4":"has-post-thumbnail","6":"product_cat-2023-2024-kollekcio","7":"product_cat-bundas-kabatok-es-bundas-dzsekik-noknek","8":"product_cat-nerc-szorme","9":"product_cat-vidra-bundak-vidra-zsekik","11":"first","12":"instock","13":"taxable","14":"shipping-taxable","15":"purchasable","16":"product-type-variable","17":"has-default-attributes","18":"wvs-archive-product-wrapper"},"acf":{"categorie_feed":""},"aioseo_notices":[],"_links":{"self":[{"href":"https:\/\/aavesa.com\/hu\/wp-json\/wp\/v2\/product\/89680","targetHints":{"allow":["GET"]}}],"collection":[{"href":"https:\/\/aavesa.com\/hu\/wp-json\/wp\/v2\/product"}],"about":[{"href":"https:\/\/aavesa.com\/hu\/wp-json\/wp\/v2\/types\/product"}],"replies":[{"embeddable":true,"href":"https:\/\/aavesa.com\/hu\/wp-json\/wp\/v2\/comments?post=89680"}],"wp:featuredmedia":[{"embeddable":true,"href":"https:\/\/aavesa.com\/hu\/wp-json\/wp\/v2\/media\/89681"}],"wp:attachment":[{"href":"https:\/\/aavesa.com\/hu\/wp-json\/wp\/v2\/media?parent=89680"}],"wp:term":[{"taxonomy":"product_brand","embeddable":true,"href":"https:\/\/aavesa.com\/hu\/wp-json\/wp\/v2\/product_brand?post=89680"},{"taxonomy":"product_cat","embeddable":true,"href":"https:\/\/aavesa.com\/hu\/wp-json\/wp\/v2\/product_cat?post=89680"},{"taxonomy":"product_tag","embeddable":true,"href":"https:\/\/aavesa.com\/hu\/wp-json\/wp\/v2\/product_tag?post=89680"}],"curies":[{"name":"wp","href":"https:\/\/api.w.org\/{rel}","templated":true}]}}