

{"id":89688,"date":"2024-07-26T16:19:12","date_gmt":"2024-07-26T16:19:12","guid":{"rendered":"https:\/\/new.aavesa.com\/produs\/noi-szorme-melleny-430\/"},"modified":"2025-11-17T06:23:40","modified_gmt":"2025-11-17T06:23:40","slug":"noi-szorme-melleny-430","status":"publish","type":"product","link":"https:\/\/aavesa.com\/hu\/product\/noi-szorme-melleny-430\/","title":{"rendered":"N\u0151i sz\u0151rme mell\u00e9ny 430"},"content":{"rendered":"<p><a href=\"https:\/\/aavesa.com\/hu\/nok\/shearling-mellenyek-es-bundas-mellenyek-noknek\/\">K\u00e9zzel k\u00e9sz\u00edtett mell\u00e9ny n\u0151knek<\/a>, k\u00fcl\u00f6nleges kialak\u00edt\u00e1ssal \u00e9s sz\u00e9p r\u00e9szletekkel, merin\u00f3 b\u00e1r\u00e1nysz\u0151rm\u00e9b\u0151l.<br \/>\nEz a n\u0151i sz\u0151rmemell\u00e9ny k\u00edv\u00fclr\u0151l geometrikus b\u00e1r\u00e1ny nappab\u0151r, b\u00e1r\u00e1ny merin\u00f3 juhsz\u0151rme \u00e9s mongol juhsz\u0151rme kombin\u00e1ci\u00f3j\u00e1b\u00f3l k\u00e9sz\u00fclt, mindezek modern diz\u00e1jnt alkotnak, amely minden ruh\u00e1dnak h\u00edzelegni fog. Ennek a mell\u00e9nynek a belseje term\u00e9szetes b\u00e1r\u00e1nysz\u0151rme, szeg\u00e9lyezve. Fedezze fel st\u00edlus\u00e1t ezzel a k\u00e9nyelmes \u00e9s n\u0151ies, a legmagasabb min\u0151s\u00e9g\u0171 anyagokb\u00f3l k\u00e9sz\u00fclt sz\u0151rmemell\u00e9nnyel.<br \/>\nA mell\u00e9nyhez el\u00e9rhet\u0151 sz\u00ednek nagyon k\u00f6nnyen \u00f6sszeilleszthet\u0151k: b\u00e9zs vagy sz\u00fcrke.  <\/p>\n","protected":false},"excerpt":{"rendered":"<p>K\u00e9zzel k\u00e9sz\u00edtett mell\u00e9ny n\u0151knek, k\u00fcl\u00f6nleges kialak\u00edt\u00e1ssal \u00e9s sz\u00e9p r\u00e9szletekkel, merin\u00f3 b\u00e1r\u00e1nysz\u0151rm\u00e9b\u0151l. Ez a n\u0151i sz\u0151rmemell\u00e9ny k\u00edv\u00fclr\u0151l geometrikus b\u00e1r\u00e1ny nappab\u0151r, b\u00e1r\u00e1ny merin\u00f3 juhsz\u0151rme \u00e9s mongol juhsz\u0151rme kombin\u00e1ci\u00f3j\u00e1b\u00f3l k\u00e9sz\u00fclt, mindezek modern diz\u00e1jnt alkotnak, amely minden ruh\u00e1dnak h\u00edzelegni fog. Ennek a mell\u00e9nynek a belseje term\u00e9szetes b\u00e1r\u00e1nysz\u0151rme, szeg\u00e9lyezve. Fedezze fel st\u00edlus\u00e1t ezzel a k\u00e9nyelmes \u00e9s n\u0151ies, a legmagasabb min\u0151s\u00e9g\u0171 [&hellip;]<\/p>\n","protected":false},"featured_media":80996,"comment_status":"open","ping_status":"closed","template":"","meta":{"_acf_changed":false,"om_disable_all_campaigns":false,"inline_featured_image":false,"_monsterinsights_skip_tracking":false,"_monsterinsights_sitenote_active":false,"_monsterinsights_sitenote_note":"","_monsterinsights_sitenote_category":0},"product_brand":[],"product_cat":[793],"product_tag":[],"class_list":{"0":"post-89688","1":"product","2":"type-product","3":"status-publish","4":"has-post-thumbnail","6":"product_cat-shearling-mellenyek-es-bundas-mellenyek-noknek","8":"first","9":"outofstock","10":"taxable","11":"shipping-taxable","12":"product-type-variable","13":"has-default-attributes","14":"wvs-archive-product-wrapper"},"acf":{"categorie_feed":""},"aioseo_notices":[],"_links":{"self":[{"href":"https:\/\/aavesa.com\/hu\/wp-json\/wp\/v2\/product\/89688","targetHints":{"allow":["GET"]}}],"collection":[{"href":"https:\/\/aavesa.com\/hu\/wp-json\/wp\/v2\/product"}],"about":[{"href":"https:\/\/aavesa.com\/hu\/wp-json\/wp\/v2\/types\/product"}],"replies":[{"embeddable":true,"href":"https:\/\/aavesa.com\/hu\/wp-json\/wp\/v2\/comments?post=89688"}],"wp:featuredmedia":[{"embeddable":true,"href":"https:\/\/aavesa.com\/hu\/wp-json\/wp\/v2\/media\/80996"}],"wp:attachment":[{"href":"https:\/\/aavesa.com\/hu\/wp-json\/wp\/v2\/media?parent=89688"}],"wp:term":[{"taxonomy":"product_brand","embeddable":true,"href":"https:\/\/aavesa.com\/hu\/wp-json\/wp\/v2\/product_brand?post=89688"},{"taxonomy":"product_cat","embeddable":true,"href":"https:\/\/aavesa.com\/hu\/wp-json\/wp\/v2\/product_cat?post=89688"},{"taxonomy":"product_tag","embeddable":true,"href":"https:\/\/aavesa.com\/hu\/wp-json\/wp\/v2\/product_tag?post=89688"}],"curies":[{"name":"wp","href":"https:\/\/api.w.org\/{rel}","templated":true}]}}