

{"id":89691,"date":"2024-07-26T16:19:12","date_gmt":"2024-07-26T16:19:12","guid":{"rendered":"https:\/\/new.aavesa.com\/produs\/noi-szorme-melleny-431\/"},"modified":"2025-11-17T06:23:44","modified_gmt":"2025-11-17T06:23:44","slug":"noi-szorme-melleny-431","status":"publish","type":"product","link":"https:\/\/aavesa.com\/hu\/product\/noi-szorme-melleny-431\/","title":{"rendered":"N\u0151i sz\u0151rme mell\u00e9ny 431"},"content":{"rendered":"<p><a href=\"https:\/\/aavesa.com\/hu\/nok\/shearling-mellenyek-es-bundas-mellenyek-noknek\/\">N\u0151i sz\u0151rmemell\u00e9ny<\/a> modern diz\u00e1jnnal, amely minden \u00f6lt\u00f6z\u00e9kedet kieg\u00e9sz\u00edti.<br \/>\nEnnek a n\u0151i sz\u0151rmemell\u00e9nynek a k\u00fclseje b\u00e1r\u00e1nysz\u0151rm\u00e9b\u0151l k\u00e9sz\u00fclt, v\u00e1gatlan, a h\u00e1tulj\u00e1n pedig b\u00e1r\u00e1ny nappab\u0151r tal\u00e1lhat\u00f3, amely ellen\u00e1ll a nedvess\u00e9gnek \u00e9s a szennyez\u0151d\u00e9seknek. A k\u00fcl\u00f6nb\u00f6z\u0151 anyagok text\u00far\u00e1ja \u00e9s a term\u00e9szetes b\u00e1r\u00e1nysz\u0151rme sz\u00ednkombin\u00e1ci\u00f3ja teszi ezt a mell\u00e9nyt egyediv\u00e9, a ruhat\u00e1r ellen\u00e1ll\u00f3 darabj\u00e1v\u00e1. A mell\u00e9ny z\u00e1r\u00e1sa f\u00e9mkapcsok seg\u00edts\u00e9g\u00e9vel t\u00f6rt\u00e9nik, k\u00f6nnyen haszn\u00e1lhat\u00f3.<br \/>\nA b\u00e1r\u00e1nysz\u0151rm\u00e9b\u0151l k\u00e9sz\u00fclt mell\u00e9ny ezen modellj\u00e9nek sz\u00ednei a b\u00e9zs \u00e9s a sz\u00fcrke.  <\/p>\n","protected":false},"excerpt":{"rendered":"<p>N\u0151i sz\u0151rmemell\u00e9ny modern diz\u00e1jnnal, amely minden \u00f6lt\u00f6z\u00e9kedet kieg\u00e9sz\u00edti. Ennek a n\u0151i sz\u0151rmemell\u00e9nynek a k\u00fclseje b\u00e1r\u00e1nysz\u0151rm\u00e9b\u0151l k\u00e9sz\u00fclt, v\u00e1gatlan, a h\u00e1tulj\u00e1n pedig b\u00e1r\u00e1ny nappab\u0151r tal\u00e1lhat\u00f3, amely ellen\u00e1ll a nedvess\u00e9gnek \u00e9s a szennyez\u0151d\u00e9seknek. A k\u00fcl\u00f6nb\u00f6z\u0151 anyagok text\u00far\u00e1ja \u00e9s a term\u00e9szetes b\u00e1r\u00e1nysz\u0151rme sz\u00ednkombin\u00e1ci\u00f3ja teszi ezt a mell\u00e9nyt egyediv\u00e9, a ruhat\u00e1r ellen\u00e1ll\u00f3 darabj\u00e1v\u00e1. A mell\u00e9ny z\u00e1r\u00e1sa f\u00e9mkapcsok seg\u00edts\u00e9g\u00e9vel t\u00f6rt\u00e9nik, k\u00f6nnyen [&hellip;]<\/p>\n","protected":false},"featured_media":81004,"comment_status":"open","ping_status":"closed","template":"","meta":{"_acf_changed":false,"om_disable_all_campaigns":false,"inline_featured_image":false,"_monsterinsights_skip_tracking":false,"_monsterinsights_sitenote_active":false,"_monsterinsights_sitenote_note":"","_monsterinsights_sitenote_category":0},"product_brand":[],"product_cat":[793],"product_tag":[],"class_list":{"0":"post-89691","1":"product","2":"type-product","3":"status-publish","4":"has-post-thumbnail","6":"product_cat-shearling-mellenyek-es-bundas-mellenyek-noknek","8":"first","9":"outofstock","10":"taxable","11":"shipping-taxable","12":"product-type-variable","13":"has-default-attributes","14":"wvs-archive-product-wrapper"},"acf":{"categorie_feed":""},"aioseo_notices":[],"_links":{"self":[{"href":"https:\/\/aavesa.com\/hu\/wp-json\/wp\/v2\/product\/89691","targetHints":{"allow":["GET"]}}],"collection":[{"href":"https:\/\/aavesa.com\/hu\/wp-json\/wp\/v2\/product"}],"about":[{"href":"https:\/\/aavesa.com\/hu\/wp-json\/wp\/v2\/types\/product"}],"replies":[{"embeddable":true,"href":"https:\/\/aavesa.com\/hu\/wp-json\/wp\/v2\/comments?post=89691"}],"wp:featuredmedia":[{"embeddable":true,"href":"https:\/\/aavesa.com\/hu\/wp-json\/wp\/v2\/media\/81004"}],"wp:attachment":[{"href":"https:\/\/aavesa.com\/hu\/wp-json\/wp\/v2\/media?parent=89691"}],"wp:term":[{"taxonomy":"product_brand","embeddable":true,"href":"https:\/\/aavesa.com\/hu\/wp-json\/wp\/v2\/product_brand?post=89691"},{"taxonomy":"product_cat","embeddable":true,"href":"https:\/\/aavesa.com\/hu\/wp-json\/wp\/v2\/product_cat?post=89691"},{"taxonomy":"product_tag","embeddable":true,"href":"https:\/\/aavesa.com\/hu\/wp-json\/wp\/v2\/product_tag?post=89691"}],"curies":[{"name":"wp","href":"https:\/\/api.w.org\/{rel}","templated":true}]}}