

{"id":89698,"date":"2024-07-26T16:19:12","date_gmt":"2024-07-26T16:19:12","guid":{"rendered":"https:\/\/new.aavesa.com\/produs\/noi-szorme-melleny-432\/"},"modified":"2025-11-17T06:23:43","modified_gmt":"2025-11-17T06:23:43","slug":"noi-szorme-melleny-432","status":"publish","type":"product","link":"https:\/\/aavesa.com\/hu\/product\/noi-szorme-melleny-432\/","title":{"rendered":"N\u0151i sz\u0151rme mell\u00e9ny 432"},"content":{"rendered":"<p><a href=\"https:\/\/aavesa.com\/hu\/nok\/shearling-mellenyek-es-bundas-mellenyek-noknek\/\">Term\u00e9szetes b\u00e1r\u00e1nyb\u0151r mell\u00e9ny<\/a>, az A&amp;A kollekci\u00f3b\u00f3l, n\u0151knek.<br \/>\nA k\u00fclseje nappab\u0151rb\u0151l k\u00e9sz\u00fclt, melynek jellemz\u0151i a nedvess\u00e9g- \u00e9s szennyez\u0151d\u00e9s\u00e1ll\u00f3s\u00e1g. A n\u0151i sz\u0151rmemell\u00e9ny belsej\u00e9ben 8 mm vastags\u00e1g\u00fa, ny\u00edrt merin\u00f3 b\u00e1r\u00e1nysz\u0151rme tal\u00e1lhat\u00f3. A gall\u00e9r sz\u00e9les, \u00edgy a mell\u00e9ny k\u00fcl\u00f6nleges szab\u00e1svonal\u00e1t is ki tudja mutatni, a felhaszn\u00e1lt anyag pedig a legmagasabb min\u0151s\u00e9g\u0171 ny\u00edrt b\u00e1r\u00e1nyb\u0151r. A z\u00e1r\u00e1s a mell\u00e9nyhez ill\u0151, k\u00f6z\u00e9pen elhelyezett gombbal t\u00f6rt\u00e9nik.<br \/>\nA mell\u00e9nyhez el\u00e9rhet\u0151 sz\u00ednek: b\u00e9zs, sz\u00fcrke vagy fekete.   <\/p>\n","protected":false},"excerpt":{"rendered":"<p>Term\u00e9szetes b\u00e1r\u00e1nyb\u0151r mell\u00e9ny, az A&amp;A kollekci\u00f3b\u00f3l, n\u0151knek. A k\u00fclseje nappab\u0151rb\u0151l k\u00e9sz\u00fclt, melynek jellemz\u0151i a nedvess\u00e9g- \u00e9s szennyez\u0151d\u00e9s\u00e1ll\u00f3s\u00e1g. A n\u0151i sz\u0151rmemell\u00e9ny belsej\u00e9ben 8 mm vastags\u00e1g\u00fa, ny\u00edrt merin\u00f3 b\u00e1r\u00e1nysz\u0151rme tal\u00e1lhat\u00f3. A gall\u00e9r sz\u00e9les, \u00edgy a mell\u00e9ny k\u00fcl\u00f6nleges szab\u00e1svonal\u00e1t is ki tudja mutatni, a felhaszn\u00e1lt anyag pedig a legmagasabb min\u0151s\u00e9g\u0171 ny\u00edrt b\u00e1r\u00e1nyb\u0151r. A z\u00e1r\u00e1s a mell\u00e9nyhez ill\u0151, k\u00f6z\u00e9pen [&hellip;]<\/p>\n","protected":false},"featured_media":81016,"comment_status":"open","ping_status":"closed","template":"","meta":{"_acf_changed":false,"om_disable_all_campaigns":false,"inline_featured_image":false,"_monsterinsights_skip_tracking":false,"_monsterinsights_sitenote_active":false,"_monsterinsights_sitenote_note":"","_monsterinsights_sitenote_category":0},"product_brand":[],"product_cat":[793],"product_tag":[],"class_list":{"0":"post-89698","1":"product","2":"type-product","3":"status-publish","4":"has-post-thumbnail","6":"product_cat-shearling-mellenyek-es-bundas-mellenyek-noknek","8":"first","9":"instock","10":"taxable","11":"shipping-taxable","12":"purchasable","13":"product-type-variable","14":"has-default-attributes","15":"wvs-archive-product-wrapper"},"acf":{"categorie_feed":""},"aioseo_notices":[],"_links":{"self":[{"href":"https:\/\/aavesa.com\/hu\/wp-json\/wp\/v2\/product\/89698","targetHints":{"allow":["GET"]}}],"collection":[{"href":"https:\/\/aavesa.com\/hu\/wp-json\/wp\/v2\/product"}],"about":[{"href":"https:\/\/aavesa.com\/hu\/wp-json\/wp\/v2\/types\/product"}],"replies":[{"embeddable":true,"href":"https:\/\/aavesa.com\/hu\/wp-json\/wp\/v2\/comments?post=89698"}],"wp:featuredmedia":[{"embeddable":true,"href":"https:\/\/aavesa.com\/hu\/wp-json\/wp\/v2\/media\/81016"}],"wp:attachment":[{"href":"https:\/\/aavesa.com\/hu\/wp-json\/wp\/v2\/media?parent=89698"}],"wp:term":[{"taxonomy":"product_brand","embeddable":true,"href":"https:\/\/aavesa.com\/hu\/wp-json\/wp\/v2\/product_brand?post=89698"},{"taxonomy":"product_cat","embeddable":true,"href":"https:\/\/aavesa.com\/hu\/wp-json\/wp\/v2\/product_cat?post=89698"},{"taxonomy":"product_tag","embeddable":true,"href":"https:\/\/aavesa.com\/hu\/wp-json\/wp\/v2\/product_tag?post=89698"}],"curies":[{"name":"wp","href":"https:\/\/api.w.org\/{rel}","templated":true}]}}