

{"id":89716,"date":"2024-07-26T16:19:12","date_gmt":"2024-07-26T16:19:12","guid":{"rendered":"https:\/\/new.aavesa.com\/produs\/noi-szorme-melleny-438-vp\/"},"modified":"2025-11-17T06:23:40","modified_gmt":"2025-11-17T06:23:40","slug":"noi-szorme-melleny-438-vp","status":"publish","type":"product","link":"https:\/\/aavesa.com\/hu\/product\/noi-szorme-melleny-438-vp\/","title":{"rendered":"N\u0151i sz\u0151rme mell\u00e9ny 438 VP"},"content":{"rendered":"<p>Term\u00e9szetes b\u00e1r\u00e1ny- \u00e9s mos\u00f3medvebund\u00e1b\u00f3l k\u00e9sz\u00fclt mell\u00e9ny, a The A &amp; A Vesa Collection n\u0151i kollekci\u00f3hoz.<br \/>\nEnnek a <a href=\"https:\/\/aavesa.com\/hu\/nok\/shearling-mellenyek-es-bundas-mellenyek-noknek\/\">n\u0151i sz\u0151rmemell\u00e9nynek<\/a> a kialak\u00edt\u00e1sa t\u00f6k\u00e9letesen kifejezi a n\u0151iess\u00e9g ir\u00e1nti v\u00e1gyat, a h\u00e1tul l\u00e9v\u0151 varr\u00e1sok kiv\u00e9teles min\u0151s\u00e9g\u0171ek, ez a mell\u00e9ny &#8222;fecskefarok&#8221; kialak\u00edt\u00e1s\u00fa, amely meghosszabb\u00edtja a derekat \u00e9s a mell\u00e9ny aszimmetrikus kialak\u00edt\u00e1s\u00e1t hozza l\u00e9tre. A mell\u00e9ny k\u00fclseje b\u00e1r\u00e1ny nappab\u0151rb\u0151l k\u00e9sz\u00fclt mos\u00f3medve sz\u0151rm\u00e9vel kombin\u00e1lva, a belseje b\u00e1r\u00e1nyb\u0151r term\u00e9szetes sz\u0151rme, 8 mm vastags\u00e1g\u00fara ny\u00edrva. A z\u00e1r\u00e1s f\u00e9mkapcsok seg\u00edts\u00e9g\u00e9vel t\u00f6rt\u00e9nik.<br \/>\nA modellhez el\u00e9rhet\u0151 sz\u00edn a b\u00e9zs, amely a term\u00e9szetess\u00e9get sugallja, \u00e9s k\u00f6nnyen \u00f6sszeilleszthet\u0151.  <\/p>\n","protected":false},"excerpt":{"rendered":"<p>Term\u00e9szetes b\u00e1r\u00e1ny- \u00e9s mos\u00f3medvebund\u00e1b\u00f3l k\u00e9sz\u00fclt mell\u00e9ny, a The A &amp; A Vesa Collection n\u0151i kollekci\u00f3hoz. Ennek a n\u0151i sz\u0151rmemell\u00e9nynek a kialak\u00edt\u00e1sa t\u00f6k\u00e9letesen kifejezi a n\u0151iess\u00e9g ir\u00e1nti v\u00e1gyat, a h\u00e1tul l\u00e9v\u0151 varr\u00e1sok kiv\u00e9teles min\u0151s\u00e9g\u0171ek, ez a mell\u00e9ny &#8222;fecskefarok&#8221; kialak\u00edt\u00e1s\u00fa, amely meghosszabb\u00edtja a derekat \u00e9s a mell\u00e9ny aszimmetrikus kialak\u00edt\u00e1s\u00e1t hozza l\u00e9tre. A mell\u00e9ny k\u00fclseje b\u00e1r\u00e1ny nappab\u0151rb\u0151l k\u00e9sz\u00fclt [&hellip;]<\/p>\n","protected":false},"featured_media":81060,"comment_status":"open","ping_status":"closed","template":"","meta":{"_acf_changed":false,"om_disable_all_campaigns":false,"inline_featured_image":false,"_monsterinsights_skip_tracking":false,"_monsterinsights_sitenote_active":false,"_monsterinsights_sitenote_note":"","_monsterinsights_sitenote_category":0},"product_brand":[],"product_cat":[793],"product_tag":[],"class_list":{"0":"post-89716","1":"product","2":"type-product","3":"status-publish","4":"has-post-thumbnail","6":"product_cat-shearling-mellenyek-es-bundas-mellenyek-noknek","8":"first","9":"instock","10":"taxable","11":"shipping-taxable","12":"purchasable","13":"product-type-variable","14":"has-default-attributes","15":"wvs-archive-product-wrapper"},"acf":{"categorie_feed":""},"aioseo_notices":[],"_links":{"self":[{"href":"https:\/\/aavesa.com\/hu\/wp-json\/wp\/v2\/product\/89716","targetHints":{"allow":["GET"]}}],"collection":[{"href":"https:\/\/aavesa.com\/hu\/wp-json\/wp\/v2\/product"}],"about":[{"href":"https:\/\/aavesa.com\/hu\/wp-json\/wp\/v2\/types\/product"}],"replies":[{"embeddable":true,"href":"https:\/\/aavesa.com\/hu\/wp-json\/wp\/v2\/comments?post=89716"}],"wp:featuredmedia":[{"embeddable":true,"href":"https:\/\/aavesa.com\/hu\/wp-json\/wp\/v2\/media\/81060"}],"wp:attachment":[{"href":"https:\/\/aavesa.com\/hu\/wp-json\/wp\/v2\/media?parent=89716"}],"wp:term":[{"taxonomy":"product_brand","embeddable":true,"href":"https:\/\/aavesa.com\/hu\/wp-json\/wp\/v2\/product_brand?post=89716"},{"taxonomy":"product_cat","embeddable":true,"href":"https:\/\/aavesa.com\/hu\/wp-json\/wp\/v2\/product_cat?post=89716"},{"taxonomy":"product_tag","embeddable":true,"href":"https:\/\/aavesa.com\/hu\/wp-json\/wp\/v2\/product_tag?post=89716"}],"curies":[{"name":"wp","href":"https:\/\/api.w.org\/{rel}","templated":true}]}}