

{"id":89718,"date":"2024-07-26T16:19:12","date_gmt":"2024-07-26T16:19:12","guid":{"rendered":"https:\/\/new.aavesa.com\/produs\/noi-szorme-melleny-437\/"},"modified":"2025-11-17T06:23:41","modified_gmt":"2025-11-17T06:23:41","slug":"noi-szorme-melleny-437","status":"publish","type":"product","link":"https:\/\/aavesa.com\/hu\/product\/noi-szorme-melleny-437\/","title":{"rendered":"N\u0151i sz\u0151rme mell\u00e9ny 437"},"content":{"rendered":"<p>Shearling mell\u00e9ny n\u0151knek, modern diz\u00e1jnnal a term\u00e9szetess\u00e9get \u00e9s a n\u0151iess\u00e9get inspir\u00e1l\u00f3 megjelen\u00e9s\u00e9rt.<br \/>\nA mell\u00e9ny k\u00fclseje a b\u00e1r\u00e1ny nappa b\u0151r t\u00f6k\u00e9letes kombin\u00e1ci\u00f3j\u00e1b\u00f3l k\u00e9sz\u00fclt, amely ellen\u00e1ll a szennyez\u0151d\u00e9snek \u00e9s a nedvess\u00e9gnek, \u00e9s a b\u00e1r\u00e1nyb\u0151r merin\u00f3b\u00f3l, 8 mm vastags\u00e1g\u00fara ny\u00edrva. A bels\u0151 t\u00e9r term\u00e9szetes b\u00e1r\u00e1nysz\u0151rm\u00e9b\u0151l k\u00e9sz\u00fclt, 8 mm vastags\u00e1g\u00fara ny\u00edrva. A gall\u00e9r r\u00e9szletei, a b\u00e1r\u00e1nysz\u0151rm\u00e9b\u0151l k\u00e9sz\u00fclt, d\u00edsz\u00edtett geometrikus minta \u00e9s a v\u00e1llakon elhelyezett kapcsok teszik ezt a kab\u00e1tot egyedi modell\u00e9, t\u00f6k\u00e9letes v\u00e1laszt\u00e1s b\u00e1rmilyen \u00f6lt\u00f6z\u00e9khez. A kab\u00e1t szab\u00e1sa egyenes, enyh\u00e9n \u00edvelt.<br \/>\nA b\u00e1r\u00e1nysz\u0151rme mell\u00e9ny el\u00e9rhet\u0151 sz\u00edne a vil\u00e1gosbarna, egy semleges \u00e9s term\u00e9szetes sz\u00edn, amelyhez k\u00f6nny\u0171 illeszkedni.<\/p>\n","protected":false},"excerpt":{"rendered":"<p>Shearling mell\u00e9ny n\u0151knek, modern diz\u00e1jnnal a term\u00e9szetess\u00e9get \u00e9s a n\u0151iess\u00e9get inspir\u00e1l\u00f3 megjelen\u00e9s\u00e9rt. A mell\u00e9ny k\u00fclseje a b\u00e1r\u00e1ny nappa b\u0151r t\u00f6k\u00e9letes kombin\u00e1ci\u00f3j\u00e1b\u00f3l k\u00e9sz\u00fclt, amely ellen\u00e1ll a szennyez\u0151d\u00e9snek \u00e9s a nedvess\u00e9gnek, \u00e9s a b\u00e1r\u00e1nyb\u0151r merin\u00f3b\u00f3l, 8 mm vastags\u00e1g\u00fara ny\u00edrva. A bels\u0151 t\u00e9r term\u00e9szetes b\u00e1r\u00e1nysz\u0151rm\u00e9b\u0151l k\u00e9sz\u00fclt, 8 mm vastags\u00e1g\u00fara ny\u00edrva. A gall\u00e9r r\u00e9szletei, a b\u00e1r\u00e1nysz\u0151rm\u00e9b\u0151l k\u00e9sz\u00fclt, d\u00edsz\u00edtett geometrikus [&hellip;]<\/p>\n","protected":false},"featured_media":81056,"comment_status":"open","ping_status":"closed","template":"","meta":{"_acf_changed":false,"om_disable_all_campaigns":false,"inline_featured_image":false,"_monsterinsights_skip_tracking":false,"_monsterinsights_sitenote_active":false,"_monsterinsights_sitenote_note":"","_monsterinsights_sitenote_category":0},"product_brand":[],"product_cat":[793],"product_tag":[],"class_list":{"0":"post-89718","1":"product","2":"type-product","3":"status-publish","4":"has-post-thumbnail","6":"product_cat-shearling-mellenyek-es-bundas-mellenyek-noknek","8":"first","9":"outofstock","10":"taxable","11":"shipping-taxable","12":"product-type-variable","13":"has-default-attributes","14":"wvs-archive-product-wrapper"},"acf":{"categorie_feed":""},"aioseo_notices":[],"_links":{"self":[{"href":"https:\/\/aavesa.com\/hu\/wp-json\/wp\/v2\/product\/89718","targetHints":{"allow":["GET"]}}],"collection":[{"href":"https:\/\/aavesa.com\/hu\/wp-json\/wp\/v2\/product"}],"about":[{"href":"https:\/\/aavesa.com\/hu\/wp-json\/wp\/v2\/types\/product"}],"replies":[{"embeddable":true,"href":"https:\/\/aavesa.com\/hu\/wp-json\/wp\/v2\/comments?post=89718"}],"wp:featuredmedia":[{"embeddable":true,"href":"https:\/\/aavesa.com\/hu\/wp-json\/wp\/v2\/media\/81056"}],"wp:attachment":[{"href":"https:\/\/aavesa.com\/hu\/wp-json\/wp\/v2\/media?parent=89718"}],"wp:term":[{"taxonomy":"product_brand","embeddable":true,"href":"https:\/\/aavesa.com\/hu\/wp-json\/wp\/v2\/product_brand?post=89718"},{"taxonomy":"product_cat","embeddable":true,"href":"https:\/\/aavesa.com\/hu\/wp-json\/wp\/v2\/product_cat?post=89718"},{"taxonomy":"product_tag","embeddable":true,"href":"https:\/\/aavesa.com\/hu\/wp-json\/wp\/v2\/product_tag?post=89718"}],"curies":[{"name":"wp","href":"https:\/\/api.w.org\/{rel}","templated":true}]}}