

{"id":89720,"date":"2024-07-26T16:19:20","date_gmt":"2024-07-26T16:19:20","guid":{"rendered":"https:\/\/new.aavesa.com\/produs\/noi-szorme-melleny-446\/"},"modified":"2025-11-17T06:23:36","modified_gmt":"2025-11-17T06:23:36","slug":"noi-szorme-melleny-446","status":"publish","type":"product","link":"https:\/\/aavesa.com\/hu\/product\/noi-szorme-melleny-446\/","title":{"rendered":"N\u0151i sz\u0151rme mell\u00e9ny 446"},"content":{"rendered":"<p>N\u0151k sz\u00e1m\u00e1ra tervezett b\u00e1r\u00e1nyb\u0151r mell\u00e9ny. Ez a ruhadarab kellemes geometrikus mint\u00e1val rendelkezik, \u00e9s t\u00f6k\u00e9letes b\u00e1rmilyen alkalmi \u00f6lt\u00f6z\u00e9khez \u00e9s esem\u00e9nyhez.<br \/>\nA k\u00fcls\u0151 r\u00e9sze b\u00e1r\u00e1ny nappa b\u0151rb\u0151l k\u00e9sz\u00fclt, amely ellen\u00e1ll a szennyez\u0151d\u00e9snek \u00e9s a nedvess\u00e9gnek, a bels\u0151 r\u00e9sze pedig b\u00e1r\u00e1nysz\u0151rme, d\u00edsz\u00edtett, \u00edgy a kab\u00e1t gall\u00e9rja is. A b\u00e1r\u00e1nysz\u0151rm\u00e9s mell\u00e9ny modellhez el\u00e9rhet\u0151 sz\u00ednek: s\u00f6t\u00e9tbarna vagy vil\u00e1gosbarna.<br \/>\nA mell\u00e9ny z\u00e1r\u00e1si m\u00f3dja egy nappab\u0151r zsin\u00f3rral \u00e9s k\u00e9t gombbal k\u00e9sz\u00fclt, vagy k\u00fcl\u00f6n-k\u00fcl\u00f6n is haszn\u00e1lhat\u00f3, k\u00fcl\u00f6nb\u00f6z\u0151 megjelen\u00e9st biztos\u00edtva, egy sokoldal\u00fa \u00e9s n\u0151ies term\u00e9khez.<\/p>\n","protected":false},"excerpt":{"rendered":"<p>N\u0151k sz\u00e1m\u00e1ra tervezett b\u00e1r\u00e1nyb\u0151r mell\u00e9ny. Ez a ruhadarab kellemes geometrikus mint\u00e1val rendelkezik, \u00e9s t\u00f6k\u00e9letes b\u00e1rmilyen alkalmi \u00f6lt\u00f6z\u00e9khez \u00e9s esem\u00e9nyhez. A k\u00fcls\u0151 r\u00e9sze b\u00e1r\u00e1ny nappa b\u0151rb\u0151l k\u00e9sz\u00fclt, amely ellen\u00e1ll a szennyez\u0151d\u00e9snek \u00e9s a nedvess\u00e9gnek, a bels\u0151 r\u00e9sze pedig b\u00e1r\u00e1nysz\u0151rme, d\u00edsz\u00edtett, \u00edgy a kab\u00e1t gall\u00e9rja is. A b\u00e1r\u00e1nysz\u0151rm\u00e9s mell\u00e9ny modellhez el\u00e9rhet\u0151 sz\u00ednek: s\u00f6t\u00e9tbarna vagy vil\u00e1gosbarna. A mell\u00e9ny [&hellip;]<\/p>\n","protected":false},"featured_media":81078,"comment_status":"open","ping_status":"closed","template":"","meta":{"_acf_changed":false,"om_disable_all_campaigns":false,"inline_featured_image":false,"_monsterinsights_skip_tracking":false,"_monsterinsights_sitenote_active":false,"_monsterinsights_sitenote_note":"","_monsterinsights_sitenote_category":0},"product_brand":[],"product_cat":[793],"product_tag":[],"class_list":{"0":"post-89720","1":"product","2":"type-product","3":"status-publish","4":"has-post-thumbnail","6":"product_cat-shearling-mellenyek-es-bundas-mellenyek-noknek","8":"first","9":"outofstock","10":"taxable","11":"shipping-taxable","12":"product-type-variable","13":"has-default-attributes","14":"wvs-archive-product-wrapper"},"acf":{"categorie_feed":""},"aioseo_notices":[],"_links":{"self":[{"href":"https:\/\/aavesa.com\/hu\/wp-json\/wp\/v2\/product\/89720","targetHints":{"allow":["GET"]}}],"collection":[{"href":"https:\/\/aavesa.com\/hu\/wp-json\/wp\/v2\/product"}],"about":[{"href":"https:\/\/aavesa.com\/hu\/wp-json\/wp\/v2\/types\/product"}],"replies":[{"embeddable":true,"href":"https:\/\/aavesa.com\/hu\/wp-json\/wp\/v2\/comments?post=89720"}],"wp:featuredmedia":[{"embeddable":true,"href":"https:\/\/aavesa.com\/hu\/wp-json\/wp\/v2\/media\/81078"}],"wp:attachment":[{"href":"https:\/\/aavesa.com\/hu\/wp-json\/wp\/v2\/media?parent=89720"}],"wp:term":[{"taxonomy":"product_brand","embeddable":true,"href":"https:\/\/aavesa.com\/hu\/wp-json\/wp\/v2\/product_brand?post=89720"},{"taxonomy":"product_cat","embeddable":true,"href":"https:\/\/aavesa.com\/hu\/wp-json\/wp\/v2\/product_cat?post=89720"},{"taxonomy":"product_tag","embeddable":true,"href":"https:\/\/aavesa.com\/hu\/wp-json\/wp\/v2\/product_tag?post=89720"}],"curies":[{"name":"wp","href":"https:\/\/api.w.org\/{rel}","templated":true}]}}