

{"id":89728,"date":"2024-07-26T16:19:20","date_gmt":"2024-07-26T16:19:20","guid":{"rendered":"https:\/\/new.aavesa.com\/produs\/ferfi-szorme-melleny-350\/"},"modified":"2025-11-17T06:23:36","modified_gmt":"2025-11-17T06:23:36","slug":"ferfi-szorme-melleny-350","status":"publish","type":"product","link":"https:\/\/aavesa.com\/hu\/product\/ferfi-szorme-melleny-350\/","title":{"rendered":"F\u00e9rfi sz\u0151rme mell\u00e9ny 350"},"content":{"rendered":"<p>F\u00e9rfi mell\u00e9ny b\u00e1r\u00e1nysz\u0151rm\u00e9b\u0151l. Ez a mell\u00e9ny t\u00f6k\u00e9letes v\u00e1laszt\u00e1s tavaszra vagy \u0151szre, megv\u00e9d a h\u0171v\u00f6s id\u0151j\u00e1r\u00e1st\u00f3l. Ennek a mell\u00e9nynek a kialak\u00edt\u00e1sa a k\u00fcls\u0151 r\u00e9teg\u00e9n b\u00e1r\u00e1ny nappab\u0151rb\u0151l k\u00e9sz\u00fclt, amely szennyez\u0151d\u00e9s- \u00e9s nedvess\u00e9g\u00e1ll\u00f3, mivel tart\u00f3s anyag, a bels\u0151 r\u00e9sze pedig 8 mm vastags\u00e1g\u00fara ny\u00edrt merin\u00f3 b\u00e1r\u00e1nysz\u0151rm\u00e9b\u0151l k\u00e9sz\u00fclt, a legoptim\u00e1lisabb k\u00e9nyelem \u00e9rdek\u00e9ben. A mell\u00e9ny cipz\u00e1rral z\u00e1r\u00f3dik, ak\u00e1rcsak a mell\u00e9ny n\u00e9gy zsebe. Ez a mell\u00e9ny speci\u00e1lis varr\u00e1sokkal rendelkezik, a gall\u00e9rja merin\u00f3b\u00e1r\u00e1ny sz\u0151rm\u00e9vel van szeg\u00e9lyezve, \u00e9s h\u00e1rom k\u00fcl\u00f6nb\u00f6z\u0151 sz\u00ednben rendelhet\u0151, v\u00e1lassza ki az \u00d6nnek legmegfelel\u0151bbet.    <\/p>\n","protected":false},"excerpt":{"rendered":"<p>F\u00e9rfi mell\u00e9ny b\u00e1r\u00e1nysz\u0151rm\u00e9b\u0151l. Ez a mell\u00e9ny t\u00f6k\u00e9letes v\u00e1laszt\u00e1s tavaszra vagy \u0151szre, megv\u00e9d a h\u0171v\u00f6s id\u0151j\u00e1r\u00e1st\u00f3l.<br \/>\n<a title=\"M\u00e9retek\" href=\"http:\/\/aavesa.com\/sizes\/\">M\u00e9retek<\/a><\/p>\n","protected":false},"featured_media":81132,"comment_status":"open","ping_status":"closed","template":"","meta":{"_acf_changed":false,"om_disable_all_campaigns":false,"inline_featured_image":false,"_monsterinsights_skip_tracking":false,"_monsterinsights_sitenote_active":false,"_monsterinsights_sitenote_note":"","_monsterinsights_sitenote_category":0},"product_brand":[],"product_cat":[806],"product_tag":[],"class_list":{"0":"post-89728","1":"product","2":"type-product","3":"status-publish","4":"has-post-thumbnail","6":"product_cat-baranybor-es-szorme-mellenyek","8":"first","9":"outofstock","10":"taxable","11":"shipping-taxable","12":"product-type-variable","13":"has-default-attributes","14":"wvs-archive-product-wrapper"},"acf":{"categorie_feed":""},"aioseo_notices":[],"_links":{"self":[{"href":"https:\/\/aavesa.com\/hu\/wp-json\/wp\/v2\/product\/89728","targetHints":{"allow":["GET"]}}],"collection":[{"href":"https:\/\/aavesa.com\/hu\/wp-json\/wp\/v2\/product"}],"about":[{"href":"https:\/\/aavesa.com\/hu\/wp-json\/wp\/v2\/types\/product"}],"replies":[{"embeddable":true,"href":"https:\/\/aavesa.com\/hu\/wp-json\/wp\/v2\/comments?post=89728"}],"wp:featuredmedia":[{"embeddable":true,"href":"https:\/\/aavesa.com\/hu\/wp-json\/wp\/v2\/media\/81132"}],"wp:attachment":[{"href":"https:\/\/aavesa.com\/hu\/wp-json\/wp\/v2\/media?parent=89728"}],"wp:term":[{"taxonomy":"product_brand","embeddable":true,"href":"https:\/\/aavesa.com\/hu\/wp-json\/wp\/v2\/product_brand?post=89728"},{"taxonomy":"product_cat","embeddable":true,"href":"https:\/\/aavesa.com\/hu\/wp-json\/wp\/v2\/product_cat?post=89728"},{"taxonomy":"product_tag","embeddable":true,"href":"https:\/\/aavesa.com\/hu\/wp-json\/wp\/v2\/product_tag?post=89728"}],"curies":[{"name":"wp","href":"https:\/\/api.w.org\/{rel}","templated":true}]}}