

{"id":89743,"date":"2024-07-26T16:19:20","date_gmt":"2024-07-26T16:19:20","guid":{"rendered":"https:\/\/new.aavesa.com\/produs\/baranybor-melleny-441\/"},"modified":"2025-11-17T06:23:33","modified_gmt":"2025-11-17T06:23:33","slug":"baranybor-melleny-441","status":"publish","type":"product","link":"https:\/\/aavesa.com\/hu\/product\/baranybor-melleny-441\/","title":{"rendered":"B\u00e1r\u00e1nyb\u0151r mell\u00e9ny 441"},"content":{"rendered":"<p><a rel=\"nofollow\" href=\"https:\/\/aavesa.com\/hu\/nok\/shearling-mellenyek-es-bundas-mellenyek-noknek\/\">N\u0151i Mouton sz\u0151rmemell\u00e9ny.<\/a> Ez a b\u00e1r\u00e1nyb\u0151r mell\u00e9ny t\u00f6k\u00e9letes egy olyan n\u0151 sz\u00e1m\u00e1ra, aki n\u0151iess\u00e9get \u00e9s eleganci\u00e1t szeretne sug\u00e1rozni, ez a diz\u00e1jn kir\u00e1lyi luxus \u00e9rzetet kelt.<br \/>\nA k\u00fcls\u0151t a fel\u00fcl szeg\u00e9lyezett b\u00e1r\u00e1nyb\u0151r \u00e9s az alul v\u00e1gatlan sz\u0151rme kiegyens\u00falyozott kever\u00e9ke alkotja. A belseje poli\u00e9szter anyaggal van b\u00e9lelve, amely nagyon kellemes \u00e9s eszt\u00e9tikus form\u00e1ban ny\u00fajt k\u00e9nyelmet. A kab\u00e1t ujjainak hossza miatt ez a mell\u00e9ny t\u00f6k\u00e9letes v\u00e1laszt\u00e1s a hidegebb id\u0151j\u00e1r\u00e1shoz. a kab\u00e1t f\u00e9mhorog rendszerrel z\u00e1r\u00f3dik.<br \/>\nEz a ruhadarab egy sz\u00ednben, fekete sz\u00ednben rendelhet\u0151, \u00edgy k\u00f6nnyed\u00e9n illeszkedik minden \u00f6lt\u00f6z\u00e9khez.  <\/p>\n","protected":false},"excerpt":{"rendered":"<p>N\u0151i Mouton sz\u0151rmemell\u00e9ny. Ez a b\u00e1r\u00e1nyb\u0151r mell\u00e9ny t\u00f6k\u00e9letes egy olyan n\u0151 sz\u00e1m\u00e1ra, aki n\u0151iess\u00e9get \u00e9s eleganci\u00e1t szeretne sug\u00e1rozni, ez a diz\u00e1jn kir\u00e1lyi luxus \u00e9rzetet kelt. A k\u00fcls\u0151t a fel\u00fcl szeg\u00e9lyezett b\u00e1r\u00e1nyb\u0151r \u00e9s az alul v\u00e1gatlan sz\u0151rme kiegyens\u00falyozott kever\u00e9ke alkotja. A belseje poli\u00e9szter anyaggal van b\u00e9lelve, amely nagyon kellemes \u00e9s eszt\u00e9tikus form\u00e1ban ny\u00fajt k\u00e9nyelmet. A kab\u00e1t [&hellip;]<\/p>\n","protected":false},"featured_media":81180,"comment_status":"open","ping_status":"closed","template":"","meta":{"_acf_changed":false,"om_disable_all_campaigns":false,"inline_featured_image":false,"_monsterinsights_skip_tracking":false,"_monsterinsights_sitenote_active":false,"_monsterinsights_sitenote_note":"","_monsterinsights_sitenote_category":0},"product_brand":[],"product_cat":[792],"product_tag":[],"class_list":{"0":"post-89743","1":"product","2":"type-product","3":"status-publish","4":"has-post-thumbnail","6":"product_cat-bundas-salak-es-bundas-kopenyek","8":"first","9":"instock","10":"taxable","11":"shipping-taxable","12":"purchasable","13":"product-type-variable","14":"has-default-attributes","15":"wvs-archive-product-wrapper"},"acf":{"categorie_feed":""},"aioseo_notices":[],"_links":{"self":[{"href":"https:\/\/aavesa.com\/hu\/wp-json\/wp\/v2\/product\/89743","targetHints":{"allow":["GET"]}}],"collection":[{"href":"https:\/\/aavesa.com\/hu\/wp-json\/wp\/v2\/product"}],"about":[{"href":"https:\/\/aavesa.com\/hu\/wp-json\/wp\/v2\/types\/product"}],"replies":[{"embeddable":true,"href":"https:\/\/aavesa.com\/hu\/wp-json\/wp\/v2\/comments?post=89743"}],"wp:featuredmedia":[{"embeddable":true,"href":"https:\/\/aavesa.com\/hu\/wp-json\/wp\/v2\/media\/81180"}],"wp:attachment":[{"href":"https:\/\/aavesa.com\/hu\/wp-json\/wp\/v2\/media?parent=89743"}],"wp:term":[{"taxonomy":"product_brand","embeddable":true,"href":"https:\/\/aavesa.com\/hu\/wp-json\/wp\/v2\/product_brand?post=89743"},{"taxonomy":"product_cat","embeddable":true,"href":"https:\/\/aavesa.com\/hu\/wp-json\/wp\/v2\/product_cat?post=89743"},{"taxonomy":"product_tag","embeddable":true,"href":"https:\/\/aavesa.com\/hu\/wp-json\/wp\/v2\/product_tag?post=89743"}],"curies":[{"name":"wp","href":"https:\/\/api.w.org\/{rel}","templated":true}]}}