

{"id":89745,"date":"2024-07-26T16:19:20","date_gmt":"2024-07-26T16:19:20","guid":{"rendered":"https:\/\/new.aavesa.com\/produs\/noi-szorme-melleny-442\/"},"modified":"2025-11-17T06:23:36","modified_gmt":"2025-11-17T06:23:36","slug":"noi-szorme-melleny-442","status":"publish","type":"product","link":"https:\/\/aavesa.com\/hu\/product\/noi-szorme-melleny-442\/","title":{"rendered":"N\u0151i sz\u0151rme mell\u00e9ny 442"},"content":{"rendered":"<p>N\u0151i mell\u00e9ny sarki r\u00f3ka sz\u0151rm\u00e9b\u0151l.<br \/>\nEz a mell\u00e9ny nagyon fontos kieg\u00e9sz\u00edt\u0151je a ruhat\u00e1r\u00e1nak, egy luxus darab, amelyet a legfinomabb anyagokb\u00f3l \u00e9s nagyon k\u00fcl\u00f6nleges kialak\u00edt\u00e1ssal k\u00e9sz\u00edtettek. A k\u00fcls\u0151 r\u00e9sz term\u00e9szetes, t\u00e9rfogatban gazdag sarki r\u00f3ka sz\u0151rm\u00e9b\u0151l k\u00e9sz\u00fclt. Ez a mell\u00e9ny egy fens\u00e9ges r\u00e9szlet, amellyel megmutathatja ruh\u00e1it, egy grandi\u00f3zus forma, amellyel kieg\u00e9sz\u00edtheti \u00f6nmag\u00e1t. A mell\u00e9ny k\u00f6zepes hossz\u00fas\u00e1g\u00fa \u00e9s az ujjai elt\u00e9r\u0151ek, hosszabbak, \u00edgy t\u00f6k\u00e9letes v\u00e1laszt\u00e1s alacsonyabb h\u0151m\u00e9rs\u00e9klet\u0171 rendezv\u00e9nyekre k\u00fclt\u00e9ren, vagy belt\u00e9ren is.<br \/>\nA megrendelhet\u0151 sz\u00edn a feh\u00e9r, a t\u00f6k\u00e9letess\u00e9get \u00e9s tisztas\u00e1got inspir\u00e1l\u00f3 sz\u00edn.<\/p>\n","protected":false},"excerpt":{"rendered":"<p>N\u0151i mell\u00e9ny sarki r\u00f3ka sz\u0151rm\u00e9b\u0151l. Ez a mell\u00e9ny nagyon fontos kieg\u00e9sz\u00edt\u0151je a ruhat\u00e1r\u00e1nak, egy luxus darab, amelyet a legfinomabb anyagokb\u00f3l \u00e9s nagyon k\u00fcl\u00f6nleges kialak\u00edt\u00e1ssal k\u00e9sz\u00edtettek. A k\u00fcls\u0151 r\u00e9sz term\u00e9szetes, t\u00e9rfogatban gazdag sarki r\u00f3ka sz\u0151rm\u00e9b\u0151l k\u00e9sz\u00fclt. Ez a mell\u00e9ny egy fens\u00e9ges r\u00e9szlet, amellyel megmutathatja ruh\u00e1it, egy grandi\u00f3zus forma, amellyel kieg\u00e9sz\u00edtheti \u00f6nmag\u00e1t. A mell\u00e9ny k\u00f6zepes hossz\u00fas\u00e1g\u00fa \u00e9s [&hellip;]<\/p>\n","protected":false},"featured_media":81186,"comment_status":"open","ping_status":"closed","template":"","meta":{"_acf_changed":false,"om_disable_all_campaigns":false,"inline_featured_image":false,"_monsterinsights_skip_tracking":false,"_monsterinsights_sitenote_active":false,"_monsterinsights_sitenote_note":"","_monsterinsights_sitenote_category":0},"product_brand":[],"product_cat":[793],"product_tag":[],"class_list":{"0":"post-89745","1":"product","2":"type-product","3":"status-publish","4":"has-post-thumbnail","6":"product_cat-shearling-mellenyek-es-bundas-mellenyek-noknek","8":"first","9":"outofstock","10":"taxable","11":"shipping-taxable","12":"product-type-variable","13":"has-default-attributes","14":"wvs-archive-product-wrapper"},"acf":{"categorie_feed":""},"aioseo_notices":[],"_links":{"self":[{"href":"https:\/\/aavesa.com\/hu\/wp-json\/wp\/v2\/product\/89745","targetHints":{"allow":["GET"]}}],"collection":[{"href":"https:\/\/aavesa.com\/hu\/wp-json\/wp\/v2\/product"}],"about":[{"href":"https:\/\/aavesa.com\/hu\/wp-json\/wp\/v2\/types\/product"}],"replies":[{"embeddable":true,"href":"https:\/\/aavesa.com\/hu\/wp-json\/wp\/v2\/comments?post=89745"}],"wp:featuredmedia":[{"embeddable":true,"href":"https:\/\/aavesa.com\/hu\/wp-json\/wp\/v2\/media\/81186"}],"wp:attachment":[{"href":"https:\/\/aavesa.com\/hu\/wp-json\/wp\/v2\/media?parent=89745"}],"wp:term":[{"taxonomy":"product_brand","embeddable":true,"href":"https:\/\/aavesa.com\/hu\/wp-json\/wp\/v2\/product_brand?post=89745"},{"taxonomy":"product_cat","embeddable":true,"href":"https:\/\/aavesa.com\/hu\/wp-json\/wp\/v2\/product_cat?post=89745"},{"taxonomy":"product_tag","embeddable":true,"href":"https:\/\/aavesa.com\/hu\/wp-json\/wp\/v2\/product_tag?post=89745"}],"curies":[{"name":"wp","href":"https:\/\/api.w.org\/{rel}","templated":true}]}}