

{"id":89751,"date":"2024-07-26T16:19:21","date_gmt":"2024-07-26T16:19:21","guid":{"rendered":"https:\/\/new.aavesa.com\/produs\/noi-szorme-melleny-445\/"},"modified":"2025-11-17T06:23:34","modified_gmt":"2025-11-17T06:23:34","slug":"noi-szorme-melleny-445","status":"publish","type":"product","link":"https:\/\/aavesa.com\/hu\/product\/noi-szorme-melleny-445\/","title":{"rendered":"N\u0151i sz\u0151rme mell\u00e9ny 445"},"content":{"rendered":"<p>Ez a n\u0151i sz\u0151rmemell\u00e9ny gy\u00f6ny\u00f6r\u0171 kieg\u00e9sz\u00edt\u0151je lehet a ruhat\u00e1radnak, egy luxust \u00e9s eleganci\u00e1t sugall\u00f3 mell\u00e9ny. K\u00fclseje r\u00f3kabunda darabokb\u00f3l k\u00e9sz\u00fclt, egyedi sz\u00ednekkel, kontrasztos varr\u00e1ssal, \u00edgy a fels\u0151 r\u00e9sze ellent\u00e9tben \u00e1ll az als\u00f3 fel\u00e9vel. Ez a csod\u00e1latos r\u00f3kabunda mell\u00e9ny bel\u00fclr\u0151l b\u00e9lelt a t\u00f6k\u00e9letes k\u00e9nyelem \u00e9rdek\u00e9ben. A z\u00e1r\u00e1s h\u00e1rom klipsz seg\u00edts\u00e9g\u00e9vel t\u00f6rt\u00e9nik. Egy m\u00e1sik r\u00e9szlet, ami ezt a mell\u00e9nyt nagyszer\u0171 v\u00e1laszt\u00e1ss\u00e1 teszi, a zsebek, amelyek nagyon praktikusak.<br \/>\nA mell\u00e9ny rendelhet\u0151:barna vagy vil\u00e1gosbarna.    <\/p>\n","protected":false},"excerpt":{"rendered":"<p>Ez a n\u0151i sz\u0151rmemell\u00e9ny gy\u00f6ny\u00f6r\u0171 kieg\u00e9sz\u00edt\u0151je lehet a ruhat\u00e1radnak, egy luxust \u00e9s eleganci\u00e1t sugall\u00f3 mell\u00e9ny. K\u00fclseje r\u00f3kabunda darabokb\u00f3l k\u00e9sz\u00fclt, egyedi sz\u00ednekkel, kontrasztos varr\u00e1ssal, \u00edgy a fels\u0151 r\u00e9sze ellent\u00e9tben \u00e1ll az als\u00f3 fel\u00e9vel. Ez a csod\u00e1latos r\u00f3kabunda mell\u00e9ny bel\u00fclr\u0151l b\u00e9lelt a t\u00f6k\u00e9letes k\u00e9nyelem \u00e9rdek\u00e9ben. A z\u00e1r\u00e1s h\u00e1rom klipsz seg\u00edts\u00e9g\u00e9vel t\u00f6rt\u00e9nik. Egy m\u00e1sik r\u00e9szlet, ami ezt a [&hellip;]<\/p>\n","protected":false},"featured_media":81202,"comment_status":"open","ping_status":"closed","template":"","meta":{"_acf_changed":false,"om_disable_all_campaigns":false,"inline_featured_image":false,"_monsterinsights_skip_tracking":false,"_monsterinsights_sitenote_active":false,"_monsterinsights_sitenote_note":"","_monsterinsights_sitenote_category":0},"product_brand":[],"product_cat":[765,793],"product_tag":[],"class_list":{"0":"post-89751","1":"product","2":"type-product","3":"status-publish","4":"has-post-thumbnail","6":"product_cat-roka-szorme","7":"product_cat-shearling-mellenyek-es-bundas-mellenyek-noknek","9":"first","10":"outofstock","11":"taxable","12":"shipping-taxable","13":"product-type-variable","14":"has-default-attributes","15":"wvs-archive-product-wrapper"},"acf":{"categorie_feed":""},"aioseo_notices":[],"_links":{"self":[{"href":"https:\/\/aavesa.com\/hu\/wp-json\/wp\/v2\/product\/89751","targetHints":{"allow":["GET"]}}],"collection":[{"href":"https:\/\/aavesa.com\/hu\/wp-json\/wp\/v2\/product"}],"about":[{"href":"https:\/\/aavesa.com\/hu\/wp-json\/wp\/v2\/types\/product"}],"replies":[{"embeddable":true,"href":"https:\/\/aavesa.com\/hu\/wp-json\/wp\/v2\/comments?post=89751"}],"wp:featuredmedia":[{"embeddable":true,"href":"https:\/\/aavesa.com\/hu\/wp-json\/wp\/v2\/media\/81202"}],"wp:attachment":[{"href":"https:\/\/aavesa.com\/hu\/wp-json\/wp\/v2\/media?parent=89751"}],"wp:term":[{"taxonomy":"product_brand","embeddable":true,"href":"https:\/\/aavesa.com\/hu\/wp-json\/wp\/v2\/product_brand?post=89751"},{"taxonomy":"product_cat","embeddable":true,"href":"https:\/\/aavesa.com\/hu\/wp-json\/wp\/v2\/product_cat?post=89751"},{"taxonomy":"product_tag","embeddable":true,"href":"https:\/\/aavesa.com\/hu\/wp-json\/wp\/v2\/product_tag?post=89751"}],"curies":[{"name":"wp","href":"https:\/\/api.w.org\/{rel}","templated":true}]}}