

{"id":89754,"date":"2024-07-26T16:19:21","date_gmt":"2024-07-26T16:19:21","guid":{"rendered":"https:\/\/new.aavesa.com\/produs\/ferfi-baranybor-sapka-502\/"},"modified":"2025-11-17T06:23:33","modified_gmt":"2025-11-17T06:23:33","slug":"ferfi-baranybor-sapka-502","status":"publish","type":"product","link":"https:\/\/aavesa.com\/hu\/product\/ferfi-baranybor-sapka-502\/","title":{"rendered":"F\u00e9rfi b\u00e1r\u00e1nyb\u0151r sapka 502"},"content":{"rendered":"<p><a href=\"https:\/\/aavesa.com\/hu\/ferfiak\/shearling-kalapok-bundas-kalapok-ferfiaknak\/\">F\u00e9rfi kalap<\/a>, k\u00e9zzel k\u00e9sz\u00fclt term\u00e9szetes b\u00e1r\u00e1nybund\u00e1b\u00f3l. A f\u00e9rfi b\u00e1r\u00e1nyb\u0151r sapka k\u00fclseje nappab\u0151rb\u0151l k\u00e9sz\u00fclt, ellen\u00e1ll a szennyez\u0151d\u00e9snek \u00e9s a nedvess\u00e9gnek, \u00e9s tart\u00f3s. Bel\u00fcl 8 mm vastags\u00e1g\u00fara ny\u00edrt merin\u00f3 b\u00e1r\u00e1nysz\u0151rme, k\u00e9nyelmet biztos\u00edt izzad\u00e1s n\u00e9lk\u00fcl. Sokoldal\u00faan haszn\u00e1lhat\u00f3 sapka, amely az \u00e1ll alatt, a nyakn\u00e1l vagy a fej tetej\u00e9n r\u00f6gz\u00edtett f\u00fclekkel viselhet\u0151. A sapka remek aj\u00e1nd\u00e9k lehet, \u00e9s t\u00f6bb sz\u00ednben is megrendelhet\u0151.    <\/p>\n","protected":false},"excerpt":{"rendered":"<p>F\u00e9rfi kalap, k\u00e9zzel k\u00e9sz\u00fclt term\u00e9szetes b\u00e1r\u00e1nybund\u00e1b\u00f3l. A f\u00e9rfi b\u00e1r\u00e1nyb\u0151r sapka k\u00fclseje nappab\u0151rb\u0151l k\u00e9sz\u00fclt, ellen\u00e1ll a szennyez\u0151d\u00e9snek \u00e9s a nedvess\u00e9gnek, \u00e9s tart\u00f3s. Bel\u00fcl 8 mm vastags\u00e1g\u00fara ny\u00edrt merin\u00f3 b\u00e1r\u00e1nysz\u0151rme, k\u00e9nyelmet biztos\u00edt izzad\u00e1s n\u00e9lk\u00fcl. Sokoldal\u00faan haszn\u00e1lhat\u00f3 sapka, amely az \u00e1ll alatt, a nyakn\u00e1l vagy a fej tetej\u00e9n r\u00f6gz\u00edtett f\u00fclekkel viselhet\u0151. A sapka remek aj\u00e1nd\u00e9k lehet, \u00e9s t\u00f6bb [&hellip;]<\/p>\n","protected":false},"featured_media":81220,"comment_status":"open","ping_status":"closed","template":"","meta":{"_acf_changed":false,"om_disable_all_campaigns":false,"inline_featured_image":false,"_monsterinsights_skip_tracking":false,"_monsterinsights_sitenote_active":false,"_monsterinsights_sitenote_note":"","_monsterinsights_sitenote_category":0},"product_brand":[],"product_cat":[725,736,737],"product_tag":[],"class_list":{"0":"post-89754","1":"product","2":"type-product","3":"status-publish","4":"has-post-thumbnail","6":"product_cat-ferfiak","7":"product_cat-shearling-kalapok-bundas-kalapok-ferfiaknak","8":"product_cat-teli-sapkak","10":"first","11":"instock","12":"taxable","13":"shipping-taxable","14":"purchasable","15":"product-type-variable","16":"has-default-attributes","17":"wvs-archive-product-wrapper"},"acf":{"categorie_feed":""},"aioseo_notices":[],"_links":{"self":[{"href":"https:\/\/aavesa.com\/hu\/wp-json\/wp\/v2\/product\/89754","targetHints":{"allow":["GET"]}}],"collection":[{"href":"https:\/\/aavesa.com\/hu\/wp-json\/wp\/v2\/product"}],"about":[{"href":"https:\/\/aavesa.com\/hu\/wp-json\/wp\/v2\/types\/product"}],"replies":[{"embeddable":true,"href":"https:\/\/aavesa.com\/hu\/wp-json\/wp\/v2\/comments?post=89754"}],"wp:featuredmedia":[{"embeddable":true,"href":"https:\/\/aavesa.com\/hu\/wp-json\/wp\/v2\/media\/81220"}],"wp:attachment":[{"href":"https:\/\/aavesa.com\/hu\/wp-json\/wp\/v2\/media?parent=89754"}],"wp:term":[{"taxonomy":"product_brand","embeddable":true,"href":"https:\/\/aavesa.com\/hu\/wp-json\/wp\/v2\/product_brand?post=89754"},{"taxonomy":"product_cat","embeddable":true,"href":"https:\/\/aavesa.com\/hu\/wp-json\/wp\/v2\/product_cat?post=89754"},{"taxonomy":"product_tag","embeddable":true,"href":"https:\/\/aavesa.com\/hu\/wp-json\/wp\/v2\/product_tag?post=89754"}],"curies":[{"name":"wp","href":"https:\/\/api.w.org\/{rel}","templated":true}]}}