

{"id":89760,"date":"2024-07-26T16:19:30","date_gmt":"2024-07-26T16:19:30","guid":{"rendered":"https:\/\/new.aavesa.com\/produs\/baranybor-sapka-511\/"},"modified":"2025-11-17T06:23:29","modified_gmt":"2025-11-17T06:23:29","slug":"baranybor-sapka-511","status":"publish","type":"product","link":"https:\/\/aavesa.com\/hu\/product\/baranybor-sapka-511\/","title":{"rendered":"B\u00e1r\u00e1nyb\u0151r sapka 511"},"content":{"rendered":"<p>B\u00e1r\u00e1nybund\u00e1b\u00f3l k\u00e9sz\u00fclt kalap. Ez a kalap f\u00e9rfiaknak k\u00e9sz\u00fclt, k\u00edv\u00fclr\u0151l nappab\u0151r, egy tart\u00f3s anyag, amely a term\u00e9k nagy tart\u00f3ss\u00e1g\u00e1t biztos\u00edtja. Belseje b\u00e1r\u00e1nyb\u0151r, 8 mm vastags\u00e1g\u00fara ny\u00edrva. A b\u00e1r\u00e1nyb\u0151r k\u00edv\u00fclr\u0151l l\u00e9legz\u0151v\u00e9 teszi, a bels\u0151 pedig megtartja a t\u00f6k\u00e9letes h\u0151m\u00e9rs\u00e9kletet a t\u00f6k\u00e9letes k\u00e9nyelem \u00e9rdek\u00e9ben, izzad\u00e1s n\u00e9lk\u00fcl.<br \/>\nEz a sz\u0151rme sapka sokoldal\u00fa modell, viselhet\u0151 az \u00e1llhoz, a nyakhoz vagy a fej tetej\u00e9re k\u00f6t\u00f6tt f\u00fclv\u00e9d\u0151vel. A f\u00fcleket egy b\u0151rcs\u00edk z\u00e1rja. Ezt a term\u00e9szetes b\u00e1r\u00e1nyb\u0151r sapk\u00e1t a k\u00f6vetkez\u0151 sz\u00ednben rendelheti meg: vil\u00e1gosbarna.<\/p>\n","protected":false},"excerpt":{"rendered":"<p>B\u00e1r\u00e1nybund\u00e1b\u00f3l k\u00e9sz\u00fclt kalap. Ez a kalap f\u00e9rfiaknak k\u00e9sz\u00fclt, k\u00edv\u00fclr\u0151l nappab\u0151r, egy tart\u00f3s anyag, amely a term\u00e9k nagy tart\u00f3ss\u00e1g\u00e1t biztos\u00edtja. Belseje b\u00e1r\u00e1nyb\u0151r, 8 mm vastags\u00e1g\u00fara ny\u00edrva. A b\u00e1r\u00e1nyb\u0151r k\u00edv\u00fclr\u0151l l\u00e9legz\u0151v\u00e9 teszi, a bels\u0151 pedig megtartja a t\u00f6k\u00e9letes h\u0151m\u00e9rs\u00e9kletet a t\u00f6k\u00e9letes k\u00e9nyelem \u00e9rdek\u00e9ben, izzad\u00e1s n\u00e9lk\u00fcl. Ez a sz\u0151rme sapka sokoldal\u00fa modell, viselhet\u0151 az \u00e1llhoz, a nyakhoz vagy [&hellip;]<\/p>\n","protected":false},"featured_media":81249,"comment_status":"open","ping_status":"closed","template":"","meta":{"_acf_changed":false,"om_disable_all_campaigns":false,"inline_featured_image":false,"_monsterinsights_skip_tracking":false,"_monsterinsights_sitenote_active":false,"_monsterinsights_sitenote_note":"","_monsterinsights_sitenote_category":0},"product_brand":[],"product_cat":[725,736,737],"product_tag":[],"class_list":{"0":"post-89760","1":"product","2":"type-product","3":"status-publish","4":"has-post-thumbnail","6":"product_cat-ferfiak","7":"product_cat-shearling-kalapok-bundas-kalapok-ferfiaknak","8":"product_cat-teli-sapkak","10":"first","11":"outofstock","12":"taxable","13":"shipping-taxable","14":"product-type-variable","15":"has-default-attributes","16":"wvs-archive-product-wrapper"},"acf":{"categorie_feed":""},"aioseo_notices":[],"_links":{"self":[{"href":"https:\/\/aavesa.com\/hu\/wp-json\/wp\/v2\/product\/89760","targetHints":{"allow":["GET"]}}],"collection":[{"href":"https:\/\/aavesa.com\/hu\/wp-json\/wp\/v2\/product"}],"about":[{"href":"https:\/\/aavesa.com\/hu\/wp-json\/wp\/v2\/types\/product"}],"replies":[{"embeddable":true,"href":"https:\/\/aavesa.com\/hu\/wp-json\/wp\/v2\/comments?post=89760"}],"wp:featuredmedia":[{"embeddable":true,"href":"https:\/\/aavesa.com\/hu\/wp-json\/wp\/v2\/media\/81249"}],"wp:attachment":[{"href":"https:\/\/aavesa.com\/hu\/wp-json\/wp\/v2\/media?parent=89760"}],"wp:term":[{"taxonomy":"product_brand","embeddable":true,"href":"https:\/\/aavesa.com\/hu\/wp-json\/wp\/v2\/product_brand?post=89760"},{"taxonomy":"product_cat","embeddable":true,"href":"https:\/\/aavesa.com\/hu\/wp-json\/wp\/v2\/product_cat?post=89760"},{"taxonomy":"product_tag","embeddable":true,"href":"https:\/\/aavesa.com\/hu\/wp-json\/wp\/v2\/product_tag?post=89760"}],"curies":[{"name":"wp","href":"https:\/\/api.w.org\/{rel}","templated":true}]}}