

{"id":89764,"date":"2024-07-26T16:19:30","date_gmt":"2024-07-26T16:19:30","guid":{"rendered":"https:\/\/new.aavesa.com\/produs\/noi-premes-sapka-509\/"},"modified":"2025-11-17T06:23:28","modified_gmt":"2025-11-17T06:23:28","slug":"noi-premes-sapka-509","status":"publish","type":"product","link":"https:\/\/aavesa.com\/hu\/product\/noi-premes-sapka-509\/","title":{"rendered":"N\u0151i pr\u00e9mes sapka 509"},"content":{"rendered":"<p>Sarkr\u00f3ka sz\u0151rm\u00e9b\u0151l \u00e9s b\u00e1r\u00e1nyb\u0151rb\u0151l k\u00e9sz\u00fclt sapka, n\u0151i. Ez a kieg\u00e9sz\u00edt\u0151 egyszer\u0171 kialak\u00edt\u00e1s\u00fa, de szem\u00e9lyis\u00e9ggel rendelkezik, k\u00f6sz\u00f6nhet\u0151en a k\u00fcls\u0151, gazdag t\u00e9rfogat\u00fa sarki r\u00f3ka sz\u0151rm\u00e9nek, amely biztosan kiemelkedik a t\u00f6megb\u0151l. K\u00edv\u00fclr\u0151l b\u00e1r\u00e1ny nappab\u0151r, bel\u00fclr\u0151l pedig b\u00e1r\u00e1nyb\u0151r, ny\u00edrt. Ez a n\u0151i sz\u0151rme sapka t\u00f6bb sz\u00ednben is megrendelhet\u0151, \u00edgy remek aj\u00e1nd\u00e9k lehet szeretteinknek.  <\/p>\n","protected":false},"excerpt":{"rendered":"<p>Sarkr\u00f3ka sz\u0151rm\u00e9b\u0151l \u00e9s b\u00e1r\u00e1nyb\u0151rb\u0151l k\u00e9sz\u00fclt sapka, n\u0151i. Ez a kieg\u00e9sz\u00edt\u0151 egyszer\u0171 kialak\u00edt\u00e1s\u00fa, de szem\u00e9lyis\u00e9ggel rendelkezik, k\u00f6sz\u00f6nhet\u0151en a k\u00fcls\u0151, gazdag t\u00e9rfogat\u00fa sarki r\u00f3ka sz\u0151rm\u00e9nek, amely biztosan kiemelkedik a t\u00f6megb\u0151l. K\u00edv\u00fclr\u0151l b\u00e1r\u00e1ny nappab\u0151r, bel\u00fclr\u0151l pedig b\u00e1r\u00e1nyb\u0151r, ny\u00edrt. Ez a n\u0151i sz\u0151rme sapka t\u00f6bb sz\u00ednben is megrendelhet\u0151, \u00edgy remek aj\u00e1nd\u00e9k lehet szeretteinknek.<\/p>\n","protected":false},"featured_media":81267,"comment_status":"open","ping_status":"closed","template":"","meta":{"_acf_changed":false,"om_disable_all_campaigns":false,"inline_featured_image":false,"_monsterinsights_skip_tracking":false,"_monsterinsights_sitenote_active":false,"_monsterinsights_sitenote_note":"","_monsterinsights_sitenote_category":0},"product_brand":[],"product_cat":[750,795,741,765,737],"product_tag":[],"class_list":{"0":"post-89764","1":"product","2":"type-product","3":"status-publish","4":"has-post-thumbnail","6":"product_cat-bundas-kalapok-shearling-kalapok-noknek","7":"product_cat-kiegeszitok","8":"product_cat-nok","9":"product_cat-roka-szorme","10":"product_cat-teli-sapkak","12":"first","13":"instock","14":"taxable","15":"shipping-taxable","16":"purchasable","17":"product-type-variable","18":"has-default-attributes","19":"wvs-archive-product-wrapper"},"acf":{"categorie_feed":""},"aioseo_notices":[],"_links":{"self":[{"href":"https:\/\/aavesa.com\/hu\/wp-json\/wp\/v2\/product\/89764","targetHints":{"allow":["GET"]}}],"collection":[{"href":"https:\/\/aavesa.com\/hu\/wp-json\/wp\/v2\/product"}],"about":[{"href":"https:\/\/aavesa.com\/hu\/wp-json\/wp\/v2\/types\/product"}],"replies":[{"embeddable":true,"href":"https:\/\/aavesa.com\/hu\/wp-json\/wp\/v2\/comments?post=89764"}],"wp:featuredmedia":[{"embeddable":true,"href":"https:\/\/aavesa.com\/hu\/wp-json\/wp\/v2\/media\/81267"}],"wp:attachment":[{"href":"https:\/\/aavesa.com\/hu\/wp-json\/wp\/v2\/media?parent=89764"}],"wp:term":[{"taxonomy":"product_brand","embeddable":true,"href":"https:\/\/aavesa.com\/hu\/wp-json\/wp\/v2\/product_brand?post=89764"},{"taxonomy":"product_cat","embeddable":true,"href":"https:\/\/aavesa.com\/hu\/wp-json\/wp\/v2\/product_cat?post=89764"},{"taxonomy":"product_tag","embeddable":true,"href":"https:\/\/aavesa.com\/hu\/wp-json\/wp\/v2\/product_tag?post=89764"}],"curies":[{"name":"wp","href":"https:\/\/api.w.org\/{rel}","templated":true}]}}