

{"id":89768,"date":"2024-07-26T16:19:30","date_gmt":"2024-07-26T16:19:30","guid":{"rendered":"https:\/\/new.aavesa.com\/produs\/noi-premes-sapka-521\/"},"modified":"2025-11-17T06:23:26","modified_gmt":"2025-11-17T06:23:26","slug":"noi-premes-sapka-521","status":"publish","type":"product","link":"https:\/\/aavesa.com\/hu\/product\/noi-premes-sapka-521\/","title":{"rendered":"N\u0151i pr\u00e9mes sapka 521"},"content":{"rendered":"<p>N\u0151i sapka, egyszer\u0171 \u00e9s n\u0151ies kialak\u00edt\u00e1ssal, k\u00e9nyelmes anyagb\u00f3l. A sapka k\u00fcl\u00f6nleges anyagb\u00f3l k\u00e9sz\u00fclt \u00e9s gazdag t\u00e9rfogat\u00fa, term\u00e9szetes sarki r\u00f3ka sz\u0151rm\u00e9b\u0151l vagy mos\u00f3medv\u00e9b\u0151l k\u00e9sz\u00fclt . A term\u00e9k t\u00f6bb sz\u00ednben kaphat\u00f3, kontrasztos masnival a sapk\u00e1n. A kalap a nap b\u00e1rmely szak\u00e1ban viselhet\u0151, mivel alkalmi kieg\u00e9sz\u00edt\u0151, k\u00f6nnyen \u00f6sszeilleszthet\u0151.   <\/p>\n","protected":false},"excerpt":{"rendered":"<p>N\u0151i sapka, egyszer\u0171 \u00e9s n\u0151ies kialak\u00edt\u00e1ssal, k\u00e9nyelmes anyagb\u00f3l. A sapka k\u00fcl\u00f6nleges anyagb\u00f3l k\u00e9sz\u00fclt \u00e9s gazdag t\u00e9rfogat\u00fa, term\u00e9szetes sarki r\u00f3ka sz\u0151rm\u00e9b\u0151l vagy mos\u00f3medv\u00e9b\u0151l k\u00e9sz\u00fclt . A term\u00e9k t\u00f6bb sz\u00ednben kaphat\u00f3, kontrasztos masnival a sapk\u00e1n. A kalap a nap b\u00e1rmely szak\u00e1ban viselhet\u0151, mivel alkalmi kieg\u00e9sz\u00edt\u0151, k\u00f6nnyen \u00f6sszeilleszthet\u0151.<\/p>\n","protected":false},"featured_media":81286,"comment_status":"open","ping_status":"closed","template":"","meta":{"_acf_changed":false,"om_disable_all_campaigns":false,"inline_featured_image":false,"_monsterinsights_skip_tracking":false,"_monsterinsights_sitenote_active":false,"_monsterinsights_sitenote_note":"","_monsterinsights_sitenote_category":0},"product_brand":[],"product_cat":[750,795,737],"product_tag":[],"class_list":{"0":"post-89768","1":"product","2":"type-product","3":"status-publish","4":"has-post-thumbnail","6":"product_cat-bundas-kalapok-shearling-kalapok-noknek","7":"product_cat-kiegeszitok","8":"product_cat-teli-sapkak","10":"first","11":"outofstock","12":"taxable","13":"shipping-taxable","14":"product-type-variable","15":"has-default-attributes","16":"wvs-archive-product-wrapper"},"acf":{"categorie_feed":""},"aioseo_notices":[],"_links":{"self":[{"href":"https:\/\/aavesa.com\/hu\/wp-json\/wp\/v2\/product\/89768","targetHints":{"allow":["GET"]}}],"collection":[{"href":"https:\/\/aavesa.com\/hu\/wp-json\/wp\/v2\/product"}],"about":[{"href":"https:\/\/aavesa.com\/hu\/wp-json\/wp\/v2\/types\/product"}],"replies":[{"embeddable":true,"href":"https:\/\/aavesa.com\/hu\/wp-json\/wp\/v2\/comments?post=89768"}],"wp:featuredmedia":[{"embeddable":true,"href":"https:\/\/aavesa.com\/hu\/wp-json\/wp\/v2\/media\/81286"}],"wp:attachment":[{"href":"https:\/\/aavesa.com\/hu\/wp-json\/wp\/v2\/media?parent=89768"}],"wp:term":[{"taxonomy":"product_brand","embeddable":true,"href":"https:\/\/aavesa.com\/hu\/wp-json\/wp\/v2\/product_brand?post=89768"},{"taxonomy":"product_cat","embeddable":true,"href":"https:\/\/aavesa.com\/hu\/wp-json\/wp\/v2\/product_cat?post=89768"},{"taxonomy":"product_tag","embeddable":true,"href":"https:\/\/aavesa.com\/hu\/wp-json\/wp\/v2\/product_tag?post=89768"}],"curies":[{"name":"wp","href":"https:\/\/api.w.org\/{rel}","templated":true}]}}