

{"id":89771,"date":"2024-07-26T16:19:30","date_gmt":"2024-07-26T16:19:30","guid":{"rendered":"https:\/\/new.aavesa.com\/produs\/noi-nyiro-nyakkendo-960\/"},"modified":"2025-11-17T06:23:29","modified_gmt":"2025-11-17T06:23:29","slug":"noi-nyiro-nyakkendo-960","status":"publish","type":"product","link":"https:\/\/aavesa.com\/hu\/product\/noi-nyiro-nyakkendo-960\/","title":{"rendered":"N\u0151i ny\u00edrb\u00e1tor s\u00e1l 960"},"content":{"rendered":"<p>Term\u00e9szetes b\u00e1r\u00e1nyb\u0151rb\u0151l k\u00e9sz\u00fclt s\u00e1l. A s\u00e1l belsej\u00e9ben az egyik oldalon b\u00e1r\u00e1ny-nappab\u0151r, a m\u00e1sik oldalon pedig 8 mm vastags\u00e1g\u00fa, ny\u00edrt merin\u00f3 b\u00e1r\u00e1nyb\u0151r tal\u00e1lhat\u00f3. A <a href=\"https:\/\/aavesa.com\/hu\/nok\/szorme-nyakkendo\/\">n\u0151i juh\u00e1szs\u00e1l<\/a> nagyon k\u00f6nnyen haszn\u00e1lhat\u00f3 szor\u00edt\u00f3rendszerrel rendelkezik, amely nagyobb biztons\u00e1got ny\u00fajt a hideg napokon. Ez a sz\u0151rme s\u00e1l modell egy k\u00fcl\u00f6nleges modell, amelynek a sz\u00e9l\u00e9n sz\u0151rme van, ellent\u00e9tben a b\u00e1r\u00e1nyb\u0151r nappa b\u0151rrel. a s\u00e1lhoz el\u00e9rhet\u0151 sz\u00edn a taupe, nagyon k\u00f6nnyen illeszkedik a t\u00e9li ruh\u00e1khoz.   <\/p>\n","protected":false},"excerpt":{"rendered":"<p>Term\u00e9szetes b\u00e1r\u00e1nyb\u0151rb\u0151l k\u00e9sz\u00fclt s\u00e1l. A s\u00e1l belsej\u00e9ben az egyik oldalon b\u00e1r\u00e1ny-nappab\u0151r, a m\u00e1sik oldalon pedig 8 mm vastags\u00e1g\u00fa, ny\u00edrt merin\u00f3 b\u00e1r\u00e1nyb\u0151r tal\u00e1lhat\u00f3. A n\u0151i juh\u00e1szs\u00e1l nagyon k\u00f6nnyen haszn\u00e1lhat\u00f3 szor\u00edt\u00f3rendszerrel rendelkezik, amely nagyobb biztons\u00e1got ny\u00fajt a hideg napokon. Ez a sz\u0151rme s\u00e1l modell egy k\u00fcl\u00f6nleges modell, amelynek a sz\u00e9l\u00e9n sz\u0151rme van, ellent\u00e9tben a b\u00e1r\u00e1nyb\u0151r nappa b\u0151rrel. [&hellip;]<\/p>\n","protected":false},"featured_media":96643,"comment_status":"open","ping_status":"closed","template":"","meta":{"_acf_changed":false,"om_disable_all_campaigns":false,"inline_featured_image":false,"_monsterinsights_skip_tracking":false,"_monsterinsights_sitenote_active":false,"_monsterinsights_sitenote_note":"","_monsterinsights_sitenote_category":0},"product_brand":[],"product_cat":[795,741,808],"product_tag":[],"class_list":{"0":"post-89771","1":"product","2":"type-product","3":"status-publish","4":"has-post-thumbnail","6":"product_cat-kiegeszitok","7":"product_cat-nok","8":"product_cat-szorme-nyakkendo","10":"first","11":"instock","12":"taxable","13":"shipping-taxable","14":"purchasable","15":"product-type-variable","16":"wvs-archive-product-wrapper"},"acf":{"categorie_feed":""},"aioseo_notices":[],"_links":{"self":[{"href":"https:\/\/aavesa.com\/hu\/wp-json\/wp\/v2\/product\/89771","targetHints":{"allow":["GET"]}}],"collection":[{"href":"https:\/\/aavesa.com\/hu\/wp-json\/wp\/v2\/product"}],"about":[{"href":"https:\/\/aavesa.com\/hu\/wp-json\/wp\/v2\/types\/product"}],"replies":[{"embeddable":true,"href":"https:\/\/aavesa.com\/hu\/wp-json\/wp\/v2\/comments?post=89771"}],"wp:featuredmedia":[{"embeddable":true,"href":"https:\/\/aavesa.com\/hu\/wp-json\/wp\/v2\/media\/96643"}],"wp:attachment":[{"href":"https:\/\/aavesa.com\/hu\/wp-json\/wp\/v2\/media?parent=89771"}],"wp:term":[{"taxonomy":"product_brand","embeddable":true,"href":"https:\/\/aavesa.com\/hu\/wp-json\/wp\/v2\/product_brand?post=89771"},{"taxonomy":"product_cat","embeddable":true,"href":"https:\/\/aavesa.com\/hu\/wp-json\/wp\/v2\/product_cat?post=89771"},{"taxonomy":"product_tag","embeddable":true,"href":"https:\/\/aavesa.com\/hu\/wp-json\/wp\/v2\/product_tag?post=89771"}],"curies":[{"name":"wp","href":"https:\/\/api.w.org\/{rel}","templated":true}]}}