

{"id":89775,"date":"2024-07-26T16:19:31","date_gmt":"2024-07-26T16:19:31","guid":{"rendered":"https:\/\/new.aavesa.com\/produs\/noi-nyiro-nyakkendo-961\/"},"modified":"2025-11-17T06:23:29","modified_gmt":"2025-11-17T06:23:29","slug":"noi-nyiro-nyakkendo-961","status":"publish","type":"product","link":"https:\/\/aavesa.com\/hu\/product\/noi-nyiro-nyakkendo-961\/","title":{"rendered":"N\u0151i ny\u00edrb\u00e1tor s\u00e1l 961"},"content":{"rendered":"<p>Ha j\u00f3l akarsz kin\u00e9zni \u00e9s j\u00f3l \u00e9rezni magad a t\u00e9li szezonban, v\u00e1laszd ezt a <a href=\"https:\/\/aavesa.com\/hu\/nok\/szorme-nyakkendo\/\">n\u0151i s\u00e1lat<\/a>. Ennek a s\u00e1lnak az anyaga term\u00e9szetes anyagb\u00f3l k\u00e9sz\u00fclt, egyik oldal\u00e1n b\u00e1r\u00e1ny nappa b\u0151rt tal\u00e1lunk, a m\u00e1sik oldalon pedig term\u00e9szetes merin\u00f3 b\u00e1r\u00e1nysz\u0151rzetet, 8 mm vastags\u00e1g\u00fara ny\u00edrva. Ez a kieg\u00e9sz\u00edt\u0151 egy sz\u00ednv\u00e1ltozatban kaphat\u00f3: vil\u00e1gosbarna. A s\u00e1l k\u00f6nnyen haszn\u00e1lhat\u00f3 \u00e9s nagyobb biztons\u00e1got ny\u00fajt az alacsonyabb h\u0151m\u00e9rs\u00e9klet\u0171 napokon.   <\/p>\n","protected":false},"excerpt":{"rendered":"<p>Ha j\u00f3l akarsz kin\u00e9zni \u00e9s j\u00f3l \u00e9rezni magad a t\u00e9li szezonban, v\u00e1laszd ezt a n\u0151i s\u00e1lat. Ennek a s\u00e1lnak az anyaga term\u00e9szetes anyagb\u00f3l k\u00e9sz\u00fclt, egyik oldal\u00e1n b\u00e1r\u00e1ny nappa b\u0151rt tal\u00e1lunk, a m\u00e1sik oldalon pedig term\u00e9szetes merin\u00f3 b\u00e1r\u00e1nysz\u0151rzetet, 8 mm vastags\u00e1g\u00fara ny\u00edrva. Ez a kieg\u00e9sz\u00edt\u0151 egy sz\u00ednv\u00e1ltozatban kaphat\u00f3: vil\u00e1gosbarna. A s\u00e1l k\u00f6nnyen haszn\u00e1lhat\u00f3 \u00e9s nagyobb biztons\u00e1got [&hellip;]<\/p>\n","protected":false},"featured_media":81329,"comment_status":"open","ping_status":"closed","template":"","meta":{"_acf_changed":false,"om_disable_all_campaigns":false,"inline_featured_image":false,"_monsterinsights_skip_tracking":false,"_monsterinsights_sitenote_active":false,"_monsterinsights_sitenote_note":"","_monsterinsights_sitenote_category":0},"product_brand":[],"product_cat":[795,741,808],"product_tag":[],"class_list":{"0":"post-89775","1":"product","2":"type-product","3":"status-publish","4":"has-post-thumbnail","6":"product_cat-kiegeszitok","7":"product_cat-nok","8":"product_cat-szorme-nyakkendo","10":"first","11":"instock","12":"taxable","13":"shipping-taxable","14":"purchasable","15":"product-type-variable","16":"has-default-attributes","17":"wvs-archive-product-wrapper"},"acf":{"categorie_feed":""},"aioseo_notices":[],"_links":{"self":[{"href":"https:\/\/aavesa.com\/hu\/wp-json\/wp\/v2\/product\/89775","targetHints":{"allow":["GET"]}}],"collection":[{"href":"https:\/\/aavesa.com\/hu\/wp-json\/wp\/v2\/product"}],"about":[{"href":"https:\/\/aavesa.com\/hu\/wp-json\/wp\/v2\/types\/product"}],"replies":[{"embeddable":true,"href":"https:\/\/aavesa.com\/hu\/wp-json\/wp\/v2\/comments?post=89775"}],"wp:featuredmedia":[{"embeddable":true,"href":"https:\/\/aavesa.com\/hu\/wp-json\/wp\/v2\/media\/81329"}],"wp:attachment":[{"href":"https:\/\/aavesa.com\/hu\/wp-json\/wp\/v2\/media?parent=89775"}],"wp:term":[{"taxonomy":"product_brand","embeddable":true,"href":"https:\/\/aavesa.com\/hu\/wp-json\/wp\/v2\/product_brand?post=89775"},{"taxonomy":"product_cat","embeddable":true,"href":"https:\/\/aavesa.com\/hu\/wp-json\/wp\/v2\/product_cat?post=89775"},{"taxonomy":"product_tag","embeddable":true,"href":"https:\/\/aavesa.com\/hu\/wp-json\/wp\/v2\/product_tag?post=89775"}],"curies":[{"name":"wp","href":"https:\/\/api.w.org\/{rel}","templated":true}]}}