

{"id":89777,"date":"2024-07-26T16:19:31","date_gmt":"2024-07-26T16:19:31","guid":{"rendered":"https:\/\/new.aavesa.com\/produs\/noi-nyiro-nyakkendo-962\/"},"modified":"2025-11-17T06:23:28","modified_gmt":"2025-11-17T06:23:28","slug":"noi-nyiro-nyakkendo-962","status":"publish","type":"product","link":"https:\/\/aavesa.com\/hu\/product\/noi-nyiro-nyakkendo-962\/","title":{"rendered":"N\u0151i ny\u00edrb\u00e1tor s\u00e1l 962"},"content":{"rendered":"<p>A s\u00e1l elengedhetetlen kieg\u00e9sz\u00edt\u0151 t\u00e9len, \u00e9s ez a legjobb v\u00e1laszt\u00e1s. Ez a <a href=\"https:\/\/aavesa.com\/hu\/nok\/szorme-nyakkendo\/\">n\u0151i shearling s\u00e1l<\/a> b\u00e1r\u00e1ny nappa b\u0151rb\u0151l k\u00e9sz\u00fclt, amelynek egyik oldala b\u0151r, a m\u00e1sik oldala pedig 8 mm vastags\u00e1g\u00fara ny\u00edrt merin\u00f3b\u00e1r\u00e1ny sz\u0151rme. A s\u00e1l egy nagyon egyszer\u0171en haszn\u00e1lhat\u00f3 szor\u00edt\u00f3rendszerrel rendelkezik. Ez a kieg\u00e9sz\u00edt\u0151 minden ruh\u00e1sszekr\u00e9nyben elengedhetetlen, sz\u00fcrke sz\u00ednben rendelhet\u0151, semleges sz\u00edn\u0171 \u00e9s k\u00f6nnyen illeszthet\u0151.   <\/p>\n","protected":false},"excerpt":{"rendered":"<p>A s\u00e1l elengedhetetlen kieg\u00e9sz\u00edt\u0151 t\u00e9len, \u00e9s ez a legjobb v\u00e1laszt\u00e1s. Ez a n\u0151i shearling s\u00e1l b\u00e1r\u00e1ny nappa b\u0151rb\u0151l k\u00e9sz\u00fclt, amelynek egyik oldala b\u0151r, a m\u00e1sik oldala pedig 8 mm vastags\u00e1g\u00fara ny\u00edrt merin\u00f3b\u00e1r\u00e1ny sz\u0151rme. A s\u00e1l egy nagyon egyszer\u0171en haszn\u00e1lhat\u00f3 szor\u00edt\u00f3rendszerrel rendelkezik. Ez a kieg\u00e9sz\u00edt\u0151 minden ruh\u00e1sszekr\u00e9nyben elengedhetetlen, sz\u00fcrke sz\u00ednben rendelhet\u0151, semleges sz\u00edn\u0171 \u00e9s k\u00f6nnyen illeszthet\u0151.<\/p>\n","protected":false},"featured_media":81331,"comment_status":"open","ping_status":"closed","template":"","meta":{"_acf_changed":false,"om_disable_all_campaigns":false,"inline_featured_image":false,"_monsterinsights_skip_tracking":false,"_monsterinsights_sitenote_active":false,"_monsterinsights_sitenote_note":"","_monsterinsights_sitenote_category":0},"product_brand":[],"product_cat":[795,741,808],"product_tag":[],"class_list":{"0":"post-89777","1":"product","2":"type-product","3":"status-publish","4":"has-post-thumbnail","6":"product_cat-kiegeszitok","7":"product_cat-nok","8":"product_cat-szorme-nyakkendo","10":"first","11":"instock","12":"taxable","13":"shipping-taxable","14":"purchasable","15":"product-type-variable","16":"has-default-attributes","17":"wvs-archive-product-wrapper"},"acf":{"categorie_feed":""},"aioseo_notices":[],"_links":{"self":[{"href":"https:\/\/aavesa.com\/hu\/wp-json\/wp\/v2\/product\/89777","targetHints":{"allow":["GET"]}}],"collection":[{"href":"https:\/\/aavesa.com\/hu\/wp-json\/wp\/v2\/product"}],"about":[{"href":"https:\/\/aavesa.com\/hu\/wp-json\/wp\/v2\/types\/product"}],"replies":[{"embeddable":true,"href":"https:\/\/aavesa.com\/hu\/wp-json\/wp\/v2\/comments?post=89777"}],"wp:featuredmedia":[{"embeddable":true,"href":"https:\/\/aavesa.com\/hu\/wp-json\/wp\/v2\/media\/81331"}],"wp:attachment":[{"href":"https:\/\/aavesa.com\/hu\/wp-json\/wp\/v2\/media?parent=89777"}],"wp:term":[{"taxonomy":"product_brand","embeddable":true,"href":"https:\/\/aavesa.com\/hu\/wp-json\/wp\/v2\/product_brand?post=89777"},{"taxonomy":"product_cat","embeddable":true,"href":"https:\/\/aavesa.com\/hu\/wp-json\/wp\/v2\/product_cat?post=89777"},{"taxonomy":"product_tag","embeddable":true,"href":"https:\/\/aavesa.com\/hu\/wp-json\/wp\/v2\/product_tag?post=89777"}],"curies":[{"name":"wp","href":"https:\/\/api.w.org\/{rel}","templated":true}]}}