

{"id":89779,"date":"2024-07-26T16:19:31","date_gmt":"2024-07-26T16:19:31","guid":{"rendered":"https:\/\/new.aavesa.com\/produs\/noi-nyiro-nyakkendo-963\/"},"modified":"2025-11-17T06:23:27","modified_gmt":"2025-11-17T06:23:27","slug":"noi-nyiro-nyakkendo-963","status":"publish","type":"product","link":"https:\/\/aavesa.com\/hu\/product\/noi-nyiro-nyakkendo-963\/","title":{"rendered":"N\u0151i ny\u00edrb\u00e1tor s\u00e1l 963"},"content":{"rendered":"<p>Term\u00e9szetes b\u00e1r\u00e1nyb\u0151rb\u0151l k\u00e9sz\u00fclt s\u00e1l, nagyon egyszer\u0171 kialak\u00edt\u00e1ssal, meleg t\u00e9lre. Az anyag, amelyb\u0151l ez a <a href=\"https:\/\/aavesa.com\/hu\/nok\/szorme-nyakkendo\/\">n\u0151i juh\u00e1szs\u00e1l<\/a> k\u00e9sz\u00fclt, term\u00e9szetes \u00e9s puha, a legjobb k\u00e9nyelem \u00e9rdek\u00e9ben, egyik oldalon juh\u00e1sz nappab\u0151r, a m\u00e1sik oldalon merin\u00f3b\u00e1r\u00e1ny sz\u0151rme, 8 mm vastags\u00e1g\u00fara ny\u00edrva. A term\u00e9khez el\u00e9rhet\u0151 sz\u00edn: fekete, nagyon k\u00f6nnyen illeszkedik a ruhat\u00e1r\u00e1hoz. V\u00e1lassza ezt a sz\u0151rme s\u00e1l modellt a t\u00f6k\u00e9letes t\u00e9li kieg\u00e9sz\u00edt\u0151h\u00f6z.   <\/p>\n","protected":false},"excerpt":{"rendered":"<p>Term\u00e9szetes b\u00e1r\u00e1nyb\u0151rb\u0151l k\u00e9sz\u00fclt s\u00e1l, nagyon egyszer\u0171 kialak\u00edt\u00e1ssal, meleg t\u00e9lre. Az anyag, amelyb\u0151l ez a n\u0151i juh\u00e1szs\u00e1l k\u00e9sz\u00fclt, term\u00e9szetes \u00e9s puha, a legjobb k\u00e9nyelem \u00e9rdek\u00e9ben, egyik oldalon juh\u00e1sz nappab\u0151r, a m\u00e1sik oldalon merin\u00f3b\u00e1r\u00e1ny sz\u0151rme, 8 mm vastags\u00e1g\u00fara ny\u00edrva. A term\u00e9khez el\u00e9rhet\u0151 sz\u00edn: fekete, nagyon k\u00f6nnyen illeszkedik a ruhat\u00e1r\u00e1hoz. V\u00e1lassza ezt a sz\u0151rme s\u00e1l modellt a t\u00f6k\u00e9letes [&hellip;]<\/p>\n","protected":false},"featured_media":81333,"comment_status":"open","ping_status":"closed","template":"","meta":{"_acf_changed":false,"om_disable_all_campaigns":false,"inline_featured_image":false,"_monsterinsights_skip_tracking":false,"_monsterinsights_sitenote_active":false,"_monsterinsights_sitenote_note":"","_monsterinsights_sitenote_category":0},"product_brand":[],"product_cat":[795,741,808],"product_tag":[],"class_list":{"0":"post-89779","1":"product","2":"type-product","3":"status-publish","4":"has-post-thumbnail","6":"product_cat-kiegeszitok","7":"product_cat-nok","8":"product_cat-szorme-nyakkendo","10":"first","11":"instock","12":"taxable","13":"shipping-taxable","14":"purchasable","15":"product-type-variable","16":"has-default-attributes","17":"wvs-archive-product-wrapper"},"acf":{"categorie_feed":""},"aioseo_notices":[],"_links":{"self":[{"href":"https:\/\/aavesa.com\/hu\/wp-json\/wp\/v2\/product\/89779","targetHints":{"allow":["GET"]}}],"collection":[{"href":"https:\/\/aavesa.com\/hu\/wp-json\/wp\/v2\/product"}],"about":[{"href":"https:\/\/aavesa.com\/hu\/wp-json\/wp\/v2\/types\/product"}],"replies":[{"embeddable":true,"href":"https:\/\/aavesa.com\/hu\/wp-json\/wp\/v2\/comments?post=89779"}],"wp:featuredmedia":[{"embeddable":true,"href":"https:\/\/aavesa.com\/hu\/wp-json\/wp\/v2\/media\/81333"}],"wp:attachment":[{"href":"https:\/\/aavesa.com\/hu\/wp-json\/wp\/v2\/media?parent=89779"}],"wp:term":[{"taxonomy":"product_brand","embeddable":true,"href":"https:\/\/aavesa.com\/hu\/wp-json\/wp\/v2\/product_brand?post=89779"},{"taxonomy":"product_cat","embeddable":true,"href":"https:\/\/aavesa.com\/hu\/wp-json\/wp\/v2\/product_cat?post=89779"},{"taxonomy":"product_tag","embeddable":true,"href":"https:\/\/aavesa.com\/hu\/wp-json\/wp\/v2\/product_tag?post=89779"}],"curies":[{"name":"wp","href":"https:\/\/api.w.org\/{rel}","templated":true}]}}