

{"id":89798,"date":"2024-07-26T16:19:40","date_gmt":"2024-07-26T16:19:40","guid":{"rendered":"https:\/\/new.aavesa.com\/produs\/noi-nyirokabat-bundaval-235-v\/"},"modified":"2025-11-17T06:23:22","modified_gmt":"2025-11-17T06:23:22","slug":"noi-nyirokabat-bundaval-235-v","status":"publish","type":"product","link":"https:\/\/aavesa.com\/hu\/product\/noi-nyirokabat-bundaval-235-v\/","title":{"rendered":"N\u0151i ny\u00edr\u00f3kab\u00e1t bund\u00e1val 235 V"},"content":{"rendered":"<p>N\u0151i ny\u00edr\u00f3kab\u00e1t, k\u00fcls\u0151 b\u00e1r\u00e1nynappa b\u0151rb\u0151l k\u00e9sz\u00fclt, amely tart\u00f3ss\u00e1got, nedvess\u00e9g- \u00e9s szennyez\u0151d\u00e9s\u00e1ll\u00f3s\u00e1got biztos\u00edt.<br \/>\nA belseje b\u00e1r\u00e1nyb\u0151r merin\u00f3, vastags\u00e1ga 8 mm, ami gyakorlatilag a k\u00fcls\u0151 ford\u00edtottja, ami integr\u00e1liss\u00e1 teszi \u0151ket&#8230;. Mind a mandzsetta, mind a gall\u00e9r r\u00f3kasz\u0151rm\u00e9b\u0151l vagy mos\u00f3medv\u00e9b\u0151l k\u00e9sz\u00fclhet, ami nagyon n\u0151ies \u00e9s eleg\u00e1ns \u00e9rz\u00e9st kelt. A kab\u00e1t t\u00f6bb sz\u00ednben is kaphat\u00f3. Ez a sz\u0151rmekab\u00e1t eleg\u00e1ns st\u00edlus\u00fa, geometrikus mint\u00e1val \u00e9s t\u00f6k\u00e9letes varr\u00e1sokkal rendelkezik, a z\u00e1r\u00e1si m\u00f3d pedig egy nagyon eleg\u00e1ns r\u00e9szlet, a nyak jobb oldal\u00e1n elhelyezett gomb.<\/p>\n","protected":false},"excerpt":{"rendered":"<p>N\u0151i ny\u00edr\u00f3kab\u00e1t, k\u00fcls\u0151 b\u00e1r\u00e1nynappa b\u0151rb\u0151l k\u00e9sz\u00fclt, amely tart\u00f3ss\u00e1got, nedvess\u00e9g- \u00e9s szennyez\u0151d\u00e9s\u00e1ll\u00f3s\u00e1got biztos\u00edt. A belseje b\u00e1r\u00e1nyb\u0151r merin\u00f3, vastags\u00e1ga 8 mm, ami gyakorlatilag a k\u00fcls\u0151 ford\u00edtottja, ami integr\u00e1liss\u00e1 teszi \u0151ket&#8230;. Mind a mandzsetta, mind a gall\u00e9r r\u00f3kasz\u0151rm\u00e9b\u0151l vagy mos\u00f3medv\u00e9b\u0151l k\u00e9sz\u00fclhet, ami nagyon n\u0151ies \u00e9s eleg\u00e1ns \u00e9rz\u00e9st kelt. A kab\u00e1t t\u00f6bb sz\u00ednben is kaphat\u00f3. Ez a sz\u0151rmekab\u00e1t eleg\u00e1ns [&hellip;]<\/p>\n","protected":false},"featured_media":81385,"comment_status":"open","ping_status":"closed","template":"","meta":{"_acf_changed":false,"om_disable_all_campaigns":false,"inline_featured_image":false,"_monsterinsights_skip_tracking":false,"_monsterinsights_sitenote_active":false,"_monsterinsights_sitenote_note":"","_monsterinsights_sitenote_category":0},"product_brand":[],"product_cat":[766,779,765],"product_tag":[],"class_list":{"0":"post-89798","1":"product","2":"type-product","3":"status-publish","4":"has-post-thumbnail","6":"product_cat-bundas-kabatok-es-bundas-dzsekik-noknek","7":"product_cat-noi-shearling-kabatok","8":"product_cat-roka-szorme","10":"first","11":"outofstock","12":"taxable","13":"shipping-taxable","14":"product-type-variable","15":"has-default-attributes","16":"wvs-archive-product-wrapper"},"acf":{"categorie_feed":""},"aioseo_notices":[],"_links":{"self":[{"href":"https:\/\/aavesa.com\/hu\/wp-json\/wp\/v2\/product\/89798","targetHints":{"allow":["GET"]}}],"collection":[{"href":"https:\/\/aavesa.com\/hu\/wp-json\/wp\/v2\/product"}],"about":[{"href":"https:\/\/aavesa.com\/hu\/wp-json\/wp\/v2\/types\/product"}],"replies":[{"embeddable":true,"href":"https:\/\/aavesa.com\/hu\/wp-json\/wp\/v2\/comments?post=89798"}],"wp:featuredmedia":[{"embeddable":true,"href":"https:\/\/aavesa.com\/hu\/wp-json\/wp\/v2\/media\/81385"}],"wp:attachment":[{"href":"https:\/\/aavesa.com\/hu\/wp-json\/wp\/v2\/media?parent=89798"}],"wp:term":[{"taxonomy":"product_brand","embeddable":true,"href":"https:\/\/aavesa.com\/hu\/wp-json\/wp\/v2\/product_brand?post=89798"},{"taxonomy":"product_cat","embeddable":true,"href":"https:\/\/aavesa.com\/hu\/wp-json\/wp\/v2\/product_cat?post=89798"},{"taxonomy":"product_tag","embeddable":true,"href":"https:\/\/aavesa.com\/hu\/wp-json\/wp\/v2\/product_tag?post=89798"}],"curies":[{"name":"wp","href":"https:\/\/api.w.org\/{rel}","templated":true}]}}