

{"id":89808,"date":"2024-07-26T16:19:40","date_gmt":"2024-07-26T16:19:40","guid":{"rendered":"https:\/\/new.aavesa.com\/produs\/noi-szorme-melleny-427\/"},"modified":"2025-11-17T06:23:20","modified_gmt":"2025-11-17T06:23:20","slug":"noi-szorme-melleny-427","status":"publish","type":"product","link":"https:\/\/aavesa.com\/hu\/product\/noi-szorme-melleny-427\/","title":{"rendered":"N\u0151i sz\u0151rme mell\u00e9ny 427"},"content":{"rendered":"<p>N\u0151k sz\u00e1m\u00e1ra tervezett mell\u00e9ny, term\u00e9szetes r\u00f3kasz\u0151rm\u00e9b\u0151l.<br \/>\nK\u00edv\u00fclr\u0151l ez a mell\u00e9ny r\u00f3kasz\u0151rme darabokb\u00f3l k\u00e9sz\u00fclt, gondosan megvarrva, a tart\u00f3ss\u00e1g \u00e9s a t\u00f6k\u00e9letes.<br \/>\nEnnek a r\u00f3kamell\u00e9nynek a text\u00far\u00e1ja sima, olyan \u00e9rz\u00e9s, mint egy \u00e9lvezet, \u00e9s j\u00f3 v\u00e1laszt\u00e1s b\u00e1rmilyen esem\u00e9nyre vagy napszakra, egyszer\u0171 szab\u00e1ssal \u00e9s alkalmi st\u00edlussal. A kab\u00e1tot klipszek z\u00e1rj\u00e1k, \u00e9s tartoz\u00e9kk\u00e9nt egy hozz\u00e1 ill\u0151 nappab\u0151r zsin\u00f3r. A mell\u00e9ny belseje b\u00e9lelt; ez a b\u00e9l\u00e9s biztos\u00edtja a sz\u00fcks\u00e9ges k\u00e9nyelmet.<br \/>\nEz a term\u00e9szetes r\u00f3kasz\u0151rme mell\u00e9ny modell fekete sz\u00ednben rendelhet\u0151, amely nagyon k\u00f6nnyen illeszkedik b\u00e1rmilyen ruh\u00e1hoz.<\/p>\n","protected":false},"excerpt":{"rendered":"<p>N\u0151k sz\u00e1m\u00e1ra tervezett mell\u00e9ny, term\u00e9szetes r\u00f3kasz\u0151rm\u00e9b\u0151l. K\u00edv\u00fclr\u0151l ez a mell\u00e9ny r\u00f3kasz\u0151rme darabokb\u00f3l k\u00e9sz\u00fclt, gondosan megvarrva, a tart\u00f3ss\u00e1g \u00e9s a t\u00f6k\u00e9letes. Ennek a r\u00f3kamell\u00e9nynek a text\u00far\u00e1ja sima, olyan \u00e9rz\u00e9s, mint egy \u00e9lvezet, \u00e9s j\u00f3 v\u00e1laszt\u00e1s b\u00e1rmilyen esem\u00e9nyre vagy napszakra, egyszer\u0171 szab\u00e1ssal \u00e9s alkalmi st\u00edlussal. A kab\u00e1tot klipszek z\u00e1rj\u00e1k, \u00e9s tartoz\u00e9kk\u00e9nt egy hozz\u00e1 ill\u0151 nappab\u0151r zsin\u00f3r. A [&hellip;]<\/p>\n","protected":false},"featured_media":89810,"comment_status":"open","ping_status":"closed","template":"","meta":{"_acf_changed":false,"om_disable_all_campaigns":false,"inline_featured_image":false,"_monsterinsights_skip_tracking":false,"_monsterinsights_sitenote_active":false,"_monsterinsights_sitenote_note":"","_monsterinsights_sitenote_category":0},"product_brand":[],"product_cat":[793],"product_tag":[],"class_list":{"0":"post-89808","1":"product","2":"type-product","3":"status-publish","4":"has-post-thumbnail","6":"product_cat-shearling-mellenyek-es-bundas-mellenyek-noknek","8":"first","9":"outofstock","10":"taxable","11":"shipping-taxable","12":"product-type-variable","13":"has-default-attributes","14":"wvs-archive-product-wrapper"},"acf":{"categorie_feed":""},"aioseo_notices":[],"_links":{"self":[{"href":"https:\/\/aavesa.com\/hu\/wp-json\/wp\/v2\/product\/89808","targetHints":{"allow":["GET"]}}],"collection":[{"href":"https:\/\/aavesa.com\/hu\/wp-json\/wp\/v2\/product"}],"about":[{"href":"https:\/\/aavesa.com\/hu\/wp-json\/wp\/v2\/types\/product"}],"replies":[{"embeddable":true,"href":"https:\/\/aavesa.com\/hu\/wp-json\/wp\/v2\/comments?post=89808"}],"wp:featuredmedia":[{"embeddable":true,"href":"https:\/\/aavesa.com\/hu\/wp-json\/wp\/v2\/media\/89810"}],"wp:attachment":[{"href":"https:\/\/aavesa.com\/hu\/wp-json\/wp\/v2\/media?parent=89808"}],"wp:term":[{"taxonomy":"product_brand","embeddable":true,"href":"https:\/\/aavesa.com\/hu\/wp-json\/wp\/v2\/product_brand?post=89808"},{"taxonomy":"product_cat","embeddable":true,"href":"https:\/\/aavesa.com\/hu\/wp-json\/wp\/v2\/product_cat?post=89808"},{"taxonomy":"product_tag","embeddable":true,"href":"https:\/\/aavesa.com\/hu\/wp-json\/wp\/v2\/product_tag?post=89808"}],"curies":[{"name":"wp","href":"https:\/\/api.w.org\/{rel}","templated":true}]}}