

{"id":89815,"date":"2024-07-26T16:19:40","date_gmt":"2024-07-26T16:19:40","guid":{"rendered":"https:\/\/new.aavesa.com\/produs\/baranybor-kabat-323-p\/"},"modified":"2026-04-10T15:08:25","modified_gmt":"2026-04-10T17:08:25","slug":"baranybor-kabat-323-p","status":"publish","type":"product","link":"https:\/\/aavesa.com\/hu\/product\/baranybor-kabat-323-p\/","title":{"rendered":"B\u00e1r\u00e1nyb\u0151r kab\u00e1t 323 P"},"content":{"rendered":"<p>Ez a <a rel=\"nofollow\" href=\"https:\/\/aavesa.com\/hu\/nok\/noi-shearling-dzsekik\/\">b\u00e1r\u00e1nyb\u0151r kab\u00e1t<\/a> k\u00edv\u00fclr\u0151l b\u00e1r\u00e1ny-nappab\u0151rb\u0151l k\u00e9sz\u00fclt, ellen\u00e1ll a nedvess\u00e9gnek \u00e9s a szennyez\u0151d\u00e9seknek, \u00e9s k\u00f6nnyen karbantarthat\u00f3. Bel\u00fcl a nappab\u0151r b\u00e1r\u00e1nyb\u0151r merin\u00f3b\u0151r, 100% term\u00e9szetes, 8 mm vastags\u00e1g\u00fara ny\u00edrva. Ez a kab\u00e1t egyszer\u0171 kialak\u00edt\u00e1s\u00fa, cipz\u00e1ras z\u00e1r\u00f3d\u00e1ssal \u00e9s a gall\u00e9ron egy csatos p\u00e1nttal rendelkezik a t\u00f6k\u00e9letes z\u00e1r\u00e1s \u00e9rdek\u00e9ben, amely megv\u00e9di \u00d6nt a hideg h\u0151m\u00e9rs\u00e9klett\u0151l. A gall\u00e9r \u00e9s a mandzsett\u00e1k merin\u00f3 b\u00e1r\u00e1nysz\u0151rb\u0151l k\u00e9sz\u00fcltek, szeg\u00e9lyezve. Ez a modell B\u00e1r\u00e1nyb\u0151r kab\u00e1t t\u00f6bb sz\u00ednben is megv\u00e1s\u00e1rolhat\u00f3.    <\/p>\n","protected":false},"excerpt":{"rendered":"<p>Ez a b\u00e1r\u00e1nyb\u0151r kab\u00e1t k\u00edv\u00fclr\u0151l b\u00e1r\u00e1ny-nappab\u0151rb\u0151l k\u00e9sz\u00fclt, ellen\u00e1ll a nedvess\u00e9gnek \u00e9s a szennyez\u0151d\u00e9seknek, \u00e9s k\u00f6nnyen karbantarthat\u00f3. Bel\u00fcl a nappab\u0151r b\u00e1r\u00e1nyb\u0151r merin\u00f3b\u0151r, 100% term\u00e9szetes, 8 mm vastags\u00e1g\u00fara ny\u00edrva. Ez a kab\u00e1t egyszer\u0171 kialak\u00edt\u00e1s\u00fa, cipz\u00e1ras z\u00e1r\u00f3d\u00e1ssal \u00e9s a gall\u00e9ron egy csatos p\u00e1nttal rendelkezik a t\u00f6k\u00e9letes z\u00e1r\u00e1s \u00e9rdek\u00e9ben, amely megv\u00e9di \u00d6nt a hideg h\u0151m\u00e9rs\u00e9klett\u0151l. A gall\u00e9r \u00e9s a [&hellip;]<\/p>\n","protected":false},"featured_media":89816,"comment_status":"open","ping_status":"closed","template":"","meta":{"_acf_changed":false,"om_disable_all_campaigns":false,"inline_featured_image":false,"_monsterinsights_skip_tracking":false,"_monsterinsights_sitenote_active":false,"_monsterinsights_sitenote_note":"","_monsterinsights_sitenote_category":0},"product_brand":[],"product_cat":[780,952,725,772],"product_tag":[],"class_list":{"0":"post-89815","1":"product","2":"type-product","3":"status-publish","4":"has-post-thumbnail","6":"product_cat-baranybor-kabatok-hu-2","7":"product_cat-ferfi-es-noi-pehelypaplan-dzsekik-a-luxus-es-a-melegseg-vegso-kevereke","8":"product_cat-ferfiak","9":"product_cat-shearling-kabatok-ferfiaknak","11":"first","12":"instock","13":"taxable","14":"shipping-taxable","15":"purchasable","16":"product-type-variable","17":"has-default-attributes","18":"wvs-archive-product-wrapper"},"acf":{"categorie_feed":""},"aioseo_notices":[],"_links":{"self":[{"href":"https:\/\/aavesa.com\/hu\/wp-json\/wp\/v2\/product\/89815","targetHints":{"allow":["GET"]}}],"collection":[{"href":"https:\/\/aavesa.com\/hu\/wp-json\/wp\/v2\/product"}],"about":[{"href":"https:\/\/aavesa.com\/hu\/wp-json\/wp\/v2\/types\/product"}],"replies":[{"embeddable":true,"href":"https:\/\/aavesa.com\/hu\/wp-json\/wp\/v2\/comments?post=89815"}],"wp:featuredmedia":[{"embeddable":true,"href":"https:\/\/aavesa.com\/hu\/wp-json\/wp\/v2\/media\/89816"}],"wp:attachment":[{"href":"https:\/\/aavesa.com\/hu\/wp-json\/wp\/v2\/media?parent=89815"}],"wp:term":[{"taxonomy":"product_brand","embeddable":true,"href":"https:\/\/aavesa.com\/hu\/wp-json\/wp\/v2\/product_brand?post=89815"},{"taxonomy":"product_cat","embeddable":true,"href":"https:\/\/aavesa.com\/hu\/wp-json\/wp\/v2\/product_cat?post=89815"},{"taxonomy":"product_tag","embeddable":true,"href":"https:\/\/aavesa.com\/hu\/wp-json\/wp\/v2\/product_tag?post=89815"}],"curies":[{"name":"wp","href":"https:\/\/api.w.org\/{rel}","templated":true}]}}