

{"id":89847,"date":"2024-07-26T16:19:49","date_gmt":"2024-07-26T16:19:49","guid":{"rendered":"https:\/\/new.aavesa.com\/produs\/noi-szorme-melleny-426\/"},"modified":"2025-11-17T06:23:13","modified_gmt":"2025-11-17T06:23:13","slug":"noi-szorme-melleny-426","status":"publish","type":"product","link":"https:\/\/aavesa.com\/hu\/product\/noi-szorme-melleny-426\/","title":{"rendered":"N\u0151i sz\u0151rme mell\u00e9ny 426"},"content":{"rendered":"<h2>R\u00f3ka sz\u0151rme darabokb\u00f3l k\u00e9sz\u00fclt n\u0151i mell\u00e9ny.<\/h2>\n<p>A r\u00f3kapr\u00e9m minden cs\u00edkja gondosan \u00e9s odafigyel\u00e9ssel van varrva, mindegyik egyedi mint\u00e1zattal rendelkezik a r\u00f3kapr\u00e9mnek k\u00f6sz\u00f6nhet\u0151en. Ez a mell\u00e9ny t\u00f6k\u00e9letes v\u00e1laszt\u00e1s lehet a k\u00fcl\u00f6nb\u00f6z\u0151 szem\u00e9lyes st\u00edlusokhoz, az eleganci\u00e1t\u00f3l az alkalmi sportruh\u00e1zatig. A mell\u00e9ny belsej\u00e9ben b\u00e9l\u00e9s van. Ez a sz\u0151rm\u00e9s mell\u00e9ny fontos tulajdons\u00e1gokkal rendelkezik, mint a hideggel szembeni ellen\u00e1ll\u00e1s, amelyet a term\u00e9szetes r\u00f3kasz\u0151rme min\u0151s\u00e9ge biztos\u00edt. Ennek az egyedi ruhadarabnak a z\u00e1r\u00f3rendszere cipz\u00e1rral k\u00e9sz\u00fclt.<br \/>\nA r\u00f3kasz\u0151rm\u00e9s mell\u00e9nyhez el\u00e9rhet\u0151 sz\u00ednek: barna, fekete \u00e9s feh\u00e9r, v\u00e1lassza ki az \u00d6nnek legmegfelel\u0151bbet!<\/p>\n","protected":false},"excerpt":{"rendered":"<p>R\u00f3ka sz\u0151rme darabokb\u00f3l k\u00e9sz\u00fclt n\u0151i mell\u00e9ny. A r\u00f3kapr\u00e9m minden cs\u00edkja gondosan \u00e9s odafigyel\u00e9ssel van varrva, mindegyik egyedi mint\u00e1zattal rendelkezik a r\u00f3kapr\u00e9mnek k\u00f6sz\u00f6nhet\u0151en. Ez a mell\u00e9ny t\u00f6k\u00e9letes v\u00e1laszt\u00e1s lehet a k\u00fcl\u00f6nb\u00f6z\u0151 szem\u00e9lyes st\u00edlusokhoz, az eleganci\u00e1t\u00f3l az alkalmi sportruh\u00e1zatig. A mell\u00e9ny belsej\u00e9ben b\u00e9l\u00e9s van. Ez a sz\u0151rm\u00e9s mell\u00e9ny fontos tulajdons\u00e1gokkal rendelkezik, mint a hideggel szembeni ellen\u00e1ll\u00e1s, amelyet [&hellip;]<\/p>\n","protected":false},"featured_media":81447,"comment_status":"open","ping_status":"closed","template":"","meta":{"_acf_changed":false,"om_disable_all_campaigns":false,"inline_featured_image":false,"_monsterinsights_skip_tracking":false,"_monsterinsights_sitenote_active":false,"_monsterinsights_sitenote_note":"","_monsterinsights_sitenote_category":0},"product_brand":[],"product_cat":[793],"product_tag":[],"class_list":{"0":"post-89847","1":"product","2":"type-product","3":"status-publish","4":"has-post-thumbnail","6":"product_cat-shearling-mellenyek-es-bundas-mellenyek-noknek","8":"first","9":"outofstock","10":"taxable","11":"shipping-taxable","12":"product-type-variable","13":"has-default-attributes","14":"wvs-archive-product-wrapper"},"acf":{"categorie_feed":""},"aioseo_notices":[],"_links":{"self":[{"href":"https:\/\/aavesa.com\/hu\/wp-json\/wp\/v2\/product\/89847","targetHints":{"allow":["GET"]}}],"collection":[{"href":"https:\/\/aavesa.com\/hu\/wp-json\/wp\/v2\/product"}],"about":[{"href":"https:\/\/aavesa.com\/hu\/wp-json\/wp\/v2\/types\/product"}],"replies":[{"embeddable":true,"href":"https:\/\/aavesa.com\/hu\/wp-json\/wp\/v2\/comments?post=89847"}],"wp:featuredmedia":[{"embeddable":true,"href":"https:\/\/aavesa.com\/hu\/wp-json\/wp\/v2\/media\/81447"}],"wp:attachment":[{"href":"https:\/\/aavesa.com\/hu\/wp-json\/wp\/v2\/media?parent=89847"}],"wp:term":[{"taxonomy":"product_brand","embeddable":true,"href":"https:\/\/aavesa.com\/hu\/wp-json\/wp\/v2\/product_brand?post=89847"},{"taxonomy":"product_cat","embeddable":true,"href":"https:\/\/aavesa.com\/hu\/wp-json\/wp\/v2\/product_cat?post=89847"},{"taxonomy":"product_tag","embeddable":true,"href":"https:\/\/aavesa.com\/hu\/wp-json\/wp\/v2\/product_tag?post=89847"}],"curies":[{"name":"wp","href":"https:\/\/api.w.org\/{rel}","templated":true}]}}