

{"id":89851,"date":"2024-07-26T16:19:49","date_gmt":"2024-07-26T16:19:49","guid":{"rendered":"https:\/\/new.aavesa.com\/produs\/baranyszoru-papucs-904\/"},"modified":"2025-11-17T06:23:13","modified_gmt":"2025-11-17T06:23:13","slug":"baranyszoru-papucs-904","status":"publish","type":"product","link":"https:\/\/aavesa.com\/hu\/product\/baranyszoru-papucs-904\/","title":{"rendered":"B\u00e1r\u00e1nysz\u0151r\u0171 papucs 904"},"content":{"rendered":"<p>Ez a b\u00e1r\u00e1nyb\u0151r cip\u0151 k\u00e9ts\u00e9gk\u00edv\u00fcl gy\u00f6ny\u00f6rk\u00f6dtetni fogja gyermeke l\u00e1b\u00e1t.<br \/>\nA cip\u0151 kiv\u00e1l\u00f3 min\u0151s\u00e9g\u00e9nek k\u00f6sz\u00f6nhet\u0151en nagyon k\u00f6nny\u0171, rugalmas \u00e9s v\u00edz\u00e1ll\u00f3.<br \/>\nAz alap merin\u00f3 b\u00e1r\u00e1nyb\u0151rb\u0151l k\u00e9sz\u00fclt, puha \u00e9s amortiz\u00e1lja a gyermek minden l\u00e9p\u00e9s\u00e9t.<br \/>\nNe habozzon, v\u00e1s\u00e1roljon egy p\u00e1rat gyermeke l\u00e1b\u00e1nak.<\/p>\n","protected":false},"excerpt":{"rendered":"<p>Ez a b\u00e1r\u00e1nyb\u0151r cip\u0151 k\u00e9ts\u00e9gk\u00edv\u00fcl gy\u00f6ny\u00f6rk\u00f6dtetni fogja gyermeke l\u00e1b\u00e1t. A cip\u0151 kiv\u00e1l\u00f3 min\u0151s\u00e9g\u00e9nek k\u00f6sz\u00f6nhet\u0151en nagyon k\u00f6nny\u0171, rugalmas \u00e9s v\u00edz\u00e1ll\u00f3. Az alap merin\u00f3 b\u00e1r\u00e1nyb\u0151rb\u0151l k\u00e9sz\u00fclt, puha \u00e9s amortiz\u00e1lja a gyermek minden l\u00e9p\u00e9s\u00e9t. Ne habozzon, v\u00e1s\u00e1roljon egy p\u00e1rat gyermeke l\u00e1b\u00e1nak.<\/p>\n","protected":false},"featured_media":81453,"comment_status":"open","ping_status":"closed","template":"","meta":{"_acf_changed":false,"om_disable_all_campaigns":false,"inline_featured_image":false,"_monsterinsights_skip_tracking":false,"_monsterinsights_sitenote_active":false,"_monsterinsights_sitenote_note":"","_monsterinsights_sitenote_category":0},"product_brand":[],"product_cat":[801,816,795],"product_tag":[],"class_list":{"0":"post-89851","1":"product","2":"type-product","3":"status-publish","4":"has-post-thumbnail","6":"product_cat-baranybor-papucs","7":"product_cat-juhbor-papucsok-ferfiaknak","8":"product_cat-kiegeszitok","10":"first","11":"outofstock","12":"taxable","13":"shipping-taxable","14":"product-type-variable","15":"has-default-attributes","16":"wvs-archive-product-wrapper"},"acf":{"categorie_feed":""},"aioseo_notices":[],"_links":{"self":[{"href":"https:\/\/aavesa.com\/hu\/wp-json\/wp\/v2\/product\/89851","targetHints":{"allow":["GET"]}}],"collection":[{"href":"https:\/\/aavesa.com\/hu\/wp-json\/wp\/v2\/product"}],"about":[{"href":"https:\/\/aavesa.com\/hu\/wp-json\/wp\/v2\/types\/product"}],"replies":[{"embeddable":true,"href":"https:\/\/aavesa.com\/hu\/wp-json\/wp\/v2\/comments?post=89851"}],"wp:featuredmedia":[{"embeddable":true,"href":"https:\/\/aavesa.com\/hu\/wp-json\/wp\/v2\/media\/81453"}],"wp:attachment":[{"href":"https:\/\/aavesa.com\/hu\/wp-json\/wp\/v2\/media?parent=89851"}],"wp:term":[{"taxonomy":"product_brand","embeddable":true,"href":"https:\/\/aavesa.com\/hu\/wp-json\/wp\/v2\/product_brand?post=89851"},{"taxonomy":"product_cat","embeddable":true,"href":"https:\/\/aavesa.com\/hu\/wp-json\/wp\/v2\/product_cat?post=89851"},{"taxonomy":"product_tag","embeddable":true,"href":"https:\/\/aavesa.com\/hu\/wp-json\/wp\/v2\/product_tag?post=89851"}],"curies":[{"name":"wp","href":"https:\/\/api.w.org\/{rel}","templated":true}]}}