

{"id":89878,"date":"2024-07-26T16:19:49","date_gmt":"2024-07-26T16:19:49","guid":{"rendered":"https:\/\/new.aavesa.com\/produs\/noi-bunda-264-m\/"},"modified":"2025-11-17T06:23:14","modified_gmt":"2025-11-17T06:23:14","slug":"noi-bunda-264-m","status":"publish","type":"product","link":"https:\/\/aavesa.com\/hu\/product\/noi-bunda-264-m\/","title":{"rendered":"N\u0151i bunda 264 M"},"content":{"rendered":"<p><strong>Mouton b\u00e1r\u00e1nybunda bunda n\u0151knek. Ez a kab\u00e1t k\u00edv\u00fclr\u0151l 8 mm vastags\u00e1g\u00fara ny\u00edrt term\u00e9szetes b\u00e1r\u00e1nysz\u0151rm\u00e9b\u0151l k\u00e9sz\u00fclt, bel\u00fclr\u0151l pedig p\u00e1rn\u00e1zott. <\/strong><\/p>\n<p>Ez egy k\u00e9t sz\u00ednben k\u00e9sz\u00fclt modell, amely seg\u00edt sokf\u00e9le \u00f6lt\u00f6z\u00e9khez kombin\u00e1lni. A kab\u00e1t &#8222;hook-and-eye&#8221; z\u00e1r\u00f3rendszerrel rendelkezik.Ez a k\u00fcl\u00f6nleges darab t\u00f6bb sz\u00ednben \u00e9s kombin\u00e1ci\u00f3ban kaphat\u00f3.<\/p>\n","protected":false},"excerpt":{"rendered":"<p>Mouton b\u00e1r\u00e1nybunda bunda n\u0151knek. Ez a kab\u00e1t k\u00edv\u00fclr\u0151l 8 mm vastags\u00e1g\u00fara ny\u00edrt term\u00e9szetes b\u00e1r\u00e1nysz\u0151rm\u00e9b\u0151l k\u00e9sz\u00fclt, bel\u00fclr\u0151l pedig p\u00e1rn\u00e1zott. Ez egy k\u00e9t sz\u00ednben k\u00e9sz\u00fclt modell, amely seg\u00edt sokf\u00e9le \u00f6lt\u00f6z\u00e9khez kombin\u00e1lni. A kab\u00e1t &#8222;hook-and-eye&#8221; z\u00e1r\u00f3rendszerrel rendelkezik.Ez a k\u00fcl\u00f6nleges darab t\u00f6bb sz\u00ednben \u00e9s kombin\u00e1ci\u00f3ban kaphat\u00f3.<\/p>\n","protected":false},"featured_media":89882,"comment_status":"open","ping_status":"closed","template":"","meta":{"_acf_changed":false,"om_disable_all_campaigns":false,"inline_featured_image":false,"_monsterinsights_skip_tracking":false,"_monsterinsights_sitenote_active":false,"_monsterinsights_sitenote_note":"","_monsterinsights_sitenote_category":0},"product_brand":[],"product_cat":[779],"product_tag":[],"class_list":{"0":"post-89878","1":"product","2":"type-product","3":"status-publish","4":"has-post-thumbnail","6":"product_cat-noi-shearling-kabatok","8":"first","9":"outofstock","10":"taxable","11":"shipping-taxable","12":"product-type-variable","13":"has-default-attributes","14":"wvs-archive-product-wrapper"},"acf":{"categorie_feed":""},"aioseo_notices":[],"_links":{"self":[{"href":"https:\/\/aavesa.com\/hu\/wp-json\/wp\/v2\/product\/89878","targetHints":{"allow":["GET"]}}],"collection":[{"href":"https:\/\/aavesa.com\/hu\/wp-json\/wp\/v2\/product"}],"about":[{"href":"https:\/\/aavesa.com\/hu\/wp-json\/wp\/v2\/types\/product"}],"replies":[{"embeddable":true,"href":"https:\/\/aavesa.com\/hu\/wp-json\/wp\/v2\/comments?post=89878"}],"wp:featuredmedia":[{"embeddable":true,"href":"https:\/\/aavesa.com\/hu\/wp-json\/wp\/v2\/media\/89882"}],"wp:attachment":[{"href":"https:\/\/aavesa.com\/hu\/wp-json\/wp\/v2\/media?parent=89878"}],"wp:term":[{"taxonomy":"product_brand","embeddable":true,"href":"https:\/\/aavesa.com\/hu\/wp-json\/wp\/v2\/product_brand?post=89878"},{"taxonomy":"product_cat","embeddable":true,"href":"https:\/\/aavesa.com\/hu\/wp-json\/wp\/v2\/product_cat?post=89878"},{"taxonomy":"product_tag","embeddable":true,"href":"https:\/\/aavesa.com\/hu\/wp-json\/wp\/v2\/product_tag?post=89878"}],"curies":[{"name":"wp","href":"https:\/\/api.w.org\/{rel}","templated":true}]}}