

{"id":89883,"date":"2024-07-26T16:19:55","date_gmt":"2024-07-26T16:19:55","guid":{"rendered":"https:\/\/new.aavesa.com\/produs\/noi-bunda-112\/"},"modified":"2025-11-17T06:23:14","modified_gmt":"2025-11-17T06:23:14","slug":"noi-bunda-112","status":"publish","type":"product","link":"https:\/\/aavesa.com\/hu\/product\/noi-bunda-112\/","title":{"rendered":"N\u0151i bunda 112"},"content":{"rendered":"<p>N\u0151i sz\u0151rmebunda term\u00e9szetes r\u00f3ka\/mos\u00f3medve sz\u0151rm\u00e9b\u0151l \u00e9s term\u00e9szetes merin\u00f3b\u00e1r\u00e1ny sz\u0151rm\u00e9b\u0151l. Ez a kab\u00e1t k\u00edv\u00fclr\u0151l nappa b\u00e1r\u00e1nyb\u0151rb\u0151l k\u00e9sz\u00fclt, amely ellen\u00e1ll a nedvess\u00e9gnek \u00e9s a szennyez\u0151d\u00e9seknek, a kab\u00e1t belseje 8 mm vastags\u00e1g\u00fara ny\u00edrt b\u00e1r\u00e1nysz\u0151rm\u00e9b\u0151l k\u00e9sz\u00fclt, amely a leghidegebb napokon is k\u00e9nyelmet \u00e9s meleget biztos\u00edt. A kab\u00e1t hossz\u00fa gall\u00e9rja term\u00e9szetes r\u00f3ka\/mos\u00f3medve sz\u0151rm\u00e9b\u0151l k\u00e9sz\u00fclt, modern \u00e9s k\u00fcl\u00f6nleges kialak\u00edt\u00e1s\u00fa, a kab\u00e1t z\u00e1r\u00f3vonal\u00e1n meghosszabb\u00edtott t\u00e9ny egyedi r\u00e9szletet k\u00edn\u00e1l. A kab\u00e1t z\u00e1r\u00e1sa egy rendszer t\u00edpus\u00fa kab\u00e1tklipszekkel t\u00f6rt\u00e9nik. A modellhez el\u00e9rhet\u0151 sz\u00ednv\u00e1laszt\u00e9k a b\u00e9zs, a barna \u00e9s a fekete.    <\/p>\n","protected":false},"excerpt":{"rendered":"<p>N\u0151i sz\u0151rmebunda term\u00e9szetes r\u00f3ka\/mos\u00f3medve sz\u0151rm\u00e9b\u0151l \u00e9s term\u00e9szetes merin\u00f3b\u00e1r\u00e1ny sz\u0151rm\u00e9b\u0151l. Ez a kab\u00e1t k\u00edv\u00fclr\u0151l nappa b\u00e1r\u00e1nyb\u0151rb\u0151l k\u00e9sz\u00fclt, amely ellen\u00e1ll a nedvess\u00e9gnek \u00e9s a szennyez\u0151d\u00e9seknek, a kab\u00e1t belseje 8 mm vastags\u00e1g\u00fara ny\u00edrt b\u00e1r\u00e1nysz\u0151rm\u00e9b\u0151l k\u00e9sz\u00fclt, amely a leghidegebb napokon is k\u00e9nyelmet \u00e9s meleget biztos\u00edt. A kab\u00e1t hossz\u00fa gall\u00e9rja term\u00e9szetes r\u00f3ka\/mos\u00f3medve sz\u0151rm\u00e9b\u0151l k\u00e9sz\u00fclt, modern \u00e9s k\u00fcl\u00f6nleges kialak\u00edt\u00e1s\u00fa, a kab\u00e1t [&hellip;]<\/p>\n","protected":false},"featured_media":89887,"comment_status":"open","ping_status":"closed","template":"","meta":{"_acf_changed":false,"om_disable_all_campaigns":false,"inline_featured_image":false,"_monsterinsights_skip_tracking":false,"_monsterinsights_sitenote_active":false,"_monsterinsights_sitenote_note":"","_monsterinsights_sitenote_category":0},"product_brand":[],"product_cat":[766],"product_tag":[],"class_list":{"0":"post-89883","1":"product","2":"type-product","3":"status-publish","4":"has-post-thumbnail","6":"product_cat-bundas-kabatok-es-bundas-dzsekik-noknek","8":"first","9":"outofstock","10":"taxable","11":"shipping-taxable","12":"product-type-variable","13":"has-default-attributes","14":"wvs-archive-product-wrapper"},"acf":{"categorie_feed":""},"aioseo_notices":[],"_links":{"self":[{"href":"https:\/\/aavesa.com\/hu\/wp-json\/wp\/v2\/product\/89883","targetHints":{"allow":["GET"]}}],"collection":[{"href":"https:\/\/aavesa.com\/hu\/wp-json\/wp\/v2\/product"}],"about":[{"href":"https:\/\/aavesa.com\/hu\/wp-json\/wp\/v2\/types\/product"}],"replies":[{"embeddable":true,"href":"https:\/\/aavesa.com\/hu\/wp-json\/wp\/v2\/comments?post=89883"}],"wp:featuredmedia":[{"embeddable":true,"href":"https:\/\/aavesa.com\/hu\/wp-json\/wp\/v2\/media\/89887"}],"wp:attachment":[{"href":"https:\/\/aavesa.com\/hu\/wp-json\/wp\/v2\/media?parent=89883"}],"wp:term":[{"taxonomy":"product_brand","embeddable":true,"href":"https:\/\/aavesa.com\/hu\/wp-json\/wp\/v2\/product_brand?post=89883"},{"taxonomy":"product_cat","embeddable":true,"href":"https:\/\/aavesa.com\/hu\/wp-json\/wp\/v2\/product_cat?post=89883"},{"taxonomy":"product_tag","embeddable":true,"href":"https:\/\/aavesa.com\/hu\/wp-json\/wp\/v2\/product_tag?post=89883"}],"curies":[{"name":"wp","href":"https:\/\/api.w.org\/{rel}","templated":true}]}}